{"id":129,"date":"2017-01-17T09:23:47","date_gmt":"2017-01-17T07:23:47","guid":{"rendered":"https:\/\/ectallinn2018.ee\/festivalist\/"},"modified":"2018-01-23T16:55:54","modified_gmt":"2018-01-23T14:55:54","slug":"a-propos-du-festival","status":"publish","type":"page","link":"https:\/\/ectallinn2018.ee\/fr\/a-propos-du-festival\/","title":{"rendered":"\u00c0 propos du festival"},"content":{"rendered":"<p style=\"text-align: center;\"><strong>IL A Y 1 000,000 FA\u00c7ONS DE CHANTER<\/strong><\/p>\n<p style=\"text-align: center;\"><strong>VENEZ LES D\u00c9COUVRIR \u00c0 TALLINN<\/strong><\/p>\n<p style=\"text-align: center;\"><strong>EUROPA CANTAT XX<\/strong><br \/>\n<strong>27.07-05.08.2018 <\/strong><br \/>\n<strong>\u00e1 Tallinn, Estonie<\/strong><\/p>\n<p>EUROPA CANTAT est un festival choral international qui rassemble pour 10 jours plus de 3000 chanteurs, chefs de ch\u0153ur, compositeurs et managers venus de l\u2019Europe et au-del\u00e0. EUROPA CANTAT est vraiment un festival pour tout le monde!<\/p>\n<p><strong>Durant le festival vous pourrez:<\/strong><\/p>\n<ul>\n<li>Participer \u00e0 diff\u00e9rents ateliers pour ch\u0153urs et chanteurs d\u2019une dur\u00e9e de 4 \u00e0 8 jours, sous la direction de chefs renomm\u00e9s.<\/li>\n<li>Chanter \u00e0 votre aise grace aux groupes de niveaux d\u00e9butants, moyens ou avanc\u00e9s.<\/li>\n<li>D\u00e9couvrir chaque jour des styles et r\u00e9pertoires nouveaux.<\/li>\n<li>Chanter et \u00e9couter tous les genres vocaux&nbsp;: classique, folk, jazz, op\u00e9ra ou pop.<\/li>\n<li>Trouver de nouvelles sources d\u2019inspiration grace au programme pour les chefs et compositeurs.<\/li>\n<li>Vous former \u00e0 l\u2019organisation d\u2019\u00e9venements au cours du YEMP \u00ab&nbsp;Youth Event Management Programme&nbsp;\u00bb<\/li>\n<li>Partager le chant commun tous les jours avec l\u2019ensemble des participants et spectateurs<\/li>\n<li>Chanter en famille, c\u2019est possible&nbsp;: garderie et ateliers enfants<\/li>\n<li>D\u00e9couvrir le patrimoine culturel de Tallinn et de l\u2019Estonie.<\/li>\n<li>Bien s\u00fbr rencontrer des ch\u0153urs et chanteurs venus des quatre de la plan\u00e8te<\/li>\n<\/ul>\n<p><strong>Le programme pour les chefs et compositeurs<\/strong> proposera des seminaires, sessions de lecture, ateliers, tables-rondes et pr\u00e9sentations de compositeurs.<\/p>\n<p><strong>Tout le monde<\/strong> est invit\u00e9 \u00e0 participer aux s\u00e9ances de chant ouvert, avec un r\u00e9pertoire adapt\u00e9, international et variant les styles et langages.<\/p>\n<p>Vous pourrez \u00e9galement visiter la <strong>MUSIC EXPO<\/strong> qui rassemble les \u00e9diteurs et organisateurs de festivals internationaux pour vous pr\u00e9senter leurs offres.<\/p>\n<p style=\"text-align: center;\"><strong>Vous pouvez trouver le programme en anglais <a href=\"https:\/\/ectallinn2018.ee\/programme\/\">ici<br \/>\n<\/a>Vous pouvez trouver des informations pratiques sur le festival dans notre brochure.<br \/>\n<\/strong><strong>Vous pouvez la t\u00e9l\u00e9charger <a href=\"https:\/\/issuu.com\/ectallinn2018\/docs\/booklet_europa_cantat_xx_tallinn\/52\">ici<\/a><br \/>\n<\/strong> <strong>Si vous avez des questions, n\u2019h\u00e9sitez pas \u00e0 nous contacter \u2013 <a href=\"mailto:info@ectallinn2018.ee\">info@ectallinn2018.ee<\/a><\/strong><\/p>\n","protected":false},"excerpt":{"rendered":"<p>IL A Y 1 000,000 FA\u00c7ONS DE CHANTER VENEZ LES D\u00c9COUVRIR \u00c0 TALLINN EUROPA CANTAT XX 27.07-05.08.2018 \u00e1 Tallinn, Estonie&#8230;<\/p>\n","protected":false},"author":1,"featured_media":0,"parent":0,"menu_order":20,"comment_status":"closed","ping_status":"closed","template":"","meta":{"_acf_changed":false,"ngg_post_thumbnail":0,"footnotes":"","_links_to":"","_links_to_target":""},"acf":[],"yoast_head":"<!-- This site is optimized with the Yoast SEO plugin v22.7 - https:\/\/yoast.com\/wordpress\/plugins\/seo\/ -->\n<title>\u00c0 propos du festival - EUROPA CANTAT XX TALLINN 2018<\/title>\n<meta name=\"robots\" content=\"index, follow, max-snippet:-1, max-image-preview:large, max-video-preview:-1\" \/>\n<link rel=\"canonical\" href=\"https:\/\/ectallinn2018.ee\/fr\/a-propos-du-festival\/\" \/>\n<meta property=\"og:locale\" content=\"fr_FR\" \/>\n<meta property=\"og:type\" content=\"article\" \/>\n<meta property=\"og:title\" content=\"\u00c0 propos du festival - EUROPA CANTAT XX TALLINN 2018\" \/>\n<meta property=\"og:description\" content=\"IL A Y 1 000,000 FA\u00c7ONS DE CHANTER VENEZ LES D\u00c9COUVRIR \u00c0 TALLINN EUROPA CANTAT XX 27.07-05.08.2018 \u00e1 Tallinn, Estonie...\" \/>\n<meta property=\"og:url\" content=\"https:\/\/ectallinn2018.ee\/fr\/a-propos-du-festival\/\" \/>\n<meta property=\"og:site_name\" content=\"EUROPA CANTAT XX TALLINN 2018\" \/>\n<meta property=\"article:modified_time\" content=\"2018-01-23T14:55:54+00:00\" \/>\n<meta name=\"twitter:card\" content=\"summary_large_image\" \/>\n<meta name=\"twitter:label1\" content=\"Dur\u00e9e de lecture estim\u00e9e\" \/>\n\t<meta name=\"twitter:data1\" content=\"2 minutes\" \/>\n<script type=\"application\/ld+json\" class=\"yoast-schema-graph\">{\"@context\":\"https:\/\/schema.org\",\"@graph\":[{\"@type\":\"WebPage\",\"@id\":\"https:\/\/ectallinn2018.ee\/fr\/a-propos-du-festival\/\",\"url\":\"https:\/\/ectallinn2018.ee\/fr\/a-propos-du-festival\/\",\"name\":\"\u00c0 propos du festival - EUROPA CANTAT XX TALLINN 2018\",\"isPartOf\":{\"@id\":\"https:\/\/ectallinn2018.ee\/#website\"},\"datePublished\":\"2017-01-17T07:23:47+00:00\",\"dateModified\":\"2018-01-23T14:55:54+00:00\",\"breadcrumb\":{\"@id\":\"https:\/\/ectallinn2018.ee\/fr\/a-propos-du-festival\/#breadcrumb\"},\"inLanguage\":\"fr-FR\",\"potentialAction\":[{\"@type\":\"ReadAction\",\"target\":[\"https:\/\/ectallinn2018.ee\/fr\/a-propos-du-festival\/\"]}]},{\"@type\":\"BreadcrumbList\",\"@id\":\"https:\/\/ectallinn2018.ee\/fr\/a-propos-du-festival\/#breadcrumb\",\"itemListElement\":[{\"@type\":\"ListItem\",\"position\":1,\"name\":\"Home\",\"item\":\"https:\/\/ectallinn2018.ee\/fr\/a-propos-du-festival\/\"},{\"@type\":\"ListItem\",\"position\":2,\"name\":\"\u00c0 propos du festival\"}]},{\"@type\":\"WebSite\",\"@id\":\"https:\/\/ectallinn2018.ee\/#website\",\"url\":\"https:\/\/ectallinn2018.ee\/\",\"name\":\"EUROPA CANTAT XX TALLINN 2018\",\"description\":\"\",\"potentialAction\":[{\"@type\":\"SearchAction\",\"target\":{\"@type\":\"EntryPoint\",\"urlTemplate\":\"https:\/\/ectallinn2018.ee\/?s={search_term_string}\"},\"query-input\":\"required name=search_term_string\"}],\"inLanguage\":\"fr-FR\"}]}<\/script>\n<!-- \/ Yoast SEO plugin. -->","yoast_head_json":{"title":"\u00c0 propos du festival - EUROPA CANTAT XX TALLINN 2018","robots":{"index":"index","follow":"follow","max-snippet":"max-snippet:-1","max-image-preview":"max-image-preview:large","max-video-preview":"max-video-preview:-1"},"canonical":"https:\/\/ectallinn2018.ee\/fr\/a-propos-du-festival\/","og_locale":"fr_FR","og_type":"article","og_title":"\u00c0 propos du festival - EUROPA CANTAT XX TALLINN 2018","og_description":"IL A Y 1 000,000 FA\u00c7ONS DE CHANTER VENEZ LES D\u00c9COUVRIR \u00c0 TALLINN EUROPA CANTAT XX 27.07-05.08.2018 \u00e1 Tallinn, Estonie...","og_url":"https:\/\/ectallinn2018.ee\/fr\/a-propos-du-festival\/","og_site_name":"EUROPA CANTAT XX TALLINN 2018","article_modified_time":"2018-01-23T14:55:54+00:00","twitter_card":"summary_large_image","twitter_misc":{"Dur\u00e9e de lecture estim\u00e9e":"2 minutes"},"schema":{"@context":"https:\/\/schema.org","@graph":[{"@type":"WebPage","@id":"https:\/\/ectallinn2018.ee\/fr\/a-propos-du-festival\/","url":"https:\/\/ectallinn2018.ee\/fr\/a-propos-du-festival\/","name":"\u00c0 propos du festival - EUROPA CANTAT XX TALLINN 2018","isPartOf":{"@id":"https:\/\/ectallinn2018.ee\/#website"},"datePublished":"2017-01-17T07:23:47+00:00","dateModified":"2018-01-23T14:55:54+00:00","breadcrumb":{"@id":"https:\/\/ectallinn2018.ee\/fr\/a-propos-du-festival\/#breadcrumb"},"inLanguage":"fr-FR","potentialAction":[{"@type":"ReadAction","target":["https:\/\/ectallinn2018.ee\/fr\/a-propos-du-festival\/"]}]},{"@type":"BreadcrumbList","@id":"https:\/\/ectallinn2018.ee\/fr\/a-propos-du-festival\/#breadcrumb","itemListElement":[{"@type":"ListItem","position":1,"name":"Home","item":"https:\/\/ectallinn2018.ee\/fr\/a-propos-du-festival\/"},{"@type":"ListItem","position":2,"name":"\u00c0 propos du festival"}]},{"@type":"WebSite","@id":"https:\/\/ectallinn2018.ee\/#website","url":"https:\/\/ectallinn2018.ee\/","name":"EUROPA CANTAT XX TALLINN 2018","description":"","potentialAction":[{"@type":"SearchAction","target":{"@type":"EntryPoint","urlTemplate":"https:\/\/ectallinn2018.ee\/?s={search_term_string}"},"query-input":"required name=search_term_string"}],"inLanguage":"fr-FR"}]}},"_links":{"self":[{"href":"https:\/\/ectallinn2018.ee\/fr\/wp-json\/wp\/v2\/pages\/129"}],"collection":[{"href":"https:\/\/ectallinn2018.ee\/fr\/wp-json\/wp\/v2\/pages"}],"about":[{"href":"https:\/\/ectallinn2018.ee\/fr\/wp-json\/wp\/v2\/types\/page"}],"author":[{"embeddable":true,"href":"https:\/\/ectallinn2018.ee\/fr\/wp-json\/wp\/v2\/users\/1"}],"replies":[{"embeddable":true,"href":"https:\/\/ectallinn2018.ee\/fr\/wp-json\/wp\/v2\/comments?post=129"}],"version-history":[{"count":0,"href":"https:\/\/ectallinn2018.ee\/fr\/wp-json\/wp\/v2\/pages\/129\/revisions"}],"wp:attachment":[{"href":"https:\/\/ectallinn2018.ee\/fr\/wp-json\/wp\/v2\/media?parent=129"}],"curies":[{"name":"wp","href":"https:\/\/api.w.org\/{rel}","templated":true}]}}