{"id":79,"date":"2017-01-17T09:39:50","date_gmt":"2017-01-17T07:39:50","guid":{"rendered":"https:\/\/ectallinn2018.ee\/?page_id=79\/"},"modified":"2018-09-26T22:03:27","modified_gmt":"2018-09-26T19:03:27","slug":"meeskond","status":"publish","type":"page","link":"https:\/\/ectallinn2018.ee\/et\/meeskond\/","title":{"rendered":"Meeskond"},"content":{"rendered":"<h2>Peakorraldaja<\/h2>\n<p><strong>Kaie Tanner<\/strong><br \/>\n<a href=\"mailto:kaie.tanner@kooriyhing.ee\">kaie.tanner@kooriyhing.ee\u00a0<\/a><\/p>\n<p>&nbsp;<\/p>\n<h2>Muusikaosakond<\/h2>\n<p><strong>Kristiina Veerde<\/strong><br \/>\n<strong>Varje V\u00fcrst<\/strong><br \/>\n<a href=\"mailto:music@ectallinn2018.ee\">music@ectallinn2018.ee<br \/>\n<\/a><\/p>\n<p><strong>Katrin Puur<br \/>\n<\/strong><em>Kontserdid<\/em><br \/>\n<a href=\"mailto:concerts@ectallinn2018.ee\">concerts@ectallinn2018.ee\u00a0<\/a><\/p>\n<h2>Festivaliosakond<\/h2>\n<p><strong>Mare Zaneva<\/strong><strong><br \/>\n<\/strong><strong>Mathilde Sanchez<\/strong><br \/>\n<a href=\"mailto:info@ectallinn2018.ee\">info@ectallinn2018.ee<\/a><\/p>\n<p><strong>Gerttu<\/strong> <strong>Alteberg<\/strong><br \/>\n<em>Vabatahtlikud<\/em><br \/>\n<a href=\"mailto:volunteers@ectallinn2018.ee\">volunteers@ectallinn2018.ee<\/a><\/p>\n<h2>Protokolliosakond<\/h2>\n<p><strong>Aiki Koolmeister<\/strong><br \/>\n<a href=\"mailto:protocol@ectallinn2018.ee\">protocol@ectallinn2018.ee<\/a><\/p>\n<h2>\u00a0Kommunikatsioon ja press<\/h2>\n<p><strong>Kirke Ert<\/strong><br \/>\n<a href=\"mailto:press@ectallinn2018.ee\">press@ectallinn2018.ee<\/a><\/p>\n<p><strong>Monica Sasi<\/strong><br \/>\n<a href=\"mailto:protocol@ectallinn2018.ee\">communication@ectallinn2018.ee<\/a><\/p>\n<h2 style=\"text-align: center;\">Majutus<\/h2>\n<p style=\"text-align: center;\"><strong>Aime Mark (BaltoScandia Tours O\u00dc)<\/strong><br \/>\n<a href=\"mailto:info@baltoscandia.ee\">info@baltoscandia.ee\u00a0<\/a><\/p>\n<h2 style=\"text-align: center;\">Muusika EXPO<\/h2>\n<p style=\"text-align: center;\"><strong>Yvelin Karu<\/strong><br \/>\n<a href=\"mailto:info@baltoscandia.ee\">musicexpo@ectallinn2018.ee<\/a><\/p>\n<h2 style=\"text-align: center;\">Euroopa Koori\u00fchingu &#8211; Europa Cantati juhatus<\/h2>\n<p>G\u00e1bor M\u00f3cz\u00e1r (HU) \u2013 president<br \/>\nCarlo Pavese (IT)<br \/>\nJan Schumacher (DE)<br \/>\nDaphne Wassink (NL)<br \/>\nKonrad de Meulder (BE)<br \/>\nBurak Onur Erdem (TR)<br \/>\nMart\u00ed Ferrer (CAT-ES)<br \/>\nReijo Kekkonen (FI)<br \/>\nVictoria Liedbergius (NO)<br \/>\nLoti Piris Ni\u00f1o\u00a0(BE)<br \/>\nPatrick Secchiari (CH)<br \/>\nKaie Tanner (EE)<br \/>\nJean-Claude Wilkens (FR)<\/p>\n<h2 style=\"text-align: center;\">Festivali kunstin\u00f5ukogu<\/h2>\n<p>Jan Schumacher (DE)<br \/>\nMarleen Annemans (BE)<br \/>\nFilippo Maria Bressan (IT)<br \/>\nJim Daus Hjern\u00f8e\u00a0(DK)<br \/>\n\u00c1gnes Erd\u00e9lyi (HU)<br \/>\nCecilia Martin-L\u00f6f (SE)<br \/>\nBurak Onur Erdem (TR)<br \/>\nRaul Talmar (EE)<br \/>\nJean-Claude Wilkens (FR)<\/p>\n","protected":false},"excerpt":{"rendered":"<p>Peakorraldaja Kaie Tanner kaie.tanner@kooriyhing.ee\u00a0 &nbsp; Muusikaosakond Kristiina Veerde Varje V\u00fcrst music@ectallinn2018.ee Katrin Puur Kontserdid concerts@ectallinn2018.ee\u00a0 Festivaliosakond Mare Zaneva Mathilde Sanchez&#8230;<\/p>\n","protected":false},"author":1,"featured_media":0,"parent":0,"menu_order":40,"comment_status":"closed","ping_status":"closed","template":"","meta":{"_acf_changed":false,"ngg_post_thumbnail":0,"footnotes":"","_links_to":"","_links_to_target":""},"acf":[],"yoast_head":"<!-- This site is optimized with the Yoast SEO plugin v22.7 - https:\/\/yoast.com\/wordpress\/plugins\/seo\/ -->\n<title>Meeskond - EUROPA CANTAT XX TALLINN 2018<\/title>\n<meta name=\"robots\" content=\"index, follow, max-snippet:-1, max-image-preview:large, max-video-preview:-1\" \/>\n<link rel=\"canonical\" href=\"https:\/\/ectallinn2018.ee\/et\/meeskond\/\" \/>\n<meta property=\"og:locale\" content=\"et_EE\" \/>\n<meta property=\"og:type\" content=\"article\" \/>\n<meta property=\"og:title\" content=\"Meeskond - EUROPA CANTAT XX TALLINN 2018\" \/>\n<meta property=\"og:description\" content=\"Peakorraldaja Kaie Tanner kaie.tanner@kooriyhing.ee\u00a0 &nbsp; Muusikaosakond Kristiina Veerde Varje V\u00fcrst music@ectallinn2018.ee Katrin Puur Kontserdid concerts@ectallinn2018.ee\u00a0 Festivaliosakond Mare Zaneva Mathilde Sanchez...\" \/>\n<meta property=\"og:url\" content=\"https:\/\/ectallinn2018.ee\/et\/meeskond\/\" \/>\n<meta property=\"og:site_name\" content=\"EUROPA CANTAT XX TALLINN 2018\" \/>\n<meta property=\"article:modified_time\" content=\"2018-09-26T19:03:27+00:00\" \/>\n<meta name=\"twitter:card\" content=\"summary_large_image\" \/>\n<meta name=\"twitter:label1\" content=\"Est. reading time\" \/>\n\t<meta name=\"twitter:data1\" content=\"1 minut\" \/>\n<script type=\"application\/ld+json\" class=\"yoast-schema-graph\">{\"@context\":\"https:\/\/schema.org\",\"@graph\":[{\"@type\":\"WebPage\",\"@id\":\"https:\/\/ectallinn2018.ee\/et\/meeskond\/\",\"url\":\"https:\/\/ectallinn2018.ee\/et\/meeskond\/\",\"name\":\"Meeskond - EUROPA CANTAT XX TALLINN 2018\",\"isPartOf\":{\"@id\":\"https:\/\/ectallinn2018.ee\/#website\"},\"datePublished\":\"2017-01-17T07:39:50+00:00\",\"dateModified\":\"2018-09-26T19:03:27+00:00\",\"breadcrumb\":{\"@id\":\"https:\/\/ectallinn2018.ee\/et\/meeskond\/#breadcrumb\"},\"inLanguage\":\"et\",\"potentialAction\":[{\"@type\":\"ReadAction\",\"target\":[\"https:\/\/ectallinn2018.ee\/et\/meeskond\/\"]}]},{\"@type\":\"BreadcrumbList\",\"@id\":\"https:\/\/ectallinn2018.ee\/et\/meeskond\/#breadcrumb\",\"itemListElement\":[{\"@type\":\"ListItem\",\"position\":1,\"name\":\"Home\",\"item\":\"https:\/\/ectallinn2018.ee\/et\/\"},{\"@type\":\"ListItem\",\"position\":2,\"name\":\"Meeskond\"}]},{\"@type\":\"WebSite\",\"@id\":\"https:\/\/ectallinn2018.ee\/#website\",\"url\":\"https:\/\/ectallinn2018.ee\/\",\"name\":\"EUROPA CANTAT XX TALLINN 2018\",\"description\":\"\",\"potentialAction\":[{\"@type\":\"SearchAction\",\"target\":{\"@type\":\"EntryPoint\",\"urlTemplate\":\"https:\/\/ectallinn2018.ee\/?s={search_term_string}\"},\"query-input\":\"required name=search_term_string\"}],\"inLanguage\":\"et\"}]}<\/script>\n<!-- \/ Yoast SEO plugin. -->","yoast_head_json":{"title":"Meeskond - EUROPA CANTAT XX TALLINN 2018","robots":{"index":"index","follow":"follow","max-snippet":"max-snippet:-1","max-image-preview":"max-image-preview:large","max-video-preview":"max-video-preview:-1"},"canonical":"https:\/\/ectallinn2018.ee\/et\/meeskond\/","og_locale":"et_EE","og_type":"article","og_title":"Meeskond - EUROPA CANTAT XX TALLINN 2018","og_description":"Peakorraldaja Kaie Tanner kaie.tanner@kooriyhing.ee\u00a0 &nbsp; Muusikaosakond Kristiina Veerde Varje V\u00fcrst music@ectallinn2018.ee Katrin Puur Kontserdid concerts@ectallinn2018.ee\u00a0 Festivaliosakond Mare Zaneva Mathilde Sanchez...","og_url":"https:\/\/ectallinn2018.ee\/et\/meeskond\/","og_site_name":"EUROPA CANTAT XX TALLINN 2018","article_modified_time":"2018-09-26T19:03:27+00:00","twitter_card":"summary_large_image","twitter_misc":{"Est. reading time":"1 minut"},"schema":{"@context":"https:\/\/schema.org","@graph":[{"@type":"WebPage","@id":"https:\/\/ectallinn2018.ee\/et\/meeskond\/","url":"https:\/\/ectallinn2018.ee\/et\/meeskond\/","name":"Meeskond - EUROPA CANTAT XX TALLINN 2018","isPartOf":{"@id":"https:\/\/ectallinn2018.ee\/#website"},"datePublished":"2017-01-17T07:39:50+00:00","dateModified":"2018-09-26T19:03:27+00:00","breadcrumb":{"@id":"https:\/\/ectallinn2018.ee\/et\/meeskond\/#breadcrumb"},"inLanguage":"et","potentialAction":[{"@type":"ReadAction","target":["https:\/\/ectallinn2018.ee\/et\/meeskond\/"]}]},{"@type":"BreadcrumbList","@id":"https:\/\/ectallinn2018.ee\/et\/meeskond\/#breadcrumb","itemListElement":[{"@type":"ListItem","position":1,"name":"Home","item":"https:\/\/ectallinn2018.ee\/et\/"},{"@type":"ListItem","position":2,"name":"Meeskond"}]},{"@type":"WebSite","@id":"https:\/\/ectallinn2018.ee\/#website","url":"https:\/\/ectallinn2018.ee\/","name":"EUROPA CANTAT XX TALLINN 2018","description":"","potentialAction":[{"@type":"SearchAction","target":{"@type":"EntryPoint","urlTemplate":"https:\/\/ectallinn2018.ee\/?s={search_term_string}"},"query-input":"required name=search_term_string"}],"inLanguage":"et"}]}},"_links":{"self":[{"href":"https:\/\/ectallinn2018.ee\/et\/wp-json\/wp\/v2\/pages\/79"}],"collection":[{"href":"https:\/\/ectallinn2018.ee\/et\/wp-json\/wp\/v2\/pages"}],"about":[{"href":"https:\/\/ectallinn2018.ee\/et\/wp-json\/wp\/v2\/types\/page"}],"author":[{"embeddable":true,"href":"https:\/\/ectallinn2018.ee\/et\/wp-json\/wp\/v2\/users\/1"}],"replies":[{"embeddable":true,"href":"https:\/\/ectallinn2018.ee\/et\/wp-json\/wp\/v2\/comments?post=79"}],"version-history":[{"count":0,"href":"https:\/\/ectallinn2018.ee\/et\/wp-json\/wp\/v2\/pages\/79\/revisions"}],"wp:attachment":[{"href":"https:\/\/ectallinn2018.ee\/et\/wp-json\/wp\/v2\/media?parent=79"}],"curies":[{"name":"wp","href":"https:\/\/api.w.org\/{rel}","templated":true}]}}