{"id":783,"date":"2018-04-26T14:19:01","date_gmt":"2018-04-26T11:19:01","guid":{"rendered":"https:\/\/ectallinn2018.ee\/?page_id=783"},"modified":"2018-06-27T08:57:31","modified_gmt":"2018-06-27T05:57:31","slug":"festivaliprogrammist-luhidalt","status":"publish","type":"page","link":"https:\/\/ectallinn2018.ee\/et\/festivaliprogrammist-luhidalt\/","title":{"rendered":"Festivaliprogrammist l\u00fchidalt"},"content":{"rendered":"<table border=\"0\" cellspacing=\"0\">\n<tbody>\n<tr>\n<td align=\"LEFT\"><strong>Kuup\u00e4ev<\/strong><\/td>\n<td align=\"LEFT\"><strong>Hommik<\/strong><\/td>\n<td align=\"LEFT\"><strong>P\u00e4rastl\u00f5una<\/strong><\/td>\n<td align=\"LEFT\"><strong>\u00d5htu<\/strong><\/td>\n<\/tr>\n<tr>\n<td align=\"left\">Reede<br \/>\n<strong>27. juuli<\/strong><\/td>\n<td align=\"LEFT\"><\/td>\n<td align=\"LEFT\"><\/td>\n<td align=\"LEFT\">Saabumine, registreerumine, majutus<\/td>\n<\/tr>\n<tr>\n<td align=\"LEFT\">Laup\u00e4ev<br \/>\n<strong>28. juuli<\/strong><\/td>\n<td align=\"LEFT\">09:30-12:30 ateljeede proovid, heliloojate ja dirigentide programm, avastusateljeed<\/td>\n<td align=\"LEFT\">13:00-14.30 l\u00f5unas\u00f6\u00f6k<br \/>\n14:00-14:30 avatud \u00fchislaulmine<br \/>\n15:00-17:45 osalevate kooride kontserdid<br \/>\n18:00-18:45 \u00fchislaulmine osalejatele<br \/>\n18:30-20:00 \u00f5htus\u00f6\u00f6k<\/td>\n<td align=\"LEFT\">20:00 avatseremoonia Vabaduse V\u00e4ljakul<br \/>\n22:00 \u00f6\u00f6kontsert Jaani kirikus<\/td>\n<\/tr>\n<tr>\n<td align=\"left\">P\u00fchap\u00e4ev<br \/>\n<strong>29. juuli <\/strong><\/td>\n<td align=\"LEFT\">09:30-12:30 ateljeede proovid, heliloojate ja dirigentide programm, avastusateljeed<\/td>\n<td align=\"LEFT\">13:00- 14:30 l\u00f5unas\u00f6\u00f6k<br \/>\n14:00-14:30 avatud \u00fchislaulmine<br \/>\n15:00-17:45 osalevate kooride kontserdid<br \/>\n18:00-18:45 \u00fchislaulmine osalejatele<br \/>\n18:30-20:00 \u00f5htus\u00f6\u00f6k<\/td>\n<td align=\"LEFT\">20:00 kontserdid<\/td>\n<\/tr>\n<tr>\n<td align=\"left\">Esmasp\u00e4ev<br \/>\n<strong>30. juuli<\/strong><\/td>\n<td align=\"LEFT\">09:30-12:30 ateljeede proovid, heliloojate ja dirigentide programm, avastusateljeed<\/td>\n<td align=\"LEFT\">13:00-14:30 l\u00f5unas\u00f6\u00f6k<br \/>\n14:00-14:30 avatud \u00fchislaulmine<br \/>\n15:00-17:45 osalevate kooride kontserdid<br \/>\n18:00-18:45 \u00fchislaulmine osalejatele<br \/>\n18:30-20:00 \u00f5htus\u00f6\u00f6k<\/td>\n<td align=\"LEFT\">20:00 Koori\u00d6\u00d6 Vanalinnas<br \/>\n22:00 \u00f6\u00f6kontsert Niguliste kirikus<\/td>\n<\/tr>\n<tr>\n<td align=\"LEFT\">Teisip\u00e4ev 3<br \/>\n<strong>1. juuli<\/strong><\/td>\n<td align=\"LEFT\">09:30-12:30 ateljeede proovid, heliloojate ja dirigentide programm, avastusateljeed<\/td>\n<td align=\"LEFT\">13:00-14:30 l\u00f5unas\u00f6\u00f6k<br \/>\n14:00-14:30 avalik \u00fchislaulmine<br \/>\n15:00-17:45 4-p\u00e4evaste atejeede l\u00f5ppkontserdid<br \/>\n18:00-18:45 \u00fchislaulmine osalejatele<br \/>\n18:30-20:00 \u00f5htus\u00f6\u00f6k<\/td>\n<td align=\"LEFT\">20:00 kontserdid<br \/>\n22:00 \u00f6\u00f6kontsert<\/td>\n<\/tr>\n<tr>\n<td align=\"LEFT\">Kolmap\u00e4ev<br \/>\n<strong>1. august<\/strong><\/td>\n<td align=\"LEFT\">09:30-12:30 ateljeede proovid, heliloojate ja dirigentide programm, avastusateljeed<\/td>\n<td align=\"LEFT\">13:00-14:30 l\u00f5unas\u00f6\u00f6k<br \/>\n14:00-14:30 avalik \u00fchislaulmine<br \/>\n15:00-17:45 5-p\u00e4evaste atejeede l\u00f5ppkontserdid<br \/>\n18:00-18:45 \u00fchislaulmine osalejatele<br \/>\n18:30-20:00 \u00f5htus\u00f6\u00f6k<\/td>\n<td align=\"LEFT\">20:00 kontserdid ja promenaadikontsert Kultuurikatlas<\/td>\n<\/tr>\n<tr>\n<td align=\"left\">Neljap\u00e4ev<br \/>\n<strong>2. august<\/strong><\/td>\n<td align=\"LEFT\">09:30-12:30 ateljeede proovid, heliloojate ja dirigentide programm, avastusateljeed<\/td>\n<td align=\"LEFT\">13:00-14:30 l\u00f5unas\u00f6\u00f6k<br \/>\n14:00-14:30 avalik \u00fchislaulmine<br \/>\n15:00-17:45 6-p\u00e4evaste atejeede l\u00f5ppkontserdid<br \/>\n18:00-18:45 \u00fchislaulmine osalejatele<br \/>\n18:30-20:00 \u00f5htus\u00f6\u00f6k<\/td>\n<td align=\"LEFT\">20:00 kontserdid<\/td>\n<\/tr>\n<tr>\n<td align=\"left\">Reede<br \/>\n<strong>3. august<\/strong><\/td>\n<td align=\"LEFT\">09:30-12:30 ateljeede proovid, heliloojate ja dirigentide programm, avastusateljeed<\/td>\n<td align=\"LEFT\">13:00 l\u00f5unas\u00f6\u00f6k<br \/>\nJuubelikontserdi proovid Lauluv\u00e4ljakul<br \/>\npiknik<\/td>\n<td align=\"LEFT\">19:00 Kontsert \u201ePalju \u00f5nne, Eesti!\u201c ja 7-p\u00e4evase ateljee l\u00f5ppkontsert Lauluv\u00e4ljakul<\/td>\n<\/tr>\n<tr>\n<td align=\"left\">Laup\u00e4ev<br \/>\n<strong>4. august<\/strong><\/td>\n<td align=\"LEFT\">09:30-12:30 ateljeede proovid, heliloojate ja dirigentide programm, avastusateljeed<\/td>\n<td align=\"LEFT\">13:00-14:30 l\u00f5unas\u00f6\u00f6k<br \/>\n14:00-14:30 avalik \u00fchislaulmine<br \/>\n16:30-17:45 8-p\u00e4evaste atejeede l\u00f5ppkontserdid<br \/>\n18:00-18:45 \u00fchislaulmine osalejatele<br \/>\n18:30-20:00 \u00f5htus\u00f6\u00f6k<\/td>\n<td align=\"LEFT\">20:00 8-p\u00e4evaste ateljeede l\u00f5ppkontserdid<br \/>\n22:00 L\u00f5pupidu<\/td>\n<\/tr>\n<tr>\n<td align=\"LEFT\">P\u00fchap\u00e4ev<br \/>\n<strong>5. august<\/strong><\/td>\n<td align=\"LEFT\">Lahkumine<\/td>\n<td align=\"LEFT\"><\/td>\n<td align=\"LEFT\"><\/td>\n<\/tr>\n<\/tbody>\n<\/table>\n<p><strong>*Programmis v\u00f5ib ette tulla muutusi<\/strong><\/p>\n","protected":false},"excerpt":{"rendered":"<p>Kuup\u00e4ev Hommik P\u00e4rastl\u00f5una \u00d5htu Reede 27. juuli Saabumine, registreerumine, majutus Laup\u00e4ev 28. juuli 09:30-12:30 ateljeede proovid, heliloojate ja dirigentide programm,&#8230;<\/p>\n","protected":false},"author":1,"featured_media":0,"parent":0,"menu_order":0,"comment_status":"closed","ping_status":"closed","template":"","meta":{"_acf_changed":false,"ngg_post_thumbnail":0,"footnotes":"","_links_to":"","_links_to_target":""},"acf":[],"yoast_head":"<!-- This site is optimized with the Yoast SEO plugin v22.7 - https:\/\/yoast.com\/wordpress\/plugins\/seo\/ -->\n<title>Festivaliprogrammist l\u00fchidalt - EUROPA CANTAT XX TALLINN 2018<\/title>\n<meta name=\"robots\" content=\"index, follow, max-snippet:-1, max-image-preview:large, max-video-preview:-1\" \/>\n<link rel=\"canonical\" href=\"https:\/\/ectallinn2018.ee\/et\/festivaliprogrammist-luhidalt\/\" \/>\n<meta property=\"og:locale\" content=\"et_EE\" \/>\n<meta property=\"og:type\" content=\"article\" \/>\n<meta property=\"og:title\" content=\"Festivaliprogrammist l\u00fchidalt - EUROPA CANTAT XX TALLINN 2018\" \/>\n<meta property=\"og:description\" content=\"Kuup\u00e4ev Hommik P\u00e4rastl\u00f5una \u00d5htu Reede 27. juuli Saabumine, registreerumine, majutus Laup\u00e4ev 28. juuli 09:30-12:30 ateljeede proovid, heliloojate ja dirigentide programm,...\" \/>\n<meta property=\"og:url\" content=\"https:\/\/ectallinn2018.ee\/et\/festivaliprogrammist-luhidalt\/\" \/>\n<meta property=\"og:site_name\" content=\"EUROPA CANTAT XX TALLINN 2018\" \/>\n<meta property=\"article:modified_time\" content=\"2018-06-27T05:57:31+00:00\" \/>\n<meta name=\"twitter:card\" content=\"summary_large_image\" \/>\n<meta name=\"twitter:label1\" content=\"Est. reading time\" \/>\n\t<meta name=\"twitter:data1\" content=\"1 minut\" \/>\n<script type=\"application\/ld+json\" class=\"yoast-schema-graph\">{\"@context\":\"https:\/\/schema.org\",\"@graph\":[{\"@type\":\"WebPage\",\"@id\":\"https:\/\/ectallinn2018.ee\/et\/festivaliprogrammist-luhidalt\/\",\"url\":\"https:\/\/ectallinn2018.ee\/et\/festivaliprogrammist-luhidalt\/\",\"name\":\"Festivaliprogrammist l\u00fchidalt - EUROPA CANTAT XX TALLINN 2018\",\"isPartOf\":{\"@id\":\"https:\/\/ectallinn2018.ee\/#website\"},\"datePublished\":\"2018-04-26T11:19:01+00:00\",\"dateModified\":\"2018-06-27T05:57:31+00:00\",\"breadcrumb\":{\"@id\":\"https:\/\/ectallinn2018.ee\/et\/festivaliprogrammist-luhidalt\/#breadcrumb\"},\"inLanguage\":\"et\",\"potentialAction\":[{\"@type\":\"ReadAction\",\"target\":[\"https:\/\/ectallinn2018.ee\/et\/festivaliprogrammist-luhidalt\/\"]}]},{\"@type\":\"BreadcrumbList\",\"@id\":\"https:\/\/ectallinn2018.ee\/et\/festivaliprogrammist-luhidalt\/#breadcrumb\",\"itemListElement\":[{\"@type\":\"ListItem\",\"position\":1,\"name\":\"Home\",\"item\":\"https:\/\/ectallinn2018.ee\/et\/\"},{\"@type\":\"ListItem\",\"position\":2,\"name\":\"Festivaliprogrammist l\u00fchidalt\"}]},{\"@type\":\"WebSite\",\"@id\":\"https:\/\/ectallinn2018.ee\/#website\",\"url\":\"https:\/\/ectallinn2018.ee\/\",\"name\":\"EUROPA CANTAT XX TALLINN 2018\",\"description\":\"\",\"potentialAction\":[{\"@type\":\"SearchAction\",\"target\":{\"@type\":\"EntryPoint\",\"urlTemplate\":\"https:\/\/ectallinn2018.ee\/?s={search_term_string}\"},\"query-input\":\"required name=search_term_string\"}],\"inLanguage\":\"et\"}]}<\/script>\n<!-- \/ Yoast SEO plugin. -->","yoast_head_json":{"title":"Festivaliprogrammist l\u00fchidalt - EUROPA CANTAT XX TALLINN 2018","robots":{"index":"index","follow":"follow","max-snippet":"max-snippet:-1","max-image-preview":"max-image-preview:large","max-video-preview":"max-video-preview:-1"},"canonical":"https:\/\/ectallinn2018.ee\/et\/festivaliprogrammist-luhidalt\/","og_locale":"et_EE","og_type":"article","og_title":"Festivaliprogrammist l\u00fchidalt - EUROPA CANTAT XX TALLINN 2018","og_description":"Kuup\u00e4ev Hommik P\u00e4rastl\u00f5una \u00d5htu Reede 27. juuli Saabumine, registreerumine, majutus Laup\u00e4ev 28. juuli 09:30-12:30 ateljeede proovid, heliloojate ja dirigentide programm,...","og_url":"https:\/\/ectallinn2018.ee\/et\/festivaliprogrammist-luhidalt\/","og_site_name":"EUROPA CANTAT XX TALLINN 2018","article_modified_time":"2018-06-27T05:57:31+00:00","twitter_card":"summary_large_image","twitter_misc":{"Est. reading time":"1 minut"},"schema":{"@context":"https:\/\/schema.org","@graph":[{"@type":"WebPage","@id":"https:\/\/ectallinn2018.ee\/et\/festivaliprogrammist-luhidalt\/","url":"https:\/\/ectallinn2018.ee\/et\/festivaliprogrammist-luhidalt\/","name":"Festivaliprogrammist l\u00fchidalt - EUROPA CANTAT XX TALLINN 2018","isPartOf":{"@id":"https:\/\/ectallinn2018.ee\/#website"},"datePublished":"2018-04-26T11:19:01+00:00","dateModified":"2018-06-27T05:57:31+00:00","breadcrumb":{"@id":"https:\/\/ectallinn2018.ee\/et\/festivaliprogrammist-luhidalt\/#breadcrumb"},"inLanguage":"et","potentialAction":[{"@type":"ReadAction","target":["https:\/\/ectallinn2018.ee\/et\/festivaliprogrammist-luhidalt\/"]}]},{"@type":"BreadcrumbList","@id":"https:\/\/ectallinn2018.ee\/et\/festivaliprogrammist-luhidalt\/#breadcrumb","itemListElement":[{"@type":"ListItem","position":1,"name":"Home","item":"https:\/\/ectallinn2018.ee\/et\/"},{"@type":"ListItem","position":2,"name":"Festivaliprogrammist l\u00fchidalt"}]},{"@type":"WebSite","@id":"https:\/\/ectallinn2018.ee\/#website","url":"https:\/\/ectallinn2018.ee\/","name":"EUROPA CANTAT XX TALLINN 2018","description":"","potentialAction":[{"@type":"SearchAction","target":{"@type":"EntryPoint","urlTemplate":"https:\/\/ectallinn2018.ee\/?s={search_term_string}"},"query-input":"required name=search_term_string"}],"inLanguage":"et"}]}},"_links":{"self":[{"href":"https:\/\/ectallinn2018.ee\/et\/wp-json\/wp\/v2\/pages\/783"}],"collection":[{"href":"https:\/\/ectallinn2018.ee\/et\/wp-json\/wp\/v2\/pages"}],"about":[{"href":"https:\/\/ectallinn2018.ee\/et\/wp-json\/wp\/v2\/types\/page"}],"author":[{"embeddable":true,"href":"https:\/\/ectallinn2018.ee\/et\/wp-json\/wp\/v2\/users\/1"}],"replies":[{"embeddable":true,"href":"https:\/\/ectallinn2018.ee\/et\/wp-json\/wp\/v2\/comments?post=783"}],"version-history":[{"count":0,"href":"https:\/\/ectallinn2018.ee\/et\/wp-json\/wp\/v2\/pages\/783\/revisions"}],"wp:attachment":[{"href":"https:\/\/ectallinn2018.ee\/et\/wp-json\/wp\/v2\/media?parent=783"}],"curies":[{"name":"wp","href":"https:\/\/api.w.org\/{rel}","templated":true}]}}