{"id":718,"date":"2018-01-19T12:14:00","date_gmt":"2018-01-19T10:14:00","guid":{"rendered":"https:\/\/ectallinn2018.ee\/?page_id=718"},"modified":"2018-07-17T17:02:37","modified_gmt":"2018-07-17T14:02:37","slug":"heliloojate-esitlus","status":"publish","type":"page","link":"https:\/\/ectallinn2018.ee\/et\/heliloojate-esitlus\/","title":{"rendered":"Heliloojate esitlus"},"content":{"rendered":"<p><strong>EUROPA CANTAT festival soovib avastada uut koorimuusikat ning \u00fcheks viisiks (peale Euroopa heliloojate uudisteoste tellimisele) on heliloojate l\u00fchiesitlused &#8211; v\u00f5imalus noortele ja uutele heliloojatele tutvustada oma muusikat dirigentidele, kes osalevad festivalil.\u00a0<\/strong><\/p>\n<p>Kandideerivatel heliloojatel on v\u00f5imalus esitleda oma muusikat 10-minutilisel showcase-ettekandel dirigentidele, kirjastajatele, kultuurikorraldajatele ja teistele heliloojatele, mis toimub iga festivalip\u00e4eva hommikul dirigentide ja heliloojate programmi hommikusessiooni raames.<\/p>\n<p>Lisaks on heliloojatel v\u00f5imalus osaleda erinevates t\u00f6\u00f6tubades <a href=\"https:\/\/ectallinn2018.ee\/et\/programm\/dirigentide-ja-heliloojate-programm\/\">dirigentide ja heliloojate programmi<\/a> raames ning kohtuda heliloojatega dirigentide ja heliloojate kohvikus, kus on ka v\u00f5imalus jagada tasuta materjali. Samuti on v\u00f5imalik suhelda festivali <a href=\"https:\/\/ectallinn2018.ee\/et\/music-expo\/\">muusika-EXPO<\/a>l olevate kirjastajatega ning k\u00fcsida oma noote m\u00fc\u00fcmise v\u00f5imaluse kohta EXPOl.<\/p>\n<p>\t\t\t\t<img loading=\"lazy\" decoding=\"async\" src=\"https:\/\/ectallinn2018.ee\/wp-content\/uploads\/2018\/01\/dayne-topkin-60559.jpg\" alt=\"Photo by Dayne Topkin on Unsplash\" itemprop=\"image\" height=\"3456\" width=\"5184\"  \/><\/p>\n<p>Valitud heliloojad on:<\/p>\n<p><strong>Jakub Neske (Poola)<br \/>\nStephan Nicolay (Prantsusmaa)<br \/>\nUr\u0161ula Ja\u0161ovec (Sloveenia)<br \/>\nFortunat Fr\u00f6lich (\u0160veits)<br \/>\nFranco Prinsloo\u00a0(L\u00f5una-Aafrika Vabariik)<br \/>\n<\/strong><strong>Pieter Bezuidenhout (L\u00f5una-Aafrika Vabariik)<br \/>\nMonika Sokaite (Leedu)<br \/>\nSander Sokk (Eesti)<\/strong><\/p>\n","protected":false},"excerpt":{"rendered":"<p>EUROPA CANTAT festival soovib avastada uut koorimuusikat ning \u00fcheks viisiks (peale Euroopa heliloojate uudisteoste tellimisele) on heliloojate l\u00fchiesitlused &#8211; v\u00f5imalus&#8230;<\/p>\n","protected":false},"author":1,"featured_media":0,"parent":0,"menu_order":0,"comment_status":"closed","ping_status":"closed","template":"","meta":{"_acf_changed":false,"ngg_post_thumbnail":0,"footnotes":"","_links_to":"","_links_to_target":""},"acf":[],"yoast_head":"<!-- This site is optimized with the Yoast SEO plugin v22.7 - https:\/\/yoast.com\/wordpress\/plugins\/seo\/ -->\n<title>Heliloojate esitlus - EUROPA CANTAT XX TALLINN 2018<\/title>\n<meta name=\"robots\" content=\"index, follow, max-snippet:-1, max-image-preview:large, max-video-preview:-1\" \/>\n<link rel=\"canonical\" href=\"https:\/\/ectallinn2018.ee\/composers-showcase\/\" \/>\n<meta property=\"og:locale\" content=\"et_EE\" \/>\n<meta property=\"og:type\" content=\"article\" \/>\n<meta property=\"og:title\" content=\"Heliloojate esitlus - EUROPA CANTAT XX TALLINN 2018\" \/>\n<meta property=\"og:description\" content=\"EUROPA CANTAT festival soovib avastada uut koorimuusikat ning \u00fcheks viisiks (peale Euroopa heliloojate uudisteoste tellimisele) on heliloojate l\u00fchiesitlused &#8211; v\u00f5imalus...\" \/>\n<meta property=\"og:url\" content=\"https:\/\/ectallinn2018.ee\/composers-showcase\/\" \/>\n<meta property=\"og:site_name\" content=\"EUROPA CANTAT XX TALLINN 2018\" \/>\n<meta property=\"article:modified_time\" content=\"2018-07-17T14:02:37+00:00\" \/>\n<meta property=\"og:image\" content=\"https:\/\/ectallinn2018.ee\/wp-content\/uploads\/2018\/01\/dayne-topkin-60559.jpg\" \/>\n<meta name=\"twitter:card\" content=\"summary_large_image\" \/>\n<meta name=\"twitter:label1\" content=\"Est. reading time\" \/>\n\t<meta name=\"twitter:data1\" content=\"1 minut\" \/>\n<script type=\"application\/ld+json\" class=\"yoast-schema-graph\">{\"@context\":\"https:\/\/schema.org\",\"@graph\":[{\"@type\":\"WebPage\",\"@id\":\"https:\/\/ectallinn2018.ee\/composers-showcase\/\",\"url\":\"https:\/\/ectallinn2018.ee\/composers-showcase\/\",\"name\":\"Heliloojate esitlus - EUROPA CANTAT XX TALLINN 2018\",\"isPartOf\":{\"@id\":\"https:\/\/ectallinn2018.ee\/#website\"},\"primaryImageOfPage\":{\"@id\":\"https:\/\/ectallinn2018.ee\/composers-showcase\/#primaryimage\"},\"image\":{\"@id\":\"https:\/\/ectallinn2018.ee\/composers-showcase\/#primaryimage\"},\"thumbnailUrl\":\"https:\/\/ectallinn2018.ee\/wp-content\/uploads\/2018\/01\/dayne-topkin-60559.jpg\",\"datePublished\":\"2018-01-19T10:14:00+00:00\",\"dateModified\":\"2018-07-17T14:02:37+00:00\",\"breadcrumb\":{\"@id\":\"https:\/\/ectallinn2018.ee\/composers-showcase\/#breadcrumb\"},\"inLanguage\":\"et\",\"potentialAction\":[{\"@type\":\"ReadAction\",\"target\":[\"https:\/\/ectallinn2018.ee\/composers-showcase\/\"]}]},{\"@type\":\"ImageObject\",\"inLanguage\":\"et\",\"@id\":\"https:\/\/ectallinn2018.ee\/composers-showcase\/#primaryimage\",\"url\":\"https:\/\/ectallinn2018.ee\/wp-content\/uploads\/2018\/01\/dayne-topkin-60559.jpg\",\"contentUrl\":\"https:\/\/ectallinn2018.ee\/wp-content\/uploads\/2018\/01\/dayne-topkin-60559.jpg\"},{\"@type\":\"BreadcrumbList\",\"@id\":\"https:\/\/ectallinn2018.ee\/composers-showcase\/#breadcrumb\",\"itemListElement\":[{\"@type\":\"ListItem\",\"position\":1,\"name\":\"Home\",\"item\":\"https:\/\/ectallinn2018.ee\/et\/\"},{\"@type\":\"ListItem\",\"position\":2,\"name\":\"Heliloojate esitlus\"}]},{\"@type\":\"WebSite\",\"@id\":\"https:\/\/ectallinn2018.ee\/#website\",\"url\":\"https:\/\/ectallinn2018.ee\/\",\"name\":\"EUROPA CANTAT XX TALLINN 2018\",\"description\":\"\",\"potentialAction\":[{\"@type\":\"SearchAction\",\"target\":{\"@type\":\"EntryPoint\",\"urlTemplate\":\"https:\/\/ectallinn2018.ee\/?s={search_term_string}\"},\"query-input\":\"required name=search_term_string\"}],\"inLanguage\":\"et\"}]}<\/script>\n<!-- \/ Yoast SEO plugin. -->","yoast_head_json":{"title":"Heliloojate esitlus - EUROPA CANTAT XX TALLINN 2018","robots":{"index":"index","follow":"follow","max-snippet":"max-snippet:-1","max-image-preview":"max-image-preview:large","max-video-preview":"max-video-preview:-1"},"canonical":"https:\/\/ectallinn2018.ee\/composers-showcase\/","og_locale":"et_EE","og_type":"article","og_title":"Heliloojate esitlus - EUROPA CANTAT XX TALLINN 2018","og_description":"EUROPA CANTAT festival soovib avastada uut koorimuusikat ning \u00fcheks viisiks (peale Euroopa heliloojate uudisteoste tellimisele) on heliloojate l\u00fchiesitlused &#8211; v\u00f5imalus...","og_url":"https:\/\/ectallinn2018.ee\/composers-showcase\/","og_site_name":"EUROPA CANTAT XX TALLINN 2018","article_modified_time":"2018-07-17T14:02:37+00:00","og_image":[{"url":"https:\/\/ectallinn2018.ee\/wp-content\/uploads\/2018\/01\/dayne-topkin-60559.jpg"}],"twitter_card":"summary_large_image","twitter_misc":{"Est. reading time":"1 minut"},"schema":{"@context":"https:\/\/schema.org","@graph":[{"@type":"WebPage","@id":"https:\/\/ectallinn2018.ee\/composers-showcase\/","url":"https:\/\/ectallinn2018.ee\/composers-showcase\/","name":"Heliloojate esitlus - EUROPA CANTAT XX TALLINN 2018","isPartOf":{"@id":"https:\/\/ectallinn2018.ee\/#website"},"primaryImageOfPage":{"@id":"https:\/\/ectallinn2018.ee\/composers-showcase\/#primaryimage"},"image":{"@id":"https:\/\/ectallinn2018.ee\/composers-showcase\/#primaryimage"},"thumbnailUrl":"https:\/\/ectallinn2018.ee\/wp-content\/uploads\/2018\/01\/dayne-topkin-60559.jpg","datePublished":"2018-01-19T10:14:00+00:00","dateModified":"2018-07-17T14:02:37+00:00","breadcrumb":{"@id":"https:\/\/ectallinn2018.ee\/composers-showcase\/#breadcrumb"},"inLanguage":"et","potentialAction":[{"@type":"ReadAction","target":["https:\/\/ectallinn2018.ee\/composers-showcase\/"]}]},{"@type":"ImageObject","inLanguage":"et","@id":"https:\/\/ectallinn2018.ee\/composers-showcase\/#primaryimage","url":"https:\/\/ectallinn2018.ee\/wp-content\/uploads\/2018\/01\/dayne-topkin-60559.jpg","contentUrl":"https:\/\/ectallinn2018.ee\/wp-content\/uploads\/2018\/01\/dayne-topkin-60559.jpg"},{"@type":"BreadcrumbList","@id":"https:\/\/ectallinn2018.ee\/composers-showcase\/#breadcrumb","itemListElement":[{"@type":"ListItem","position":1,"name":"Home","item":"https:\/\/ectallinn2018.ee\/et\/"},{"@type":"ListItem","position":2,"name":"Heliloojate esitlus"}]},{"@type":"WebSite","@id":"https:\/\/ectallinn2018.ee\/#website","url":"https:\/\/ectallinn2018.ee\/","name":"EUROPA CANTAT XX TALLINN 2018","description":"","potentialAction":[{"@type":"SearchAction","target":{"@type":"EntryPoint","urlTemplate":"https:\/\/ectallinn2018.ee\/?s={search_term_string}"},"query-input":"required name=search_term_string"}],"inLanguage":"et"}]}},"_links":{"self":[{"href":"https:\/\/ectallinn2018.ee\/et\/wp-json\/wp\/v2\/pages\/718"}],"collection":[{"href":"https:\/\/ectallinn2018.ee\/et\/wp-json\/wp\/v2\/pages"}],"about":[{"href":"https:\/\/ectallinn2018.ee\/et\/wp-json\/wp\/v2\/types\/page"}],"author":[{"embeddable":true,"href":"https:\/\/ectallinn2018.ee\/et\/wp-json\/wp\/v2\/users\/1"}],"replies":[{"embeddable":true,"href":"https:\/\/ectallinn2018.ee\/et\/wp-json\/wp\/v2\/comments?post=718"}],"version-history":[{"count":0,"href":"https:\/\/ectallinn2018.ee\/et\/wp-json\/wp\/v2\/pages\/718\/revisions"}],"wp:attachment":[{"href":"https:\/\/ectallinn2018.ee\/et\/wp-json\/wp\/v2\/media?parent=718"}],"curies":[{"name":"wp","href":"https:\/\/api.w.org\/{rel}","templated":true}]}}