{"id":69,"date":"2017-01-17T09:23:47","date_gmt":"2017-01-17T07:23:47","guid":{"rendered":"https:\/\/ectallinn2018.ee\/?page_id=69\/"},"modified":"2018-03-08T14:37:46","modified_gmt":"2018-03-08T12:37:46","slug":"festivalist","status":"publish","type":"page","link":"https:\/\/ectallinn2018.ee\/et\/festivalist\/","title":{"rendered":"Festivalist"},"content":{"rendered":"<p><strong>EUROPA CANTAT <\/strong>on igal kolme aasta j\u00e4rel toimuv koorimuusikamaailma kohtumispaik ning \u00fcks olulisematest koorivaldkonna s\u00fcndmustest, mille on algatanud Euroopa Koori\u00fching \u2013 Europa Cantat.<\/p>\n<p>Festival sai alguse 1961. aastal Passaus, Saksamaal ning on n\u00fc\u00fcdseks korraldatud 18 erinevas Euroopa linnas \u2013 ning aastal 2018 esmakordselt Tallinnas!<br \/>\nSee erakordne festivaltoob 10-p\u00e4evasele kooripeole kokku rohkem kui 4000 lauljat, dirigenti, heliloojat ja koorim\u00e4ned\u017eere \u00fcle Euroopa ja mujaltki.<\/p>\n<p><strong>Festival pakub v\u00f5imalust:<\/strong><\/p>\n<ul>\n<li>osaleda erinevates t\u00f6\u00f6tubades kooridele ja lauljatele, mille pikkusteks on 4 kuni 8 p\u00e4eva<\/li>\n<li>laulda ja kuulda k\u00f5iki vokaalmuusika\u017eanreid alates klassikast ja ooperist kuni popi ja jazzini<\/li>\n<li>avastada uusi koorimuusikap\u00e4rleid<\/li>\n<li>t\u00f6\u00f6tada koos juhtivate kooridirigentidega<\/li>\n<li>laulda algaja, kesk v\u00f5i edasij\u00f5udnute tasemel<\/li>\n<li>osaleda dirigentide ja heliloojate programmis<\/li>\n<li>osaleda igap\u00e4evasel \u00fchislaulmisel, kuhu K\u00d5IK on oodatud laulma rahvusvahelist repertuaari eri stiilides ja keeltes<\/li>\n<li>avastada Tallinna ja Eesti erilist kultuurip\u00e4randit<\/li>\n<li>kuulata valikut 100-st k\u00fclalisansambli, osalevate kooride v\u00f5i ateljeede l\u00f5ppkontsertidest<\/li>\n<li>avastada uut repertuaari igap\u00e4evastes avastusateljeedes (discovery atelier)<\/li>\n<li>tulla festivalile kogu perega \u2013 t\u00f6\u00f6tubade ajal on festivali noorimatele k\u00fclastajatele eriprogramm<\/li>\n<li>kohtuda teiste kooride ning lauljatega erinevatest maailma paikadest!<\/li>\n<\/ul>\n<p><strong>Dirigentide ja heliloojate programm<\/strong> pakub seminare, t\u00f6\u00f6tubasid, repertuaaritutvustust (reading session), soojendusi, loenguid, \u00fcmarlaua diskussioone ning heliloojate esitlusi.<\/p>\n<p>Osale meie omap\u00e4rasel koolitusprogrammis noortele m\u00e4ned\u017eeridele, <strong>Youth Event Management Programme YEMP<\/strong>, kus koolitatakse \u201ct\u00f6\u00f6 k\u00e4igus\u201d<\/p>\n<p>Lisaprogrammina kutsume k\u00f5iki k\u00fclastama meie <strong>muusika-EXPO<\/strong>t, kus kirjastajad, rahvusvaheliste festivalide korraldajad ning muusikam\u00e4ned\u017eerid \u00fcle kogu maailma tutvustavad oma uusi tooteid ja teenuseid.<\/p>\n<p>EUROPA CANTAT on ainukordne elamus ning t\u00f5eline festival k\u00f5igile!<\/p>\n<p><strong>Europa Cantat 2018 teemad on:<\/strong><\/p>\n<ul>\n<li><strong>Laulame koos \u2013 muudame maailma<\/strong><\/li>\n<li><strong>Muusika \u00fchendab kultuure ja p\u00f5lvkondi<\/strong><\/li>\n<li><strong>Uue aja laulud<\/strong><\/li>\n<\/ul>\n<div class=\"arve\" data-mode=\"normal\" data-oembed=\"1\" data-provider=\"youtube\" id=\"arve-youtube-9fon6txbna069e7de2fdb0ea442953203\">\n<div class=\"arve-inner\">\n<div class=\"arve-embed arve-embed--has-aspect-ratio\" style=\"aspect-ratio: 1140 \/ 641\">\n<span class=\"arve-ar\" style=\"padding-top:56.228070%\"><\/span><iframe credentialless referrerpolicy=\"no-referrer\" allow=\"accelerometer &#039;none&#039;;ambient-light-sensor &#039;none&#039;;autoplay &#039;none&#039;;battery &#039;none&#039;;bluetooth &#039;none&#039;;browsing-topics &#039;none&#039;;camera &#039;none&#039;;ch-ua &#039;none&#039;;clipboard-read &#039;none&#039;;clipboard-write;display-capture &#039;none&#039;;document-domain &#039;none&#039;;domain-agent &#039;none&#039;;encrypted-media &#039;none&#039;;execution-while-not-rendered &#039;none&#039;;execution-while-out-of-viewport &#039;none&#039;;gamepad &#039;none&#039;;geolocation &#039;none&#039;;gyroscope &#039;none&#039;;hid &#039;none&#039;;identity-credentials-get &#039;none&#039;;idle-detection &#039;none&#039;;keyboard-map &#039;none&#039;;local-fonts &#039;none&#039;;magnetometer &#039;none&#039;;microphone &#039;none&#039;;midi &#039;none&#039;;navigation-override &#039;none&#039;;otp-credentials &#039;none&#039;;payment &#039;none&#039;;picture-in-picture;publickey-credentials-create &#039;none&#039;;publickey-credentials-get &#039;none&#039;;screen-wake-lock &#039;none&#039;;serial &#039;none&#039;;speaker-selection &#039;none&#039;;sync-xhr &#039;none&#039;;usb &#039;none&#039;;web-share;window-management &#039;none&#039;;xr-spatial-tracking &#039;none&#039;;\" allowfullscreen class=\"arve-iframe fitvidsignore\" data-arve=\"arve-youtube-9fon6txbna069e7de2fdb0ea442953203\" data-src-no-ap=\"https:\/\/www.youtube-nocookie.com\/embed\/9FoN6TXBna0?feature=oembed&amp;iv_load_policy=3&amp;modestbranding=1&amp;rel=0&amp;autohide=1&amp;playsinline=0&amp;autoplay=0\" frameborder=\"0\" height=\"0\" name sandbox=\"allow-scripts allow-same-origin allow-presentation allow-popups allow-popups-to-escape-sandbox\" scrolling=\"no\" src=\"https:\/\/www.youtube-nocookie.com\/embed\/9FoN6TXBna0?feature=oembed&#038;iv_load_policy=3&#038;modestbranding=1&#038;rel=0&#038;autohide=1&#038;playsinline=0&#038;autoplay=0\" width=\"0\" title loading=\"lazy\"><\/iframe>\n\n<\/div>\n\n<\/div>\n<script type=\"application\/ld+json\">{\"@context\":\"http:\\\/\\\/schema.org\\\/\",\"@id\":\"https:\\\/\\\/ectallinn2018.ee\\\/et\\\/festivalist\\\/#arve-youtube-9fon6txbna069e7de2fdb0ea442953203\",\"type\":\"VideoObject\",\"embedURL\":\"https:\\\/\\\/www.youtube-nocookie.com\\\/embed\\\/9FoN6TXBna0?feature=oembed&iv_load_policy=3&modestbranding=1&rel=0&autohide=1&playsinline=0&autoplay=0\"}<\/script>\n<\/div>\n\n","protected":false},"excerpt":{"rendered":"<p>EUROPA CANTAT on igal kolme aasta j\u00e4rel toimuv koorimuusikamaailma kohtumispaik ning \u00fcks olulisematest koorivaldkonna s\u00fcndmustest, mille on algatanud Euroopa Koori\u00fching&#8230;<\/p>\n","protected":false},"author":1,"featured_media":0,"parent":0,"menu_order":20,"comment_status":"closed","ping_status":"closed","template":"","meta":{"_acf_changed":false,"ngg_post_thumbnail":0,"footnotes":"","_links_to":"","_links_to_target":""},"acf":[],"yoast_head":"<!-- This site is optimized with the Yoast SEO plugin v22.7 - https:\/\/yoast.com\/wordpress\/plugins\/seo\/ -->\n<title>Festivalist - EUROPA CANTAT XX TALLINN 2018<\/title>\n<meta name=\"robots\" content=\"index, follow, max-snippet:-1, max-image-preview:large, max-video-preview:-1\" \/>\n<link rel=\"canonical\" href=\"https:\/\/ectallinn2018.ee\/festival\/\" \/>\n<meta property=\"og:locale\" content=\"et_EE\" \/>\n<meta property=\"og:type\" content=\"article\" \/>\n<meta property=\"og:title\" content=\"Festivalist - EUROPA CANTAT XX TALLINN 2018\" \/>\n<meta property=\"og:description\" content=\"EUROPA CANTAT on igal kolme aasta j\u00e4rel toimuv koorimuusikamaailma kohtumispaik ning \u00fcks olulisematest koorivaldkonna s\u00fcndmustest, mille on algatanud Euroopa Koori\u00fching...\" \/>\n<meta property=\"og:url\" content=\"https:\/\/ectallinn2018.ee\/festival\/\" \/>\n<meta property=\"og:site_name\" content=\"EUROPA CANTAT XX TALLINN 2018\" \/>\n<meta property=\"article:modified_time\" content=\"2018-03-08T12:37:46+00:00\" \/>\n<meta name=\"twitter:card\" content=\"summary_large_image\" \/>\n<meta name=\"twitter:label1\" content=\"Est. reading time\" \/>\n\t<meta name=\"twitter:data1\" content=\"1 minut\" \/>\n<script type=\"application\/ld+json\" class=\"yoast-schema-graph\">{\"@context\":\"https:\/\/schema.org\",\"@graph\":[{\"@type\":\"WebPage\",\"@id\":\"https:\/\/ectallinn2018.ee\/festival\/\",\"url\":\"https:\/\/ectallinn2018.ee\/festival\/\",\"name\":\"Festivalist - EUROPA CANTAT XX TALLINN 2018\",\"isPartOf\":{\"@id\":\"https:\/\/ectallinn2018.ee\/#website\"},\"datePublished\":\"2017-01-17T07:23:47+00:00\",\"dateModified\":\"2018-03-08T12:37:46+00:00\",\"breadcrumb\":{\"@id\":\"https:\/\/ectallinn2018.ee\/festival\/#breadcrumb\"},\"inLanguage\":\"et\",\"potentialAction\":[{\"@type\":\"ReadAction\",\"target\":[\"https:\/\/ectallinn2018.ee\/festival\/\"]}]},{\"@type\":\"BreadcrumbList\",\"@id\":\"https:\/\/ectallinn2018.ee\/festival\/#breadcrumb\",\"itemListElement\":[{\"@type\":\"ListItem\",\"position\":1,\"name\":\"Home\",\"item\":\"https:\/\/ectallinn2018.ee\/et\/\"},{\"@type\":\"ListItem\",\"position\":2,\"name\":\"Festivalist\"}]},{\"@type\":\"WebSite\",\"@id\":\"https:\/\/ectallinn2018.ee\/#website\",\"url\":\"https:\/\/ectallinn2018.ee\/\",\"name\":\"EUROPA CANTAT XX TALLINN 2018\",\"description\":\"\",\"potentialAction\":[{\"@type\":\"SearchAction\",\"target\":{\"@type\":\"EntryPoint\",\"urlTemplate\":\"https:\/\/ectallinn2018.ee\/?s={search_term_string}\"},\"query-input\":\"required name=search_term_string\"}],\"inLanguage\":\"et\"}]}<\/script>\n<!-- \/ Yoast SEO plugin. -->","yoast_head_json":{"title":"Festivalist - EUROPA CANTAT XX TALLINN 2018","robots":{"index":"index","follow":"follow","max-snippet":"max-snippet:-1","max-image-preview":"max-image-preview:large","max-video-preview":"max-video-preview:-1"},"canonical":"https:\/\/ectallinn2018.ee\/festival\/","og_locale":"et_EE","og_type":"article","og_title":"Festivalist - EUROPA CANTAT XX TALLINN 2018","og_description":"EUROPA CANTAT on igal kolme aasta j\u00e4rel toimuv koorimuusikamaailma kohtumispaik ning \u00fcks olulisematest koorivaldkonna s\u00fcndmustest, mille on algatanud Euroopa Koori\u00fching...","og_url":"https:\/\/ectallinn2018.ee\/festival\/","og_site_name":"EUROPA CANTAT XX TALLINN 2018","article_modified_time":"2018-03-08T12:37:46+00:00","twitter_card":"summary_large_image","twitter_misc":{"Est. reading time":"1 minut"},"schema":{"@context":"https:\/\/schema.org","@graph":[{"@type":"WebPage","@id":"https:\/\/ectallinn2018.ee\/festival\/","url":"https:\/\/ectallinn2018.ee\/festival\/","name":"Festivalist - EUROPA CANTAT XX TALLINN 2018","isPartOf":{"@id":"https:\/\/ectallinn2018.ee\/#website"},"datePublished":"2017-01-17T07:23:47+00:00","dateModified":"2018-03-08T12:37:46+00:00","breadcrumb":{"@id":"https:\/\/ectallinn2018.ee\/festival\/#breadcrumb"},"inLanguage":"et","potentialAction":[{"@type":"ReadAction","target":["https:\/\/ectallinn2018.ee\/festival\/"]}]},{"@type":"BreadcrumbList","@id":"https:\/\/ectallinn2018.ee\/festival\/#breadcrumb","itemListElement":[{"@type":"ListItem","position":1,"name":"Home","item":"https:\/\/ectallinn2018.ee\/et\/"},{"@type":"ListItem","position":2,"name":"Festivalist"}]},{"@type":"WebSite","@id":"https:\/\/ectallinn2018.ee\/#website","url":"https:\/\/ectallinn2018.ee\/","name":"EUROPA CANTAT XX TALLINN 2018","description":"","potentialAction":[{"@type":"SearchAction","target":{"@type":"EntryPoint","urlTemplate":"https:\/\/ectallinn2018.ee\/?s={search_term_string}"},"query-input":"required name=search_term_string"}],"inLanguage":"et"}]}},"_links":{"self":[{"href":"https:\/\/ectallinn2018.ee\/et\/wp-json\/wp\/v2\/pages\/69"}],"collection":[{"href":"https:\/\/ectallinn2018.ee\/et\/wp-json\/wp\/v2\/pages"}],"about":[{"href":"https:\/\/ectallinn2018.ee\/et\/wp-json\/wp\/v2\/types\/page"}],"author":[{"embeddable":true,"href":"https:\/\/ectallinn2018.ee\/et\/wp-json\/wp\/v2\/users\/1"}],"replies":[{"embeddable":true,"href":"https:\/\/ectallinn2018.ee\/et\/wp-json\/wp\/v2\/comments?post=69"}],"version-history":[{"count":0,"href":"https:\/\/ectallinn2018.ee\/et\/wp-json\/wp\/v2\/pages\/69\/revisions"}],"wp:attachment":[{"href":"https:\/\/ectallinn2018.ee\/et\/wp-json\/wp\/v2\/media?parent=69"}],"curies":[{"name":"wp","href":"https:\/\/api.w.org\/{rel}","templated":true}]}}