{"id":665,"date":"2017-10-26T15:00:27","date_gmt":"2017-10-26T12:00:27","guid":{"rendered":"https:\/\/ectallinn2018.ee\/?page_id=665\/"},"modified":"2018-07-19T22:41:28","modified_gmt":"2018-07-19T19:41:29","slug":"noodid","status":"publish","type":"page","link":"https:\/\/ectallinn2018.ee\/et\/noodid\/","title":{"rendered":"Noodid"},"content":{"rendered":"<p><strong>Nootide tellimine on l\u00f5ppenud!&nbsp;<\/strong><\/p>\n<p>Nootide tellimiseks saatke ingliskeelne meil aadressile:<br \/>\n<a href=\"mailto:info@musikalspezial.de\">info@musikalspezial.de<\/a>&nbsp;v\u00f5i<br \/>\n<a href=\"mailto:info@ferrimontana.de\">info@ferrimontana.de<\/a><\/p>\n<p>Meilis peab sisalduma:&nbsp;<br \/>\n&#8211; ateljee nimi, milles osalete<br \/>\n&#8211; noodieksemplaride arv<br \/>\n&#8211; teie t\u00e4isaadress<br \/>\n&#8211; arve aadress<br \/>\n&#8211; makseviis: PayPal ja Mastercard on v\u00f5imalikud.<\/p>\n<p>Alates aprilli l\u00f5pust on v\u00f5imalik noote tellida ka kodulehelt <a href=\"http:\/\/www.ferrimontana.de\/\">www.ferrimontana.de<\/a>&nbsp;otsides n\u00e4iteks &#8220;Europa Cantat 2018, Atelier\u201c&nbsp;(ateljee nimi) package.&nbsp;<br \/>\n<strong>N\u00e4ide<\/strong>: Europa Cantat 2018, Atelier A1 package<\/p>\n<p>Sealt suunatakse teid turvalisele veebilehele ja saate sisestada oma makseviisi ja -andmed turvalisel lehel.&nbsp;<br \/>\nKuna k\u00f5ikide nootide informatsioon kogutakse veel kokku, saame tellimusi hakata vastu v\u00f5tma alates <strong>2018. aasta aprilli l\u00f5pust<\/strong>.&nbsp;<\/p>\n<p class=\"p1\">&nbsp;<\/p>\n<p><strong>PS!<\/strong> Festivali staap ei v\u00f5imalda nootide kopeerimist, printimist ega muid sarnaseid tehnilisi toiminguid festivali ajal. Iga ateljees osaleja on kohustatud vastutama isiklite nootide olemasolu eest.<\/p>\n","protected":false},"excerpt":{"rendered":"<p>Nootide tellimine on l\u00f5ppenud!&nbsp; Nootide tellimiseks saatke ingliskeelne meil aadressile: info@musikalspezial.de&nbsp;v\u00f5i info@ferrimontana.de Meilis peab sisalduma:&nbsp; &#8211; ateljee nimi, milles osalete&#8230;<\/p>\n","protected":false},"author":1,"featured_media":0,"parent":0,"menu_order":0,"comment_status":"closed","ping_status":"closed","template":"","meta":{"_acf_changed":false,"ngg_post_thumbnail":0,"footnotes":"","_links_to":"","_links_to_target":""},"acf":[],"yoast_head":"<!-- This site is optimized with the Yoast SEO plugin v22.7 - https:\/\/yoast.com\/wordpress\/plugins\/seo\/ -->\n<title>Noodid - EUROPA CANTAT XX TALLINN 2018<\/title>\n<meta name=\"robots\" content=\"index, follow, max-snippet:-1, max-image-preview:large, max-video-preview:-1\" \/>\n<link rel=\"canonical\" href=\"https:\/\/ectallinn2018.ee\/music-scores\/\" \/>\n<meta property=\"og:locale\" content=\"et_EE\" \/>\n<meta property=\"og:type\" content=\"article\" \/>\n<meta property=\"og:title\" content=\"Noodid - EUROPA CANTAT XX TALLINN 2018\" \/>\n<meta property=\"og:description\" content=\"Nootide tellimine on l\u00f5ppenud!&nbsp; Nootide tellimiseks saatke ingliskeelne meil aadressile: info@musikalspezial.de&nbsp;v\u00f5i info@ferrimontana.de Meilis peab sisalduma:&nbsp; &#8211; ateljee nimi, milles osalete...\" \/>\n<meta property=\"og:url\" content=\"https:\/\/ectallinn2018.ee\/music-scores\/\" \/>\n<meta property=\"og:site_name\" content=\"EUROPA CANTAT XX TALLINN 2018\" \/>\n<meta property=\"article:modified_time\" content=\"2018-07-19T19:41:29+00:00\" \/>\n<meta name=\"twitter:card\" content=\"summary_large_image\" \/>\n<meta name=\"twitter:label1\" content=\"Est. reading time\" \/>\n\t<meta name=\"twitter:data1\" content=\"1 minut\" \/>\n<script type=\"application\/ld+json\" class=\"yoast-schema-graph\">{\"@context\":\"https:\/\/schema.org\",\"@graph\":[{\"@type\":\"WebPage\",\"@id\":\"https:\/\/ectallinn2018.ee\/music-scores\/\",\"url\":\"https:\/\/ectallinn2018.ee\/music-scores\/\",\"name\":\"Noodid - EUROPA CANTAT XX TALLINN 2018\",\"isPartOf\":{\"@id\":\"https:\/\/ectallinn2018.ee\/#website\"},\"datePublished\":\"2017-10-26T12:00:27+00:00\",\"dateModified\":\"2018-07-19T19:41:29+00:00\",\"breadcrumb\":{\"@id\":\"https:\/\/ectallinn2018.ee\/music-scores\/#breadcrumb\"},\"inLanguage\":\"et\",\"potentialAction\":[{\"@type\":\"ReadAction\",\"target\":[\"https:\/\/ectallinn2018.ee\/music-scores\/\"]}]},{\"@type\":\"BreadcrumbList\",\"@id\":\"https:\/\/ectallinn2018.ee\/music-scores\/#breadcrumb\",\"itemListElement\":[{\"@type\":\"ListItem\",\"position\":1,\"name\":\"Home\",\"item\":\"https:\/\/ectallinn2018.ee\/et\/\"},{\"@type\":\"ListItem\",\"position\":2,\"name\":\"Noodid\"}]},{\"@type\":\"WebSite\",\"@id\":\"https:\/\/ectallinn2018.ee\/#website\",\"url\":\"https:\/\/ectallinn2018.ee\/\",\"name\":\"EUROPA CANTAT XX TALLINN 2018\",\"description\":\"\",\"potentialAction\":[{\"@type\":\"SearchAction\",\"target\":{\"@type\":\"EntryPoint\",\"urlTemplate\":\"https:\/\/ectallinn2018.ee\/?s={search_term_string}\"},\"query-input\":\"required name=search_term_string\"}],\"inLanguage\":\"et\"}]}<\/script>\n<!-- \/ Yoast SEO plugin. -->","yoast_head_json":{"title":"Noodid - EUROPA CANTAT XX TALLINN 2018","robots":{"index":"index","follow":"follow","max-snippet":"max-snippet:-1","max-image-preview":"max-image-preview:large","max-video-preview":"max-video-preview:-1"},"canonical":"https:\/\/ectallinn2018.ee\/music-scores\/","og_locale":"et_EE","og_type":"article","og_title":"Noodid - EUROPA CANTAT XX TALLINN 2018","og_description":"Nootide tellimine on l\u00f5ppenud!&nbsp; Nootide tellimiseks saatke ingliskeelne meil aadressile: info@musikalspezial.de&nbsp;v\u00f5i info@ferrimontana.de Meilis peab sisalduma:&nbsp; &#8211; ateljee nimi, milles osalete...","og_url":"https:\/\/ectallinn2018.ee\/music-scores\/","og_site_name":"EUROPA CANTAT XX TALLINN 2018","article_modified_time":"2018-07-19T19:41:29+00:00","twitter_card":"summary_large_image","twitter_misc":{"Est. reading time":"1 minut"},"schema":{"@context":"https:\/\/schema.org","@graph":[{"@type":"WebPage","@id":"https:\/\/ectallinn2018.ee\/music-scores\/","url":"https:\/\/ectallinn2018.ee\/music-scores\/","name":"Noodid - EUROPA CANTAT XX TALLINN 2018","isPartOf":{"@id":"https:\/\/ectallinn2018.ee\/#website"},"datePublished":"2017-10-26T12:00:27+00:00","dateModified":"2018-07-19T19:41:29+00:00","breadcrumb":{"@id":"https:\/\/ectallinn2018.ee\/music-scores\/#breadcrumb"},"inLanguage":"et","potentialAction":[{"@type":"ReadAction","target":["https:\/\/ectallinn2018.ee\/music-scores\/"]}]},{"@type":"BreadcrumbList","@id":"https:\/\/ectallinn2018.ee\/music-scores\/#breadcrumb","itemListElement":[{"@type":"ListItem","position":1,"name":"Home","item":"https:\/\/ectallinn2018.ee\/et\/"},{"@type":"ListItem","position":2,"name":"Noodid"}]},{"@type":"WebSite","@id":"https:\/\/ectallinn2018.ee\/#website","url":"https:\/\/ectallinn2018.ee\/","name":"EUROPA CANTAT XX TALLINN 2018","description":"","potentialAction":[{"@type":"SearchAction","target":{"@type":"EntryPoint","urlTemplate":"https:\/\/ectallinn2018.ee\/?s={search_term_string}"},"query-input":"required name=search_term_string"}],"inLanguage":"et"}]}},"_links":{"self":[{"href":"https:\/\/ectallinn2018.ee\/et\/wp-json\/wp\/v2\/pages\/665"}],"collection":[{"href":"https:\/\/ectallinn2018.ee\/et\/wp-json\/wp\/v2\/pages"}],"about":[{"href":"https:\/\/ectallinn2018.ee\/et\/wp-json\/wp\/v2\/types\/page"}],"author":[{"embeddable":true,"href":"https:\/\/ectallinn2018.ee\/et\/wp-json\/wp\/v2\/users\/1"}],"replies":[{"embeddable":true,"href":"https:\/\/ectallinn2018.ee\/et\/wp-json\/wp\/v2\/comments?post=665"}],"version-history":[{"count":0,"href":"https:\/\/ectallinn2018.ee\/et\/wp-json\/wp\/v2\/pages\/665\/revisions"}],"wp:attachment":[{"href":"https:\/\/ectallinn2018.ee\/et\/wp-json\/wp\/v2\/media?parent=665"}],"curies":[{"name":"wp","href":"https:\/\/api.w.org\/{rel}","templated":true}]}}