{"id":634,"date":"2017-09-22T17:34:42","date_gmt":"2017-09-22T14:34:42","guid":{"rendered":"https:\/\/ectallinn2018.ee\/?page_id=634\/"},"modified":"2018-07-19T22:38:11","modified_gmt":"2018-07-19T19:38:11","slug":"yemp4","status":"publish","type":"page","link":"https:\/\/ectallinn2018.ee\/et\/yemp4\/","title":{"rendered":"YEMP4 &#8211; Noorte korraldajate programm"},"content":{"rendered":"<p><strong>YEMP programmi registreerimine on l\u00f5ppenud!\u00a0<\/strong><\/p>\n<p>&nbsp;<\/p>\n<p>Mida kujutab endast festivali organiseerimine tuhandetele lauljatele? Kuidas saada heaks koorivanemaks v\u00f5i u\u0308rituste korraldajaks? P\u00e4rast edukaid 2009, 2012 ja 2015. a festivale pakub EUROPA CANTAT j\u00e4lle \u00f5ppeprogrammi noortele, tarmukatele ja osavatele organisaatoritele koorimaailmast ja mujaltki.<\/p>\n<p><h2>Mis on YEMP?<\/h2>\n<p><em>&#8220;YEMP on suurep\u00e4rane v\u00f5imalus kohtuda teiste sarnaste koorimuusikaentusiastidega \u00fcle kogu maailma!&#8221; &#8211; Cathy (Suurbritannia, YEMP2 osaleja)<\/em><\/p>\n<p><em>&#8220;Palju enamat kui lihtsalt programm: p\u00f5nev periood, p\u00f5nevad v\u00f5imalused!&#8221; &#8211; Iva (Serbia, YEMP2 osaleja)<\/em><\/p>\n<p><em>&#8220;Kogemusi kogu eluks!&#8221; &#8211; Nora (Rootsi, YEMP2 osaleja)<\/em><\/p>\n<p>Noorte Korraldajate Programm YEMP (Youth Event Management Programme) on kahen\u00e4dalane \u00f5ppeprogramm, mis sisaldab loenguid ja praktikat. Programmi valitakse v\u00e4lja 25 noort inimest vanuses 18 kuni 30 erinevatest riikidest. Noored yemperid lu\u0308litatakse korraldusmeeskondadesse, kus nad saavad end proovile panna erinevates rollides ja erinevates festivali komiteedes kahe mentori \u2013 kodu- ja v\u00e4lismaise juhendamisel.<\/p>\n<p>YEMPi valitud noored m\u00e4ned\u017eerid ei pea tasuma osav\u00f5tumaksu, ku\u0308ll aga peavad ise maksma oma s\u00f5idukulud. Toit ja \u00f6\u00f6bimine on festivali kulul. \u00a0<\/p>\n<p><b>Kandideerimine on l\u00f5ppenud. Suur t\u00e4nu k\u00f5ikidele kandideerijatele ning palju \u00f5nne programmi v\u00e4ljavalitud noortele korraldajatele!<\/b><\/p>\n<p>T\u00e4iendavate ku\u0308simustega p\u00f6\u00f6rduda: <a href=\"mailto:yemp@ectallinn2018.ee\">yemp@ectallinn2018.ee<\/a><\/p>\n<p><strong>Mentorid<\/strong><\/p>\n<p>Osalejaid juhendavad programmi perioodi jooksul kaks mentorit. Nad on festivali ajal osalejatele abiks ja hindavad noorte korraldajate t\u00f6\u00f6d festivalil. Loe altpoolt t\u00e4psemalt, kes on seekordsed mentorid!<\/p>\n<h2>\u00d5ppeprogrammi kava<\/h2>\n<p>\u2022 <strong>20. juuli 2018<\/strong> \u2013 saabumine Tallinna<br \/>\n\u2022 <strong>21.-22. juuli<\/strong> \u2013 loengud ja t\u00f6\u00f6grupid juhtimisest ja festivali ettevalmistamisest<br \/>\n\u2022 <strong>23. juuli kuni 4. august<\/strong> \u2013 festivali EUROPA CANTAT ettevalmistamine ja korraldamine kahe mentori juhendamisel.<br \/>\n\u2022 <strong>23.-26. juuli<\/strong> \u2013 ettevalmistav etapp<br \/>\n\u2022 <strong>17. juuli \u2013 4. august<\/strong> \u2013 festival EUROPA CANTAT XX Tallinn 2018 Kursusel osalejad t\u00f6\u00f6tavad erinevates festivali toimkondades, mis vastutavad ateljeede t\u00f6\u00f6, kontsertide organiseerimise, teabe jms eest<br \/>\n\u2022 <strong>5. august<\/strong> \u2013 infovahetus, tagasiside<br \/>\n\u2022<strong> 6. august<\/strong> \u2013 \u00e4ras\u00f5it<\/p>\n<p>Programmis saab osaleda ainult kogu perioodi.<\/p>\n<p><strong>Valik<\/strong><\/p>\n<p>Programmi valituks osutunud kandideerijaid teavitatakse programmi p\u00e4\u00e4semisest veebruari jooksul. Kinnitamaks oma osalust programmis palume saata meil aadressile <a href=\"mailto:yemp@ectallinn2018.ee\">yemp@ectallinn2018.ee<\/a>.<\/p>\n<p><strong>Ettevalmistavad \u00fclesanded veebis<\/strong><\/p>\n<p>Valitud osav\u00f5tjatelt palutakse enne programmi ajavahemikus veebruar kuni juuni 2018 lahendada erinevaid \u00fclesandeid veebis, sealjuures vaadata STAMP-projekti veebinare (v.t. <a href=\"http:\/\/www.stamp-music.org\">www.stamp-music.org<\/a>). Kohustuslik on j\u00e4lgida veebinaril &#8220;Networking and cooperation within Europe and beyond&#8221;, mille l\u00e4biviijaks on Euroopa Koori\u00fching (ECA-EC). Kui on plaan kandideerida programmi, v\u00f5ib ka kohe registreerida veebinarile, mis toimub <strong>kolmap\u00e4eval,<\/strong> <strong>13. detsembril kell 15:00<\/strong> v\u00f5i ka <strong>k\u00f5ikidele teistele veebinaridele, mida pakutakse detsember 2017 l\u00f5puni.<\/strong><\/p>\n<p>Veebinaride ajakava ja nimekiri:\u00a0<a href=\"http:\/\/stamp-music.org\/schedule-of-webinars2\/\">http:\/\/stamp-music.org\/schedule-of-webinars2\/<\/a><\/p>\n<h3>\n\t\tMentorid<br \/>\n\t<\/h3>\n<p>\t\t\t\t<img loading=\"lazy\" decoding=\"async\" src=\"https:\/\/ectallinn2018.ee\/wp-content\/uploads\/2017\/09\/Reka-Balog.jpg\" alt=\"Reka Balog\" itemprop=\"image\" height=\"1512\" width=\"1512\"  \/><\/p>\n<p><strong>R\u00e9ka B\u00e1log (Ungari)<br \/>\n<\/strong>P\u00e9csi Pannoni Filharmoonia Orkestri programmi- ning rahvusvaheliste suhete juht. P\u00e4rast \u00f5pinguid Budapestis, Prantsusmaal ja Hollandis tuli R\u00e9ka tagasi oma kodulinna P\u00e9cs, et korraldada rahvusvahelisi kultuuris\u00fcndmusi P\u00e9csi Euroopa kultuuripealinna projekti raames 2010. aastal. P\u00e4rast seda oli R\u00e9ka 2015. aasta Europa Cantati festivali tegevjuht. Alates 2015. aasta s\u00fcgisest t\u00f6\u00f6tab R\u00e9ka Pannoni Filharmoonia juures, korraldades orkestri rahvusvahelisi tuure ning peas\u00fcndmusi.<\/p>\n<p>\t\t\t\t<img loading=\"lazy\" decoding=\"async\" src=\"https:\/\/ectallinn2018.ee\/wp-content\/uploads\/2017\/09\/Kaisa-Lo\u0303hmus.jpg\" alt=\"Kaisa Lo\u0303hmus\" itemprop=\"image\" height=\"800\" width=\"800\"  \/><\/p>\n<p><strong>Kaisa L\u00f5hmus (Eesti)<br \/>\n<\/strong>Kaisa on \u00f5ppinud koorijuhtimist Tallinna Muusikakeskkoolis ja kultuurikorraldust Tartu \u00dclikooli Viljandi Kultuuriakadeemiast. Ta on olnud festivalide Tallinn Music Week, Viljandi P\u00e4rimusmuusikafestival ja laulu- ja tantsupeo korraldusmeeskonnas. Hetkel t\u00f6\u00f6tab Kaisa Eesti Interpreetide Liidus produtsendina, Muusikap\u00e4eva meeskonnas programmikoordinaatorina ning Vanalinna Hariduskolleegiumis Vanalinna Muusikamaja t\u00fctarlastekoori koormeister-asjaajajana.<\/p>\n<h3>\n\t\tKKK<br \/>\n\t<\/h3>\n<p>\t\t\tKuidas ma saan kandideerida Noorte Kultuurikorraldajate Programmi?<\/p>\n<p>T\u00e4ida \u00e4ra registreerimisvorm ning saada motivatsioonikiri, CV ja pilt 31. jaanuariks 2018 aadressile <a href=\"mailto:yemp@ectalllinn2018.ee\">yemp@ectalllinn2018.ee<\/a><\/p>\n<p>\t\t\tKas ma saan kandideerida kui ma olen \u00fcle 30-aastane?<\/p>\n<p>Kahjuks mitte. Noorte Kultuurikorraldajate programm on m\u00f5eldud noortele vanuses 18 kuni 30. Kui oled \u00fcle 30-aastane, ei saa programmi kandideerida. Kui oled huvitatud kandideerima festivali vabatahtlikuks, saate saata oma kandidatuuri meiliaadressile\u00a0<a href=\"mailto:volunteers@ectallinn2018.ee\">volunteers@ectallinn2018.ee<\/a>. Loe l\u00e4hemalt aadressil\u00a0<a href=\"https:\/\/ectallinn2018.ee\/et\/meeskond\/olen-vabatahtlik\/\">https:\/\/ectallinn2018.ee\/et\/meeskond\/olen-vabatahtlik\/<\/a><\/p>\n<p>\t\t\tKas ma saan uuesti kandideerida, kui olen juba varasemalt osalenud?<\/p>\n<p>Kui sa osalesid programmis juba 2012 v\u00f5i 2015 ning oled huvitatud uuesti osalemast, on sul kaks v\u00f5imalust:<\/p>\n<p>&#8211; kandideerida uuesti Noorte Kultuurikorraldajate Programmi kui oled veel alla 30-aastane (juhul kui on palju h\u00e4id kandidaate ning arvame, et peab andma v\u00f5imaluse noortele, kes ei ole varem osalenud, v\u00f5ime pakkuda v\u00f5imaluse kandideerida vabatahtlikuks).<\/p>\n<p>&#8211; r\u00e4\u00e4gi teiste kaasmaalastega programmist ning julgusta neid kandideerima &#8211; ise l\u00f6\u00f6 kaasa vabatahtlikuna!<\/p>\n<p>\t\t\tKas s\u00f5idupileteid Tallinnasse kompenseeritakse?<\/p>\n<p>Korraldajad katavad majutus- ja toitlustuskulud programmi toimumise ajal, kuid s\u00f5idukulud Tallinnasse ja tagasi tuleb katta igal\u00fchel ise.<\/p>\n<p>Erand kehtib 5 osaleja kohta, kes on seotud STAMP programmi partnerorganisatsioonidega (v.t\u00a0<a href=\"http:\/\/www.stamp-music.org\/\">www.stamp-music.org <\/a>-&gt; project partners) kes saavad toetust reisikulude katmiseks l\u00e4bi projekti, mida rahastab EU Erasmus + programm.<\/p>\n<p>\t\t\tMitu osalejat valitakse programmi?<\/p>\n<p>Noorte Kultuurikorraldajate Programmi valitakse maksimaalselt 25 osalejat.<\/p>\n<p>\t\t\tKas ma saan kandideerida programmi kui elan v\u00e4ljaspool Euroopa Liitu?<\/p>\n<p>Jah! Sa saad kandideerida programmi ja Europa Cantati festivalile ka siis, kui su elukoht on v\u00e4ljaspool Euroopa Liitu.<\/p>\n<p>\t\t\tKas ma pean valdama soravalt inglise keelt?<\/p>\n<p>S\u00f5ltuvalt osakonnast ei pea oskama keelt t\u00e4iesti soravalt. Siiski sa peaksid olema v\u00f5imeline suhtlema vabalt oma kolleegidega ning osav\u00f5tjatega suuliselt ning peaksid aru saama suulistest ja kirjalikest ingliskeelsetest instruktsioonidest, kuna festivali ametlik keel on inglise keel ning kogu programm viiakse l\u00e4bi selles keeles.<\/p>\n<p>\t\t\tKas osalejatele organiseeritakse majutust?<\/p>\n<p>Jah. Korraldajad tagavad majutuse k\u00f5ikidele YEMP programmist osav\u00f5tjatele 2-3-kohalistes \u00fchiselamutaolises majutuses.<\/p>\n<p>\t\t\tKus ma \u00f6\u00f6bin?<\/p>\n<p>K\u00f5ik osalejad \u00f6\u00f6bivad \u00fchiselamu laadses majutuses. T\u00e4pne asukoht avaldatakse vahetult enne programmi algust.<\/p>\n<p>\t\t\tKas peab ise olema laulja, et kandideerida Noorte Kultuurikorraldajate Programmi?<\/p>\n<p>Programmi sihtgrupiks on noored koorimuusikavaldkonna m\u00e4ned\u017eerid, kelle hulgast valitakse 20 osav\u00f5tjat 25-st v\u00f5imalikust. Programmis saad osaleda ka siis, kui sa oled laulja, dirigent, helilooja, muusik, mittemuusik, koorimuusikaarmastaja, jne. Oluline on et tead, kuidas toimib koorimuusikamaailm ning sulle meeldib koorimuusika. \/ 2018 valitakse ka 5 osalejat, kes ei pea olema seotud koorimuusikamaailmaga, vaid peavad olema seotud STAMP-programmi partnerorganisatsioonidega (v.t.\u00a0<a href=\"http:\/\/www.stamp-music.org\">www.stamp-music.org <\/a>-&gt; project partners).<\/p>\n<p>\t\t\tKas programmis osalemiseks peab terve perioodi kohal olema?<\/p>\n<p>Jah! See on v\u00e4ga oluline, et oleksid olemas kogu festivali v\u00e4ltel &#8211; ja mitte ainult seda! Tallinnasse tuleb juba 10 p\u00e4eva enne festivali (20. juulil), olla kohal festivali ajal ning lahkuda 2 p\u00e4eva p\u00e4rast festivali l\u00f5ppkontserti, mis toimub 4. augustil, nii, et saaksid osaleda kokkuv\u00f5tete tegemisel ning meeskonna l\u00f5pupeol 5. augustil. Kui sa ei saa osaleda kogu perioodi alates 20. juulist kuni 5. augustini, ei saa sa osaleda YEMP programmis.<\/p>\n<p>Palun pane t\u00e4hele, et sa pead olema vaba terve aeg sel perioodil. Isegi kui sa elad Tallinnas, sa ei saa veeta aega teiste tegemistega sel perioodil.<\/p>\n<p>\t\t\tMis ma peaksin kaasa v\u00f5tma?<\/p>\n<p>Palun v\u00f5ta kaasa oma s\u00fclearvuti, mida sul on tarvis t\u00f6\u00f6 tegemiseks. Samuti teades Eesti ilma, tuleb olla valmis nii suviseks riietuseks kui ka vihmaks ja 10-kraadiseks temperatuuriks.<\/p>\n<p>Kui on soovi jagada midagi oma kodukohast teiste kolleegidega \u00fcle kogu maailma, v\u00f5ib kaasa v\u00f5tta!<\/p>\n<p>\t\t\tKas mul peab olema eelnev kogemus kultuurikorralduse valdkonnas?<\/p>\n<p>Eelnev kogemus kultuurikorralduses ja koorimuusikakorraluses on soovitatav, kuid mitte kohustuslik. Programm on \u00f5ppimiseks ja juhtimiskogemuste saamiseks! Me pakume sulle aga \u00fclesande, mis on vastavuses sinu kogemuse ja soovidega ning see on meile abiks, kui on olemas kogemustega inimesi teatud positsioonidel.<\/p>\n<p>\t\t\tKas mul on v\u00f5imalik osaleda ka dirigentide ja heliloojate programmis v\u00f5i ateljeedes?<\/p>\n<p>Kuna programmi eesm\u00e4rk on \u00f5ppida festivalikorraldust l\u00e4bi oma kogemuse ning olla \u00fche suurima \u00fcrituse korraldamise keskmes, ei ole programmis osalejatel aega osaleda ateljees v\u00f5i dirigentide ja heliloojate programmis. Aga kui oled t\u00f6\u00f6postilt vaba (s\u00f5ltub positsioonist), on sul v\u00f5imalus k\u00e4ia kontsertidel ja\/v\u00f5i m\u00f5nedel avastusateljeedes v\u00f5i dirigentide ja heliloojate programmi loengutes, mis tuleb aga koosk\u00f5lastada oma osakonna juhi ja personalitoimkonnaga.<\/p>\n<p>\t\t\tKas ma saan esineda oma kooriga kontserdil, kui on vaja? <\/p>\n<p>Noorte Kultuurikorraldajate Programmis osalemine t\u00e4hendab t\u00e4iskohaga t\u00f6\u00f6d ning ei saa muude tegevustega kombineerida. Kui sul on vaja ainult korra liituda kooriga tunniajaseks kontserdiks, v\u00f5ib see olla v\u00f5imalik ainult koosk\u00f5las oma osakonna juhiga.<\/p>\n<p>\t\t\tKuidas jagatakse \u00fclesanded osav\u00f5tjatele?<\/p>\n<p>Kandideerimisel palume sul m\u00e4rkida \u00e4ra, millises osakonnas sooviksid t\u00f6\u00f6tada &#8211; muusika, kommunikatsioon, korraldus ja osalejate ja vabatahtlike koordineerimine, produktsioon, finants v\u00f5i protokoll. L\u00f5plik otsus selgub t\u00f6\u00f6posti osas selgub n\u00e4dalavahetusel enne festivali.<\/p>\n<p>YEMP4 on osa <strong>STAMP (Shared Training Activities for Music Professionals \u2013 Professionaalsete Muusikute Jagatud Koolitustegevus)<\/strong> projektist. STAMP kutsuti ellu vajaduse t\u00f5ttu pakkuda muusikutele suuremaid v\u00f5imalusi professionaalseks eneset\u00e4ienduseks ja elukestvaks \u00f5ppeks ning selle eesm\u00e4rgiks on v\u00e4lja t\u00f6\u00f6tada n\u00e4idist\u00f6\u00f6vahendid kutse\u00f5ppeks (n\u00e4idis\u00f5pitoad, juhtn\u00f6\u00f6rid mentoritele ja \u00f5petajatele jms), mis asuksid u\u0308htsel veebiplatvormil, samuti parandada t\u00f6\u00f6h\u00f5ivet ja ettev\u00f5tlust muusikasektoris Kesk-, Ida- ja L\u00f5una-Euroopas.<\/p>\n<p>STAMPi koordineerib <strong>Euroopa Muusikan\u00f5ukogu<\/strong> ja seda finantseeritakse koos viimasega samuti Erasmuse programmi rahadest. Rohkem informatsiooni:<a href=\"http:\/\/www.stamp-music.org\/\">www.stamp-music.org<\/a><\/p>\n<p>STAMPi raames saavad projekti partnerid v\u00e4lja pakkuda kandidaate v\u00e4ljastpoolt koorivaldkonda ja viis neist lu\u0308litatakse YEMPi meeskonda. Lisaks pakuvad <strong>Eesti Muusika- ja Teatriakadeemia<\/strong> ning <strong>Euroopa Kooriu\u0308hing<\/strong> EUROPA CANTAT koost\u00f6\u00f6s EUROPA CANTAT festivaliga koolitajatele osalemist t\u00f6\u00f6grupis, kus tutvustatakse oma edukust t\u00f5estanud YEMPi kui noorte m\u00e4ned\u017eeride koolitamise mudelit. Muud tegevused seoses STAMP-projektiga on intensiivne veebikursus YEMPil osalejate ettevalmistamiseks, mille osaks on ka veebinaride sari, mida koostatakse STAMPi raames.<\/p>\n<p><img loading=\"lazy\" decoding=\"async\" src=\"https:\/\/ectallinn2018.ee\/wp-content\/uploads\/2017\/09\/EC2018-logo-sinine-300x293.png\" alt=\"\" width=\"102\" height=\"100\" \/><img loading=\"lazy\" decoding=\"async\" src=\"https:\/\/ectallinn2018.ee\/wp-content\/uploads\/2017\/09\/logoeca-300x289.png\" alt=\"\" width=\"95\" height=\"91\" \/><img loading=\"lazy\" decoding=\"async\" src=\"https:\/\/ectallinn2018.ee\/wp-content\/uploads\/2017\/09\/EMTA-logo-300x203.jpg\" alt=\"\" width=\"135\" height=\"91\" \/><\/p>\n<p><img loading=\"lazy\" decoding=\"async\" src=\"https:\/\/ectallinn2018.ee\/wp-content\/uploads\/2017\/09\/EMC_Web-300x155.jpg\" alt=\"\" width=\"183\" height=\"95\" \/><\/p>\n<p><img loading=\"lazy\" decoding=\"async\" src=\"https:\/\/ectallinn2018.ee\/wp-content\/uploads\/2017\/09\/eu_flag_co_funded_pos_rgb_right-300x86.jpg\" alt=\"\" width=\"319\" height=\"91\" \/><\/p>\n<p><img loading=\"lazy\" decoding=\"async\" src=\"https:\/\/ectallinn2018.ee\/wp-content\/uploads\/2017\/09\/STAMP_logo_72ppi_white_background-300x300.png\" alt=\"\" width=\"150\" height=\"150\" \/><\/p>\n","protected":false},"excerpt":{"rendered":"<p>YEMP programmi registreerimine on l\u00f5ppenud!\u00a0 &nbsp; Mida kujutab endast festivali organiseerimine tuhandetele lauljatele? Kuidas saada heaks koorivanemaks v\u00f5i u\u0308rituste korraldajaks?&#8230;<\/p>\n","protected":false},"author":1,"featured_media":0,"parent":0,"menu_order":0,"comment_status":"closed","ping_status":"closed","template":"","meta":{"_acf_changed":false,"ngg_post_thumbnail":0,"footnotes":"","_links_to":"","_links_to_target":""},"acf":[],"yoast_head":"<!-- This site is optimized with the Yoast SEO plugin v22.7 - https:\/\/yoast.com\/wordpress\/plugins\/seo\/ -->\n<title>YEMP4 - Noorte korraldajate programm - EUROPA CANTAT XX TALLINN 2018<\/title>\n<meta name=\"robots\" content=\"index, follow, max-snippet:-1, max-image-preview:large, max-video-preview:-1\" \/>\n<link rel=\"canonical\" href=\"https:\/\/ectallinn2018.ee\/yemp4\/\" \/>\n<meta property=\"og:locale\" content=\"et_EE\" \/>\n<meta property=\"og:type\" content=\"article\" \/>\n<meta property=\"og:title\" content=\"YEMP4 - Noorte korraldajate programm - EUROPA CANTAT XX TALLINN 2018\" \/>\n<meta property=\"og:description\" content=\"YEMP programmi registreerimine on l\u00f5ppenud!\u00a0 &nbsp; Mida kujutab endast festivali organiseerimine tuhandetele lauljatele? Kuidas saada heaks koorivanemaks v\u00f5i u\u0308rituste korraldajaks?...\" \/>\n<meta property=\"og:url\" content=\"https:\/\/ectallinn2018.ee\/yemp4\/\" \/>\n<meta property=\"og:site_name\" content=\"EUROPA CANTAT XX TALLINN 2018\" \/>\n<meta property=\"article:modified_time\" content=\"2018-07-19T19:38:11+00:00\" \/>\n<meta property=\"og:image\" content=\"https:\/\/ectallinn2018.ee\/wp-content\/uploads\/2017\/09\/Reka-Balog.jpg\" \/>\n<meta name=\"twitter:card\" content=\"summary_large_image\" \/>\n<meta name=\"twitter:label1\" content=\"Est. reading time\" \/>\n\t<meta name=\"twitter:data1\" content=\"7 minutit\" \/>\n<script type=\"application\/ld+json\" class=\"yoast-schema-graph\">{\"@context\":\"https:\/\/schema.org\",\"@graph\":[{\"@type\":\"WebPage\",\"@id\":\"https:\/\/ectallinn2018.ee\/yemp4\/\",\"url\":\"https:\/\/ectallinn2018.ee\/yemp4\/\",\"name\":\"YEMP4 - Noorte korraldajate programm - EUROPA CANTAT XX TALLINN 2018\",\"isPartOf\":{\"@id\":\"https:\/\/ectallinn2018.ee\/#website\"},\"primaryImageOfPage\":{\"@id\":\"https:\/\/ectallinn2018.ee\/yemp4\/#primaryimage\"},\"image\":{\"@id\":\"https:\/\/ectallinn2018.ee\/yemp4\/#primaryimage\"},\"thumbnailUrl\":\"https:\/\/ectallinn2018.ee\/wp-content\/uploads\/2017\/09\/Reka-Balog.jpg\",\"datePublished\":\"2017-09-22T14:34:42+00:00\",\"dateModified\":\"2018-07-19T19:38:11+00:00\",\"breadcrumb\":{\"@id\":\"https:\/\/ectallinn2018.ee\/yemp4\/#breadcrumb\"},\"inLanguage\":\"et\",\"potentialAction\":[{\"@type\":\"ReadAction\",\"target\":[\"https:\/\/ectallinn2018.ee\/yemp4\/\"]}]},{\"@type\":\"ImageObject\",\"inLanguage\":\"et\",\"@id\":\"https:\/\/ectallinn2018.ee\/yemp4\/#primaryimage\",\"url\":\"https:\/\/ectallinn2018.ee\/wp-content\/uploads\/2017\/09\/Reka-Balog.jpg\",\"contentUrl\":\"https:\/\/ectallinn2018.ee\/wp-content\/uploads\/2017\/09\/Reka-Balog.jpg\"},{\"@type\":\"BreadcrumbList\",\"@id\":\"https:\/\/ectallinn2018.ee\/yemp4\/#breadcrumb\",\"itemListElement\":[{\"@type\":\"ListItem\",\"position\":1,\"name\":\"Home\",\"item\":\"https:\/\/ectallinn2018.ee\/et\/\"},{\"@type\":\"ListItem\",\"position\":2,\"name\":\"YEMP4 &#8211; Noorte korraldajate programm\"}]},{\"@type\":\"WebSite\",\"@id\":\"https:\/\/ectallinn2018.ee\/#website\",\"url\":\"https:\/\/ectallinn2018.ee\/\",\"name\":\"EUROPA CANTAT XX TALLINN 2018\",\"description\":\"\",\"potentialAction\":[{\"@type\":\"SearchAction\",\"target\":{\"@type\":\"EntryPoint\",\"urlTemplate\":\"https:\/\/ectallinn2018.ee\/?s={search_term_string}\"},\"query-input\":\"required name=search_term_string\"}],\"inLanguage\":\"et\"}]}<\/script>\n<!-- \/ Yoast SEO plugin. -->","yoast_head_json":{"title":"YEMP4 - Noorte korraldajate programm - EUROPA CANTAT XX TALLINN 2018","robots":{"index":"index","follow":"follow","max-snippet":"max-snippet:-1","max-image-preview":"max-image-preview:large","max-video-preview":"max-video-preview:-1"},"canonical":"https:\/\/ectallinn2018.ee\/yemp4\/","og_locale":"et_EE","og_type":"article","og_title":"YEMP4 - Noorte korraldajate programm - EUROPA CANTAT XX TALLINN 2018","og_description":"YEMP programmi registreerimine on l\u00f5ppenud!\u00a0 &nbsp; Mida kujutab endast festivali organiseerimine tuhandetele lauljatele? Kuidas saada heaks koorivanemaks v\u00f5i u\u0308rituste korraldajaks?...","og_url":"https:\/\/ectallinn2018.ee\/yemp4\/","og_site_name":"EUROPA CANTAT XX TALLINN 2018","article_modified_time":"2018-07-19T19:38:11+00:00","og_image":[{"url":"https:\/\/ectallinn2018.ee\/wp-content\/uploads\/2017\/09\/Reka-Balog.jpg"}],"twitter_card":"summary_large_image","twitter_misc":{"Est. reading time":"7 minutit"},"schema":{"@context":"https:\/\/schema.org","@graph":[{"@type":"WebPage","@id":"https:\/\/ectallinn2018.ee\/yemp4\/","url":"https:\/\/ectallinn2018.ee\/yemp4\/","name":"YEMP4 - Noorte korraldajate programm - EUROPA CANTAT XX TALLINN 2018","isPartOf":{"@id":"https:\/\/ectallinn2018.ee\/#website"},"primaryImageOfPage":{"@id":"https:\/\/ectallinn2018.ee\/yemp4\/#primaryimage"},"image":{"@id":"https:\/\/ectallinn2018.ee\/yemp4\/#primaryimage"},"thumbnailUrl":"https:\/\/ectallinn2018.ee\/wp-content\/uploads\/2017\/09\/Reka-Balog.jpg","datePublished":"2017-09-22T14:34:42+00:00","dateModified":"2018-07-19T19:38:11+00:00","breadcrumb":{"@id":"https:\/\/ectallinn2018.ee\/yemp4\/#breadcrumb"},"inLanguage":"et","potentialAction":[{"@type":"ReadAction","target":["https:\/\/ectallinn2018.ee\/yemp4\/"]}]},{"@type":"ImageObject","inLanguage":"et","@id":"https:\/\/ectallinn2018.ee\/yemp4\/#primaryimage","url":"https:\/\/ectallinn2018.ee\/wp-content\/uploads\/2017\/09\/Reka-Balog.jpg","contentUrl":"https:\/\/ectallinn2018.ee\/wp-content\/uploads\/2017\/09\/Reka-Balog.jpg"},{"@type":"BreadcrumbList","@id":"https:\/\/ectallinn2018.ee\/yemp4\/#breadcrumb","itemListElement":[{"@type":"ListItem","position":1,"name":"Home","item":"https:\/\/ectallinn2018.ee\/et\/"},{"@type":"ListItem","position":2,"name":"YEMP4 &#8211; Noorte korraldajate programm"}]},{"@type":"WebSite","@id":"https:\/\/ectallinn2018.ee\/#website","url":"https:\/\/ectallinn2018.ee\/","name":"EUROPA CANTAT XX TALLINN 2018","description":"","potentialAction":[{"@type":"SearchAction","target":{"@type":"EntryPoint","urlTemplate":"https:\/\/ectallinn2018.ee\/?s={search_term_string}"},"query-input":"required name=search_term_string"}],"inLanguage":"et"}]}},"_links":{"self":[{"href":"https:\/\/ectallinn2018.ee\/et\/wp-json\/wp\/v2\/pages\/634"}],"collection":[{"href":"https:\/\/ectallinn2018.ee\/et\/wp-json\/wp\/v2\/pages"}],"about":[{"href":"https:\/\/ectallinn2018.ee\/et\/wp-json\/wp\/v2\/types\/page"}],"author":[{"embeddable":true,"href":"https:\/\/ectallinn2018.ee\/et\/wp-json\/wp\/v2\/users\/1"}],"replies":[{"embeddable":true,"href":"https:\/\/ectallinn2018.ee\/et\/wp-json\/wp\/v2\/comments?post=634"}],"version-history":[{"count":0,"href":"https:\/\/ectallinn2018.ee\/et\/wp-json\/wp\/v2\/pages\/634\/revisions"}],"wp:attachment":[{"href":"https:\/\/ectallinn2018.ee\/et\/wp-json\/wp\/v2\/media?parent=634"}],"curies":[{"name":"wp","href":"https:\/\/api.w.org\/{rel}","templated":true}]}}