{"id":618,"date":"2017-09-18T17:19:41","date_gmt":"2017-09-18T14:19:41","guid":{"rendered":"https:\/\/ectallinn2018.ee\/?page_id=618\/"},"modified":"2018-07-19T22:42:14","modified_gmt":"2018-07-19T19:42:14","slug":"perepakkumised","status":"publish","type":"page","link":"https:\/\/ectallinn2018.ee\/et\/perepakkumised\/","title":{"rendered":"Perepakkumised"},"content":{"rendered":"<p>Festivalil saab osaleda kogu perekonnaga &#8211; me pakume mitmek\u00fclgset programmi ka k\u00f5ige pisematele k\u00fclalistele!<\/p>\n<p><strong>Muusikaline lasteaed 0-3 a<\/strong><\/p>\n<p>Laulud, tantsud, m\u00e4ngud, harjutused, tervislikud suupisted ning v\u00f5imalus l\u00f5unauinakuks on muusikalise lastes\u00f5ime tegevused hommikuks, kui saate ise osaleda ateljeedes v\u00f5i muudes programmides. Professionaalsed kasvatajad hoolitsevad teie laste eest! Lapsi peab saatma perekonnaliige! V\u00f5imalus tellida l\u00f5unas\u00f6\u00f6k, mida pakutakse kohapeal.<\/p>\n<p><strong>Muusikaline lasteaed 3-6 a<\/strong><\/p>\n<p>Laulud, tantsud, m\u00e4ngud, harjutused, tervislikud suupisted ning v\u00f5imalus l\u00f5unauinakuks on muusikalise lastes\u00f5ime tegevused hommikuks, kui saate ise osaleda ateljeedes v\u00f5i muudes programmides. Professionaalsed kasvatajad hoolitsevad teie laste eest ning saavad hoida ka p\u00e4rastl\u00f5unaste koorikontsertide ajal. V\u00f5imalus tellida l\u00f5unas\u00f6\u00f6k, mida pakutakse kohapeal.<\/p>\n<p><strong>Algkooliealistele lastele vanuses 7-10<\/strong>\u00a0pakume v\u00f5imalust osaleda \u00fches korraldaja valitud lastekoori ateljee t\u00f6\u00f6s, kus lastega on kaasas saatja, kuni vanemad saavad nad taas enda hoole alla v\u00f5tta.\u00a0<strong>\u00a0<\/strong><\/p>\n<p>Pakkumisele kehtivad tavap\u00e4rased osav\u00f5tuhinnad.<\/p>\n<p>Registreerida saab <a href=\"https:\/\/docs.google.com\/forms\/d\/1_Mjmlvs4015XnrSS2PSpk0JPSrDoLJFVLgoVArIN_HI\/edit\">siin<\/a>\u00a0(inglise keeles)<\/p>\n<p><b>Koht lapsele E1 Muusikalises lastes\u00f5imes ning E2 Muusikalises lasteaias lastele vanuses kuni 6 eluaastat maksab:\u00a0<\/b><\/p>\n<p><strong>\u20ac15\/p\u00e4ev<\/strong>\u00a0(hommik- E1, E2)<br \/>\n<strong>\u20ac20\/p\u00e4ev\u00a0<\/strong>(hommik koos l\u00f5unas\u00f6\u00f6giga &#8211; E1, E2)<br \/>\n<strong>\u20ac20\/p\u00e4ev\u00a0<\/strong>(hommik ja p\u00e4rastl\u00f5una, ilma l\u00f5unas\u00f6\u00f6gita &#8211; E1, E2)<br \/>\n<strong>\u20ac25\/p\u00e4ev<\/strong>(hommik ja p\u00e4rastl\u00f5una koos l\u00f5unas\u00f6\u00f6giga &#8211; ainult E2)<\/p>\n","protected":false},"excerpt":{"rendered":"<p>Festivalil saab osaleda kogu perekonnaga &#8211; me pakume mitmek\u00fclgset programmi ka k\u00f5ige pisematele k\u00fclalistele! Muusikaline lasteaed 0-3 a Laulud, tantsud,&#8230;<\/p>\n","protected":false},"author":1,"featured_media":0,"parent":0,"menu_order":0,"comment_status":"closed","ping_status":"closed","template":"","meta":{"_acf_changed":false,"ngg_post_thumbnail":0,"footnotes":"","_links_to":"","_links_to_target":""},"acf":[],"yoast_head":"<!-- This site is optimized with the Yoast SEO plugin v22.7 - https:\/\/yoast.com\/wordpress\/plugins\/seo\/ -->\n<title>Perepakkumised - EUROPA CANTAT XX TALLINN 2018<\/title>\n<meta name=\"robots\" content=\"index, follow, max-snippet:-1, max-image-preview:large, max-video-preview:-1\" \/>\n<link rel=\"canonical\" href=\"https:\/\/ectallinn2018.ee\/family-offers\/\" \/>\n<meta property=\"og:locale\" content=\"et_EE\" \/>\n<meta property=\"og:type\" content=\"article\" \/>\n<meta property=\"og:title\" content=\"Perepakkumised - EUROPA CANTAT XX TALLINN 2018\" \/>\n<meta property=\"og:description\" content=\"Festivalil saab osaleda kogu perekonnaga &#8211; me pakume mitmek\u00fclgset programmi ka k\u00f5ige pisematele k\u00fclalistele! Muusikaline lasteaed 0-3 a Laulud, tantsud,...\" \/>\n<meta property=\"og:url\" content=\"https:\/\/ectallinn2018.ee\/family-offers\/\" \/>\n<meta property=\"og:site_name\" content=\"EUROPA CANTAT XX TALLINN 2018\" \/>\n<meta property=\"article:modified_time\" content=\"2018-07-19T19:42:14+00:00\" \/>\n<meta name=\"twitter:card\" content=\"summary_large_image\" \/>\n<meta name=\"twitter:label1\" content=\"Est. reading time\" \/>\n\t<meta name=\"twitter:data1\" content=\"1 minut\" \/>\n<script type=\"application\/ld+json\" class=\"yoast-schema-graph\">{\"@context\":\"https:\/\/schema.org\",\"@graph\":[{\"@type\":\"WebPage\",\"@id\":\"https:\/\/ectallinn2018.ee\/family-offers\/\",\"url\":\"https:\/\/ectallinn2018.ee\/family-offers\/\",\"name\":\"Perepakkumised - EUROPA CANTAT XX TALLINN 2018\",\"isPartOf\":{\"@id\":\"https:\/\/ectallinn2018.ee\/#website\"},\"datePublished\":\"2017-09-18T14:19:41+00:00\",\"dateModified\":\"2018-07-19T19:42:14+00:00\",\"breadcrumb\":{\"@id\":\"https:\/\/ectallinn2018.ee\/family-offers\/#breadcrumb\"},\"inLanguage\":\"et\",\"potentialAction\":[{\"@type\":\"ReadAction\",\"target\":[\"https:\/\/ectallinn2018.ee\/family-offers\/\"]}]},{\"@type\":\"BreadcrumbList\",\"@id\":\"https:\/\/ectallinn2018.ee\/family-offers\/#breadcrumb\",\"itemListElement\":[{\"@type\":\"ListItem\",\"position\":1,\"name\":\"Home\",\"item\":\"https:\/\/ectallinn2018.ee\/et\/\"},{\"@type\":\"ListItem\",\"position\":2,\"name\":\"Perepakkumised\"}]},{\"@type\":\"WebSite\",\"@id\":\"https:\/\/ectallinn2018.ee\/#website\",\"url\":\"https:\/\/ectallinn2018.ee\/\",\"name\":\"EUROPA CANTAT XX TALLINN 2018\",\"description\":\"\",\"potentialAction\":[{\"@type\":\"SearchAction\",\"target\":{\"@type\":\"EntryPoint\",\"urlTemplate\":\"https:\/\/ectallinn2018.ee\/?s={search_term_string}\"},\"query-input\":\"required name=search_term_string\"}],\"inLanguage\":\"et\"}]}<\/script>\n<!-- \/ Yoast SEO plugin. -->","yoast_head_json":{"title":"Perepakkumised - EUROPA CANTAT XX TALLINN 2018","robots":{"index":"index","follow":"follow","max-snippet":"max-snippet:-1","max-image-preview":"max-image-preview:large","max-video-preview":"max-video-preview:-1"},"canonical":"https:\/\/ectallinn2018.ee\/family-offers\/","og_locale":"et_EE","og_type":"article","og_title":"Perepakkumised - EUROPA CANTAT XX TALLINN 2018","og_description":"Festivalil saab osaleda kogu perekonnaga &#8211; me pakume mitmek\u00fclgset programmi ka k\u00f5ige pisematele k\u00fclalistele! Muusikaline lasteaed 0-3 a Laulud, tantsud,...","og_url":"https:\/\/ectallinn2018.ee\/family-offers\/","og_site_name":"EUROPA CANTAT XX TALLINN 2018","article_modified_time":"2018-07-19T19:42:14+00:00","twitter_card":"summary_large_image","twitter_misc":{"Est. reading time":"1 minut"},"schema":{"@context":"https:\/\/schema.org","@graph":[{"@type":"WebPage","@id":"https:\/\/ectallinn2018.ee\/family-offers\/","url":"https:\/\/ectallinn2018.ee\/family-offers\/","name":"Perepakkumised - EUROPA CANTAT XX TALLINN 2018","isPartOf":{"@id":"https:\/\/ectallinn2018.ee\/#website"},"datePublished":"2017-09-18T14:19:41+00:00","dateModified":"2018-07-19T19:42:14+00:00","breadcrumb":{"@id":"https:\/\/ectallinn2018.ee\/family-offers\/#breadcrumb"},"inLanguage":"et","potentialAction":[{"@type":"ReadAction","target":["https:\/\/ectallinn2018.ee\/family-offers\/"]}]},{"@type":"BreadcrumbList","@id":"https:\/\/ectallinn2018.ee\/family-offers\/#breadcrumb","itemListElement":[{"@type":"ListItem","position":1,"name":"Home","item":"https:\/\/ectallinn2018.ee\/et\/"},{"@type":"ListItem","position":2,"name":"Perepakkumised"}]},{"@type":"WebSite","@id":"https:\/\/ectallinn2018.ee\/#website","url":"https:\/\/ectallinn2018.ee\/","name":"EUROPA CANTAT XX TALLINN 2018","description":"","potentialAction":[{"@type":"SearchAction","target":{"@type":"EntryPoint","urlTemplate":"https:\/\/ectallinn2018.ee\/?s={search_term_string}"},"query-input":"required name=search_term_string"}],"inLanguage":"et"}]}},"_links":{"self":[{"href":"https:\/\/ectallinn2018.ee\/et\/wp-json\/wp\/v2\/pages\/618"}],"collection":[{"href":"https:\/\/ectallinn2018.ee\/et\/wp-json\/wp\/v2\/pages"}],"about":[{"href":"https:\/\/ectallinn2018.ee\/et\/wp-json\/wp\/v2\/types\/page"}],"author":[{"embeddable":true,"href":"https:\/\/ectallinn2018.ee\/et\/wp-json\/wp\/v2\/users\/1"}],"replies":[{"embeddable":true,"href":"https:\/\/ectallinn2018.ee\/et\/wp-json\/wp\/v2\/comments?post=618"}],"version-history":[{"count":0,"href":"https:\/\/ectallinn2018.ee\/et\/wp-json\/wp\/v2\/pages\/618\/revisions"}],"wp:attachment":[{"href":"https:\/\/ectallinn2018.ee\/et\/wp-json\/wp\/v2\/media?parent=618"}],"curies":[{"name":"wp","href":"https:\/\/api.w.org\/{rel}","templated":true}]}}