{"id":606,"date":"2017-07-31T14:09:16","date_gmt":"2017-07-31T11:09:16","guid":{"rendered":"https:\/\/ectallinn2018.ee\/?page_id=606\/"},"modified":"2017-07-31T14:41:31","modified_gmt":"2017-07-31T11:41:31","slug":"uhislaulmine","status":"publish","type":"page","link":"https:\/\/ectallinn2018.ee\/et\/programm\/uhislaulmine\/","title":{"rendered":"\u00dchislaulmine"},"content":{"rendered":"<p>\u00dchislaulmine on igap\u00e4evane \u00fchine laulus\u00fcndmus, kuhu on K\u00d5IK oodatud laulma! See ei ole kooriproov ega ka koorikontsert selle k\u00f5ige traditsioonilisemas m\u00f5ttes, vaid pigem avatud \u00fcritus kuhu saavad k\u00f5ik tulla ilma mingisuguste tingimusteta, lihtsalt \u00fchiselt laulmise p\u00e4rast. Teisest k\u00fcljest v\u00f5ib \u00fchislaulmist vaadelda kui kontserti v\u00f5i proovi: Open Singing avab uksed uutesse maailmadesse, viib sind s\u00fcgavalt muusikasse ning muudab sind aktiivseks osaks muusikalisest kogemusest.<\/p>\n<p>Iga p\u00e4ev varajasel p\u00e4rastl\u00f5unal ootab <strong>Merja Rajala<\/strong> huvilisi kaasa laulma Raekoja platsile.\u00a0Teine, spetsiaalselt festivalist osav\u00f5tjatele m\u00f5eldud Open Singing toimub Vene Kultuurikesuses <strong>Lorenzo Donati<\/strong> jt. k\u00fclalisdirigentide juhendamisel. Teiste seas \u00f5pitakse ka 3. augustil Tallinna Lauluv\u00e4ljakul toimuva Eesti 100. s\u00fcnnip\u00e4evakontserdi laule. \u00dchislaulmise lauliku saavad k\u00f5ik festivalist osav\u00f5tjad!<\/p>\n<p>&nbsp;<\/p>\n<p>\t\t\t\t<img loading=\"lazy\" decoding=\"async\" src=\"https:\/\/ectallinn2018.ee\/wp-content\/uploads\/2017\/07\/img_0062.jpg\" alt=\"img_0062\" itemprop=\"image\" height=\"799\" width=\"1200\"  \/><br \/>\n\t\t\t\t<img loading=\"lazy\" decoding=\"async\" src=\"https:\/\/ectallinn2018.ee\/wp-content\/uploads\/2017\/07\/Merja_Rajala_fotograf_Hendrik_Kettunen-150x150.jpg\" alt=\"Foto: Hendrik Kettunen\" itemprop=\"image\" height=\"150\" width=\"150\"  \/><br \/>\n\t\tFoto: Hendrik Kettunen<\/p>\n<p><strong>Merja Rajala<\/strong>\u00a0(Soome) on l\u00f5petanud Helsingi Pop&amp;Jazz Konservatooriumi 1999 vokaalpedagoogina ning <em>Metropolia Ammattikorkeakoulu <\/em>Helsingis koori- ja orkestridirigendina 2013. Praegu omandab ta magistrikraadi\u00a0 maailmamuusika alal Sibeliuse Akadeemias ning r\u00fctmimuusika dirigeerimise alal Aalborgi Kuninglikus Muusikaakadeemias Taanis. Ta on koost\u00f6\u00f6d teinud mitmete tunnustatud kooridega (<em>Metropolia Ammattikorkeakoulu<\/em> koor,\u00a0 Helsingi Pop&amp;Jazz Konservatooriumi koor Con Caronca, kammerkoorid Audite ja Addictio, Grex Musicus, EMO Ensemble, Tampere Filharmoonia koor, Vox Polaris jt), \u00f5petanud laulmist Helsingi Pop&amp;Jazz Konservatooriumis ning <em>Stadia Ammattikorkeakoulus, <\/em>teinud hulgaliselt vokaalseadeid, viinud l\u00e4bi koolitusi jne. Praegu \u00f5petab Merzi Rajala laulmist <em>Metropolia Ammattikorkeakoulus <\/em>Helsingis, juhatab r\u00fctmimuusikat esitavat segakoori PARTITAA ning soome muusika\u00f5petajate ansamblit OPEN VOICE, laulab vokaalansamblites Adiemus ja AiA. Ta teeb ka koost\u00f6\u00f6d muusikateatritega \u2013 viimati tuli tema dirigeerimisel v\u00e4lja muusikal The Addams Family Oulu Linnateatris \u2013 ning on tunnustatud koolitaja nii Soomes kui v\u00e4ljaspool.<\/p>\n<p>\t\t\t\t<img loading=\"lazy\" decoding=\"async\" src=\"https:\/\/ectallinn2018.ee\/wp-content\/uploads\/2017\/07\/Lorenzo_Donati_-_2009_rosso_400x400-150x150.jpg\" alt=\"Lorenzo_Donati_-_2009_rosso_400x400\" itemprop=\"image\" height=\"150\" width=\"150\"  \/><\/p>\n<p><strong>Lorenzo Donati\u00a0<\/strong>(Itaalia) on helilooja, dirigent ja viiuldaja. Ta on esinenud koos ansamblitega Vocale Cox Cordis, Hesperimenta Vocal Ensemble di Arezzo ja Vocalia Consort di Roma ning v\u00f5itnud mitmeid rahvuslikke ja rahvusvahelisi auhindu (Arezzo, Gorizia, Lugano, Montorio, Montreux, Senlis, Vittorio Veneto). 2007 v\u00f5itis ta kaks esikohta rahvusvahelisel koorijuhtide konkursil Mariele Ventre Bolognas. 2010-2012 oli ta Itaalia Noortekoori dirigent. Tema heliloomingut on v\u00e4lja andnud Itaalia kirjastajad, Pizzicato Verlag, Carus Verlag jt. Donati juhendab koorimuusika ja heliloomingu kursusi nii Itaalias kui ka v\u00e4ljaspool, ta on olnud \u017e\u00fcriiliige mitmetel rahvusvahelistel konkurssidel. Lorenzo Donati \u00f5petab koorijuhtimist Trento konservatooriumis.<\/p>\n","protected":false},"excerpt":{"rendered":"<p>\u00dchislaulmine on igap\u00e4evane \u00fchine laulus\u00fcndmus, kuhu on K\u00d5IK oodatud laulma! See ei ole kooriproov ega ka koorikontsert selle k\u00f5ige traditsioonilisemas&#8230;<\/p>\n","protected":false},"author":1,"featured_media":0,"parent":125,"menu_order":0,"comment_status":"closed","ping_status":"closed","template":"","meta":{"_acf_changed":false,"ngg_post_thumbnail":0,"footnotes":"","_links_to":"","_links_to_target":""},"acf":[],"yoast_head":"<!-- This site is optimized with the Yoast SEO plugin v22.7 - https:\/\/yoast.com\/wordpress\/plugins\/seo\/ -->\n<title>\u00dchislaulmine - EUROPA CANTAT XX TALLINN 2018<\/title>\n<meta name=\"robots\" content=\"index, follow, max-snippet:-1, max-image-preview:large, max-video-preview:-1\" \/>\n<link rel=\"canonical\" href=\"https:\/\/ectallinn2018.ee\/programme\/open-singing\/\" \/>\n<meta property=\"og:locale\" content=\"et_EE\" \/>\n<meta property=\"og:type\" content=\"article\" \/>\n<meta property=\"og:title\" content=\"\u00dchislaulmine - EUROPA CANTAT XX TALLINN 2018\" \/>\n<meta property=\"og:description\" content=\"\u00dchislaulmine on igap\u00e4evane \u00fchine laulus\u00fcndmus, kuhu on K\u00d5IK oodatud laulma! See ei ole kooriproov ega ka koorikontsert selle k\u00f5ige traditsioonilisemas...\" \/>\n<meta property=\"og:url\" content=\"https:\/\/ectallinn2018.ee\/programme\/open-singing\/\" \/>\n<meta property=\"og:site_name\" content=\"EUROPA CANTAT XX TALLINN 2018\" \/>\n<meta property=\"article:modified_time\" content=\"2017-07-31T11:41:31+00:00\" \/>\n<meta property=\"og:image\" content=\"https:\/\/ectallinn2018.ee\/wp-content\/uploads\/2017\/07\/img_0062.jpg\" \/>\n<meta name=\"twitter:card\" content=\"summary_large_image\" \/>\n<meta name=\"twitter:label1\" content=\"Est. reading time\" \/>\n\t<meta name=\"twitter:data1\" content=\"2 minutit\" \/>\n<script type=\"application\/ld+json\" class=\"yoast-schema-graph\">{\"@context\":\"https:\/\/schema.org\",\"@graph\":[{\"@type\":\"WebPage\",\"@id\":\"https:\/\/ectallinn2018.ee\/programme\/open-singing\/\",\"url\":\"https:\/\/ectallinn2018.ee\/programme\/open-singing\/\",\"name\":\"\u00dchislaulmine - EUROPA CANTAT XX TALLINN 2018\",\"isPartOf\":{\"@id\":\"https:\/\/ectallinn2018.ee\/#website\"},\"primaryImageOfPage\":{\"@id\":\"https:\/\/ectallinn2018.ee\/programme\/open-singing\/#primaryimage\"},\"image\":{\"@id\":\"https:\/\/ectallinn2018.ee\/programme\/open-singing\/#primaryimage\"},\"thumbnailUrl\":\"https:\/\/ectallinn2018.ee\/wp-content\/uploads\/2017\/07\/img_0062.jpg\",\"datePublished\":\"2017-07-31T11:09:16+00:00\",\"dateModified\":\"2017-07-31T11:41:31+00:00\",\"breadcrumb\":{\"@id\":\"https:\/\/ectallinn2018.ee\/programme\/open-singing\/#breadcrumb\"},\"inLanguage\":\"et\",\"potentialAction\":[{\"@type\":\"ReadAction\",\"target\":[\"https:\/\/ectallinn2018.ee\/programme\/open-singing\/\"]}]},{\"@type\":\"ImageObject\",\"inLanguage\":\"et\",\"@id\":\"https:\/\/ectallinn2018.ee\/programme\/open-singing\/#primaryimage\",\"url\":\"https:\/\/ectallinn2018.ee\/wp-content\/uploads\/2017\/07\/img_0062.jpg\",\"contentUrl\":\"https:\/\/ectallinn2018.ee\/wp-content\/uploads\/2017\/07\/img_0062.jpg\"},{\"@type\":\"BreadcrumbList\",\"@id\":\"https:\/\/ectallinn2018.ee\/programme\/open-singing\/#breadcrumb\",\"itemListElement\":[{\"@type\":\"ListItem\",\"position\":1,\"name\":\"Home\",\"item\":\"https:\/\/ectallinn2018.ee\/et\/\"},{\"@type\":\"ListItem\",\"position\":2,\"name\":\"Programm\",\"item\":\"https:\/\/ectallinn2018.ee\/et\/programm\/\"},{\"@type\":\"ListItem\",\"position\":3,\"name\":\"\u00dchislaulmine\"}]},{\"@type\":\"WebSite\",\"@id\":\"https:\/\/ectallinn2018.ee\/#website\",\"url\":\"https:\/\/ectallinn2018.ee\/\",\"name\":\"EUROPA CANTAT XX TALLINN 2018\",\"description\":\"\",\"potentialAction\":[{\"@type\":\"SearchAction\",\"target\":{\"@type\":\"EntryPoint\",\"urlTemplate\":\"https:\/\/ectallinn2018.ee\/?s={search_term_string}\"},\"query-input\":\"required name=search_term_string\"}],\"inLanguage\":\"et\"}]}<\/script>\n<!-- \/ Yoast SEO plugin. -->","yoast_head_json":{"title":"\u00dchislaulmine - EUROPA CANTAT XX TALLINN 2018","robots":{"index":"index","follow":"follow","max-snippet":"max-snippet:-1","max-image-preview":"max-image-preview:large","max-video-preview":"max-video-preview:-1"},"canonical":"https:\/\/ectallinn2018.ee\/programme\/open-singing\/","og_locale":"et_EE","og_type":"article","og_title":"\u00dchislaulmine - EUROPA CANTAT XX TALLINN 2018","og_description":"\u00dchislaulmine on igap\u00e4evane \u00fchine laulus\u00fcndmus, kuhu on K\u00d5IK oodatud laulma! See ei ole kooriproov ega ka koorikontsert selle k\u00f5ige traditsioonilisemas...","og_url":"https:\/\/ectallinn2018.ee\/programme\/open-singing\/","og_site_name":"EUROPA CANTAT XX TALLINN 2018","article_modified_time":"2017-07-31T11:41:31+00:00","og_image":[{"url":"https:\/\/ectallinn2018.ee\/wp-content\/uploads\/2017\/07\/img_0062.jpg"}],"twitter_card":"summary_large_image","twitter_misc":{"Est. reading time":"2 minutit"},"schema":{"@context":"https:\/\/schema.org","@graph":[{"@type":"WebPage","@id":"https:\/\/ectallinn2018.ee\/programme\/open-singing\/","url":"https:\/\/ectallinn2018.ee\/programme\/open-singing\/","name":"\u00dchislaulmine - EUROPA CANTAT XX TALLINN 2018","isPartOf":{"@id":"https:\/\/ectallinn2018.ee\/#website"},"primaryImageOfPage":{"@id":"https:\/\/ectallinn2018.ee\/programme\/open-singing\/#primaryimage"},"image":{"@id":"https:\/\/ectallinn2018.ee\/programme\/open-singing\/#primaryimage"},"thumbnailUrl":"https:\/\/ectallinn2018.ee\/wp-content\/uploads\/2017\/07\/img_0062.jpg","datePublished":"2017-07-31T11:09:16+00:00","dateModified":"2017-07-31T11:41:31+00:00","breadcrumb":{"@id":"https:\/\/ectallinn2018.ee\/programme\/open-singing\/#breadcrumb"},"inLanguage":"et","potentialAction":[{"@type":"ReadAction","target":["https:\/\/ectallinn2018.ee\/programme\/open-singing\/"]}]},{"@type":"ImageObject","inLanguage":"et","@id":"https:\/\/ectallinn2018.ee\/programme\/open-singing\/#primaryimage","url":"https:\/\/ectallinn2018.ee\/wp-content\/uploads\/2017\/07\/img_0062.jpg","contentUrl":"https:\/\/ectallinn2018.ee\/wp-content\/uploads\/2017\/07\/img_0062.jpg"},{"@type":"BreadcrumbList","@id":"https:\/\/ectallinn2018.ee\/programme\/open-singing\/#breadcrumb","itemListElement":[{"@type":"ListItem","position":1,"name":"Home","item":"https:\/\/ectallinn2018.ee\/et\/"},{"@type":"ListItem","position":2,"name":"Programm","item":"https:\/\/ectallinn2018.ee\/et\/programm\/"},{"@type":"ListItem","position":3,"name":"\u00dchislaulmine"}]},{"@type":"WebSite","@id":"https:\/\/ectallinn2018.ee\/#website","url":"https:\/\/ectallinn2018.ee\/","name":"EUROPA CANTAT XX TALLINN 2018","description":"","potentialAction":[{"@type":"SearchAction","target":{"@type":"EntryPoint","urlTemplate":"https:\/\/ectallinn2018.ee\/?s={search_term_string}"},"query-input":"required name=search_term_string"}],"inLanguage":"et"}]}},"_links":{"self":[{"href":"https:\/\/ectallinn2018.ee\/et\/wp-json\/wp\/v2\/pages\/606"}],"collection":[{"href":"https:\/\/ectallinn2018.ee\/et\/wp-json\/wp\/v2\/pages"}],"about":[{"href":"https:\/\/ectallinn2018.ee\/et\/wp-json\/wp\/v2\/types\/page"}],"author":[{"embeddable":true,"href":"https:\/\/ectallinn2018.ee\/et\/wp-json\/wp\/v2\/users\/1"}],"replies":[{"embeddable":true,"href":"https:\/\/ectallinn2018.ee\/et\/wp-json\/wp\/v2\/comments?post=606"}],"version-history":[{"count":0,"href":"https:\/\/ectallinn2018.ee\/et\/wp-json\/wp\/v2\/pages\/606\/revisions"}],"up":[{"embeddable":true,"href":"https:\/\/ectallinn2018.ee\/et\/wp-json\/wp\/v2\/pages\/125"}],"wp:attachment":[{"href":"https:\/\/ectallinn2018.ee\/et\/wp-json\/wp\/v2\/media?parent=606"}],"curies":[{"name":"wp","href":"https:\/\/api.w.org\/{rel}","templated":true}]}}