{"id":495,"date":"2017-06-28T17:31:22","date_gmt":"2017-06-28T14:31:22","guid":{"rendered":"https:\/\/ectallinn2018.ee\/praktiline-informatsioon\/faq\/"},"modified":"2017-10-14T20:35:10","modified_gmt":"2017-10-14T17:35:10","slug":"kkk","status":"publish","type":"page","link":"https:\/\/ectallinn2018.ee\/et\/praktiline-informatsioon\/kkk\/","title":{"rendered":"KKK"},"content":{"rendered":"<h3>\n\t\tFestivalist<br \/>\n\t<\/h3>\n<p>\t\t\tKes saavad osaleda EUROPA CANTAT festivalil?<\/p>\n<p>EUROPA CANTAT on festival k\u00f5ikidele koorilauluarmastajatele: sa saad tulla \u00fcksi, ansambliga v\u00f5i kogu kooriga! Pakume huvitavat programme nii harrastuslauljatele kui ka edasij\u00f5udnutele \u2013 kui tutvud meie ateljeeprogrammiga, j\u00e4lgi esiteks tasemeid: A on k\u00f5ikidele, B on headele noodistlugejatele jne ning vali stiil\/repertuaar\/dirigent vastavalt oma tasemele. Kui registreerid, pane t\u00e4hele, et pead registreerima koorina kui soovid anda kontserti festivali raames.<\/p>\n<p>\t\t\tMillal toimub EUROPA CANTAT?<\/p>\n<p>EUROPA CANTAT toimub 27. juulist kuni 5. augustini 2018 Tallinnas.<\/p>\n<p>\t\t\tKuidas ma saan end festivalile registreerida?<\/p>\n<p>Sa saad registreerida festivalile l\u00e4bi meie veebip\u00f5hise registreerimisvormi. Vorm avatakse kodulehel <a href=\"http:\/\/www.ectallinn2018.ee\/\" target=\"_blank\" rel=\"noopener noreferrer\">http:\/\/www.ectallinn2018.ee\/<\/a> oktoobris 2017.<\/p>\n<p>\t\t\tMillal toimuvad ateljeed?<\/p>\n<p>Ateljee toimumine s\u00f5ltub valitud t\u00f6\u00f6toa pikkusest, kuid proovid on igal hommikul kell 9:00-12:30 ning viimase p\u00e4eva p\u00e4rastl\u00f5unal on l\u00f5ppkontsert, kuhu on k\u00f5ik kuulajad oodatud.<\/p>\n<p>\t\t\tKui palju on osav\u00f5tutasu?<\/p>\n<p>Osav\u00f5tutasuga saad tutvuda <a href=\"https:\/\/ectallinn2018.ee\/et\/praktiline-informatsioon\/osavotutasud\/\">siin<\/a><\/p>\n<p>\t\t\tKas ma pean ise oma majutust ja toitlustust broneerima?<\/p>\n<p>Sa ei pea ise broneerima majutust ega toitlustust \u2013 meie partner BaltoScandia Tours on saanud suurep\u00e4raseid pakkumisi festivalil osav\u00f5tjatele. Sa saad broneeridama majutust <a href=\"http:\/\/www.baltoscandia.ee\/ect18\" target=\"_blank\" rel=\"noopener noreferrer\">siin<\/a> here ning rohkem informatsiooni hinna ja hotelli kohta <a href=\"https:\/\/ectallinn2018.ee\/et\/praktiline-informatsioon\/majutus-ja-toitlustamine\/\" target=\"_blank\" rel=\"noopener noreferrer\">siin<\/a><\/p>\n<p>\t\t\tTahan osaleda festivalil kogu perega. Kas see on v\u00f5imalik? <\/p>\n<p>Muidugi, EUROPA CANTAT on festival k\u00f5igile! Pakume eriprogrammi lastele, et kogu perekond saaks osa v\u00f5tta muusikaprogrammidest \u2013 muusikalised lasteaiad professionaalse kasvatajaga lastele vanuses 0-3 ning 3-6. Kuni 10-aastased lapsed saavad liituda lastekooride ateljeega.<\/p>\n<h3>\n\t\tRegistreerimine<br \/>\n\t<\/h3>\n<p>\t\t\tKus ma saan registreerida?<\/p>\n<p>Festivalile saab registreerida ametlikult veebilehelt.<\/p>\n<p>\t\t\tKuidas p\u00e4\u00e4sen ligi oma registreerimisvormile?<\/p>\n<p>Registreerimise l\u00f5pus ilmub igale osalejale ainulaadne link, mille kaudu p\u00e4\u00e4sete ligi oma registreerimisvormile ja saate vajadusel t\u00e4iendada ja muuta. Palume teil see endal kopeerida ja salvestada.<\/p>\n<p>\t\t\tTahaksin osaleda festivalil oma kooriga, kuid k\u00f5ik liikmed tahavad osaleda erinevates ateljeedes. Mida ma teen?<\/p>\n<p>Soovitame teil oma koori jagada vastavalt ateljeede soovidele (n\u00e4iteks 10 inimest eelistavad esimesena ateljeed B15, 15 ininmest aga B12 jne) ning registreerida kooride gruppidena. Et teha korraldajate jaoks lihtsamaks <strong>palume lisada gruppidele koori nimi ja number<\/strong> (nt &#8220;Laululind 1&#8221;, &#8220;Laululind 2&#8221; jne).<\/p>\n<p>\t\t\tSooviksin muuta oma informatsiooni p\u00e4rast 31. detsembrit 2017. Kas ma saan seda teha?<\/p>\n<p>Jah, see on v\u00f5imalik l\u00e4bi lingi, mille saite esmase registreerimise l\u00f5pus. V\u00f5ite muuta nimesid ja toidukordi, kuid pange t\u00e4hele, et <strong>kui te lisate inimesi p\u00e4rast 31. detsembrit 2017, tuleb lisandunud inimese kohta 20 EUR lisa maksta.<\/strong><\/p>\n<p>\t\t\tRegistreerisin festivalile, kuid selgus, et ei saa osaleda. Kas saan t\u00fchistada oma registreerimise?<\/p>\n<p>Jah, saate t\u00fchistada, kuid me ei tagasta ettemaksu ning p\u00e4rast 30. aprilli 2018 ka teist makset.<\/p>\n<p>\t\t\tMillal on makset\u00e4htajad? <\/p>\n<p>Ettemaksu t\u00e4htaeg on 31. detsember 2017. P\u00e4rast selle tasumist kehtib registreerimine.<\/p>\n<p>\u00dclej\u00e4\u00e4nud summa makset\u00e4htaeg on 30. aprill 2018.<\/p>\n<p>\t\t\tKas ma saan maksta krediitkaardiga?<\/p>\n<p>Jah, saab, kuid maksele lisandub siis 2% vahendustasu. Samuti saab maksta ka tavalise panga\u00fclekandega.<\/p>\n","protected":false},"excerpt":{"rendered":"<p>Festivalist Kes saavad osaleda EUROPA CANTAT festivalil? EUROPA CANTAT on festival k\u00f5ikidele koorilauluarmastajatele: sa saad tulla \u00fcksi, ansambliga v\u00f5i kogu&#8230;<\/p>\n","protected":false},"author":1,"featured_media":0,"parent":208,"menu_order":50,"comment_status":"closed","ping_status":"closed","template":"","meta":{"_acf_changed":false,"ngg_post_thumbnail":0,"footnotes":"","_links_to":"","_links_to_target":""},"acf":[],"yoast_head":"<!-- This site is optimized with the Yoast SEO plugin v22.7 - https:\/\/yoast.com\/wordpress\/plugins\/seo\/ -->\n<title>KKK - EUROPA CANTAT XX TALLINN 2018<\/title>\n<meta name=\"robots\" content=\"index, follow, max-snippet:-1, max-image-preview:large, max-video-preview:-1\" \/>\n<link rel=\"canonical\" href=\"https:\/\/ectallinn2018.ee\/practical-information\/faq\/\" \/>\n<meta property=\"og:locale\" content=\"et_EE\" \/>\n<meta property=\"og:type\" content=\"article\" \/>\n<meta property=\"og:title\" content=\"KKK - EUROPA CANTAT XX TALLINN 2018\" \/>\n<meta property=\"og:description\" content=\"Festivalist Kes saavad osaleda EUROPA CANTAT festivalil? EUROPA CANTAT on festival k\u00f5ikidele koorilauluarmastajatele: sa saad tulla \u00fcksi, ansambliga v\u00f5i kogu...\" \/>\n<meta property=\"og:url\" content=\"https:\/\/ectallinn2018.ee\/practical-information\/faq\/\" \/>\n<meta property=\"og:site_name\" content=\"EUROPA CANTAT XX TALLINN 2018\" \/>\n<meta property=\"article:modified_time\" content=\"2017-10-14T17:35:10+00:00\" \/>\n<meta name=\"twitter:card\" content=\"summary_large_image\" \/>\n<meta name=\"twitter:label1\" content=\"Est. reading time\" \/>\n\t<meta name=\"twitter:data1\" content=\"2 minutit\" \/>\n<script type=\"application\/ld+json\" class=\"yoast-schema-graph\">{\"@context\":\"https:\/\/schema.org\",\"@graph\":[{\"@type\":\"WebPage\",\"@id\":\"https:\/\/ectallinn2018.ee\/practical-information\/faq\/\",\"url\":\"https:\/\/ectallinn2018.ee\/practical-information\/faq\/\",\"name\":\"KKK - EUROPA CANTAT XX TALLINN 2018\",\"isPartOf\":{\"@id\":\"https:\/\/ectallinn2018.ee\/#website\"},\"datePublished\":\"2017-06-28T14:31:22+00:00\",\"dateModified\":\"2017-10-14T17:35:10+00:00\",\"breadcrumb\":{\"@id\":\"https:\/\/ectallinn2018.ee\/practical-information\/faq\/#breadcrumb\"},\"inLanguage\":\"et\",\"potentialAction\":[{\"@type\":\"ReadAction\",\"target\":[\"https:\/\/ectallinn2018.ee\/practical-information\/faq\/\"]}]},{\"@type\":\"BreadcrumbList\",\"@id\":\"https:\/\/ectallinn2018.ee\/practical-information\/faq\/#breadcrumb\",\"itemListElement\":[{\"@type\":\"ListItem\",\"position\":1,\"name\":\"Home\",\"item\":\"https:\/\/ectallinn2018.ee\/et\/\"},{\"@type\":\"ListItem\",\"position\":2,\"name\":\"Praktiline informatsioon\",\"item\":\"https:\/\/ectallinn2018.ee\/practical-information\/\"},{\"@type\":\"ListItem\",\"position\":3,\"name\":\"KKK\"}]},{\"@type\":\"WebSite\",\"@id\":\"https:\/\/ectallinn2018.ee\/#website\",\"url\":\"https:\/\/ectallinn2018.ee\/\",\"name\":\"EUROPA CANTAT XX TALLINN 2018\",\"description\":\"\",\"potentialAction\":[{\"@type\":\"SearchAction\",\"target\":{\"@type\":\"EntryPoint\",\"urlTemplate\":\"https:\/\/ectallinn2018.ee\/?s={search_term_string}\"},\"query-input\":\"required name=search_term_string\"}],\"inLanguage\":\"et\"}]}<\/script>\n<!-- \/ Yoast SEO plugin. -->","yoast_head_json":{"title":"KKK - EUROPA CANTAT XX TALLINN 2018","robots":{"index":"index","follow":"follow","max-snippet":"max-snippet:-1","max-image-preview":"max-image-preview:large","max-video-preview":"max-video-preview:-1"},"canonical":"https:\/\/ectallinn2018.ee\/practical-information\/faq\/","og_locale":"et_EE","og_type":"article","og_title":"KKK - EUROPA CANTAT XX TALLINN 2018","og_description":"Festivalist Kes saavad osaleda EUROPA CANTAT festivalil? EUROPA CANTAT on festival k\u00f5ikidele koorilauluarmastajatele: sa saad tulla \u00fcksi, ansambliga v\u00f5i kogu...","og_url":"https:\/\/ectallinn2018.ee\/practical-information\/faq\/","og_site_name":"EUROPA CANTAT XX TALLINN 2018","article_modified_time":"2017-10-14T17:35:10+00:00","twitter_card":"summary_large_image","twitter_misc":{"Est. reading time":"2 minutit"},"schema":{"@context":"https:\/\/schema.org","@graph":[{"@type":"WebPage","@id":"https:\/\/ectallinn2018.ee\/practical-information\/faq\/","url":"https:\/\/ectallinn2018.ee\/practical-information\/faq\/","name":"KKK - EUROPA CANTAT XX TALLINN 2018","isPartOf":{"@id":"https:\/\/ectallinn2018.ee\/#website"},"datePublished":"2017-06-28T14:31:22+00:00","dateModified":"2017-10-14T17:35:10+00:00","breadcrumb":{"@id":"https:\/\/ectallinn2018.ee\/practical-information\/faq\/#breadcrumb"},"inLanguage":"et","potentialAction":[{"@type":"ReadAction","target":["https:\/\/ectallinn2018.ee\/practical-information\/faq\/"]}]},{"@type":"BreadcrumbList","@id":"https:\/\/ectallinn2018.ee\/practical-information\/faq\/#breadcrumb","itemListElement":[{"@type":"ListItem","position":1,"name":"Home","item":"https:\/\/ectallinn2018.ee\/et\/"},{"@type":"ListItem","position":2,"name":"Praktiline informatsioon","item":"https:\/\/ectallinn2018.ee\/practical-information\/"},{"@type":"ListItem","position":3,"name":"KKK"}]},{"@type":"WebSite","@id":"https:\/\/ectallinn2018.ee\/#website","url":"https:\/\/ectallinn2018.ee\/","name":"EUROPA CANTAT XX TALLINN 2018","description":"","potentialAction":[{"@type":"SearchAction","target":{"@type":"EntryPoint","urlTemplate":"https:\/\/ectallinn2018.ee\/?s={search_term_string}"},"query-input":"required name=search_term_string"}],"inLanguage":"et"}]}},"_links":{"self":[{"href":"https:\/\/ectallinn2018.ee\/et\/wp-json\/wp\/v2\/pages\/495"}],"collection":[{"href":"https:\/\/ectallinn2018.ee\/et\/wp-json\/wp\/v2\/pages"}],"about":[{"href":"https:\/\/ectallinn2018.ee\/et\/wp-json\/wp\/v2\/types\/page"}],"author":[{"embeddable":true,"href":"https:\/\/ectallinn2018.ee\/et\/wp-json\/wp\/v2\/users\/1"}],"replies":[{"embeddable":true,"href":"https:\/\/ectallinn2018.ee\/et\/wp-json\/wp\/v2\/comments?post=495"}],"version-history":[{"count":0,"href":"https:\/\/ectallinn2018.ee\/et\/wp-json\/wp\/v2\/pages\/495\/revisions"}],"up":[{"embeddable":true,"href":"https:\/\/ectallinn2018.ee\/et\/wp-json\/wp\/v2\/pages\/208"}],"wp:attachment":[{"href":"https:\/\/ectallinn2018.ee\/et\/wp-json\/wp\/v2\/media?parent=495"}],"curies":[{"name":"wp","href":"https:\/\/api.w.org\/{rel}","templated":true}]}}