{"id":493,"date":"2017-06-28T17:26:58","date_gmt":"2017-06-28T14:26:58","guid":{"rendered":"https:\/\/ectallinn2018.ee\/praktiline-informatsioon\/participation-fees\/"},"modified":"2017-10-17T10:42:50","modified_gmt":"2017-10-17T07:42:50","slug":"osavotutasud","status":"publish","type":"page","link":"https:\/\/ectallinn2018.ee\/et\/praktiline-informatsioon\/osavotutasud\/","title":{"rendered":"Osav\u00f5tutasud"},"content":{"rendered":"<p>Osalemaks festivalil 8, 4 v\u00f5i 3 p\u00e4eva on vaja tasuda osav\u00f5tumaksu, mis sisaldab k\u00f5iki hommikusi tegevusi (ateljeed, \u00fchep\u00e4evased ateljeed, eriprogrammid), igap\u00e4evased \u00fchislaulmised ning tasuta sissep\u00e4\u00e4sud k\u00f5ikidele festivalikontsertidele ning ka lauluraamat ja festivali programmiraamat.<\/p>\n<p>Osav\u00f5tumaks kehtib ka k\u00f5ikidele dirigentidele, heliloojatele, pianistidele, muusikutele, bussijuhtidele ning k\u00f5ikidele teistele kaasasolevatele inimestele juhul, kui soovivad kasutada festivali poolt pakutavaid teenuseid ning vajavad seet\u00f5ttu festivalipassi.<\/p>\n<table cellspacing=\"0\" cellpadding=\"0\">\n<tbody>\n<tr>\n<td><strong>Kogu festivaliperiood <\/strong><br \/>\n<strong>(27.7.-5.8)<\/strong><\/td>\n<td><strong>Pool festivaliperioodist<\/strong><br \/>\n<strong>(27.7-1.8)<\/strong><\/td>\n<td><strong>S\u00fcnnip\u00e4evakontsert <\/strong><br \/>\n<strong>(1.8-5.8)<\/strong><\/td>\n<\/tr>\n<tr>\n<td colspan=\"3\"><strong>Noor (s\u00fcndinud p\u00e4rast 5. augusti 1991) <\/strong><br \/>\n<strong>Noortekollektiivid (keskmine laulja vanus 25)<\/strong><\/td>\n<\/tr>\n<tr>\n<td>\u20ac50\/inimene<\/td>\n<td>\u20ac30\/inimene<\/td>\n<td>\u20ac20\/inimene<\/td>\n<\/tr>\n<tr>\n<td colspan=\"3\"><strong>27 v\u00f5i vanem <\/strong><br \/>\n<strong>T\u00e4iskasvanute kollektiivid<\/strong><\/td>\n<\/tr>\n<tr>\n<td>\u20ac100\/inimene<\/td>\n<td>\u20ac75\/inimene<\/td>\n<td>\u20ac50\/inimene<\/td>\n<\/tr>\n<\/tbody>\n<\/table>\n<h3>Maksmine ja t\u00fchistamine<\/h3>\n<p>Registreerimine kehtib vaid p\u00e4rast ettemaksu 100 EUR tasumist hiljemalt 31. detsembriks 2017. Ettemaksu ei tagastata.<\/p>\n<p>\u00dclej\u00e4\u00e4nud osav\u00f5tutasu (sealhulgas toitlustus) peab olema makstud enne 30. aprilli 2018. Kui te t\u00fchistate osav\u00f5tu p\u00e4rast 30. aprilli 2018, teist makset ei tagastata. T\u00fchistamise tingimused kehtivad k\u00f5ikidele juhtumitele, vaatamata t\u00fchistamise p\u00f5hjustele.<\/p>\n<p>Soovitame riskide katteks v\u00f5tta kindlustuse.<\/p>\n<p>V\u00f5imalus maksta veebis krediitkaardiga (vahendustasuga 2%) v\u00f5i panga\u00fclekandega.<\/p>\n<p><img loading=\"lazy\" decoding=\"async\" src=\"https:\/\/ectallinn2018.ee\/wp-content\/uploads\/2017\/06\/nets_estonia.png\" alt=\"\" width=\"104\" height=\"31\" \/><\/p>\n<p>&nbsp;<\/p>\n","protected":false},"excerpt":{"rendered":"<p>Osalemaks festivalil 8, 4 v\u00f5i 3 p\u00e4eva on vaja tasuda osav\u00f5tumaksu, mis sisaldab k\u00f5iki hommikusi tegevusi (ateljeed, \u00fchep\u00e4evased ateljeed, eriprogrammid),&#8230;<\/p>\n","protected":false},"author":1,"featured_media":0,"parent":208,"menu_order":30,"comment_status":"closed","ping_status":"closed","template":"","meta":{"_acf_changed":false,"ngg_post_thumbnail":0,"footnotes":"","_links_to":"","_links_to_target":""},"acf":[],"yoast_head":"<!-- This site is optimized with the Yoast SEO plugin v22.7 - https:\/\/yoast.com\/wordpress\/plugins\/seo\/ -->\n<title>Osav\u00f5tutasud - EUROPA CANTAT XX TALLINN 2018<\/title>\n<meta name=\"robots\" content=\"index, follow, max-snippet:-1, max-image-preview:large, max-video-preview:-1\" \/>\n<link rel=\"canonical\" href=\"https:\/\/ectallinn2018.ee\/practical-information\/participation-fees\/\" \/>\n<meta property=\"og:locale\" content=\"et_EE\" \/>\n<meta property=\"og:type\" content=\"article\" \/>\n<meta property=\"og:title\" content=\"Osav\u00f5tutasud - EUROPA CANTAT XX TALLINN 2018\" \/>\n<meta property=\"og:description\" content=\"Osalemaks festivalil 8, 4 v\u00f5i 3 p\u00e4eva on vaja tasuda osav\u00f5tumaksu, mis sisaldab k\u00f5iki hommikusi tegevusi (ateljeed, \u00fchep\u00e4evased ateljeed, eriprogrammid),...\" \/>\n<meta property=\"og:url\" content=\"https:\/\/ectallinn2018.ee\/practical-information\/participation-fees\/\" \/>\n<meta property=\"og:site_name\" content=\"EUROPA CANTAT XX TALLINN 2018\" \/>\n<meta property=\"article:modified_time\" content=\"2017-10-17T07:42:50+00:00\" \/>\n<meta property=\"og:image\" content=\"https:\/\/ectallinn2018.ee\/wp-content\/uploads\/2017\/06\/nets_estonia.png\" \/>\n<meta name=\"twitter:card\" content=\"summary_large_image\" \/>\n<meta name=\"twitter:label1\" content=\"Est. reading time\" \/>\n\t<meta name=\"twitter:data1\" content=\"1 minut\" \/>\n<script type=\"application\/ld+json\" class=\"yoast-schema-graph\">{\"@context\":\"https:\/\/schema.org\",\"@graph\":[{\"@type\":\"WebPage\",\"@id\":\"https:\/\/ectallinn2018.ee\/practical-information\/participation-fees\/\",\"url\":\"https:\/\/ectallinn2018.ee\/practical-information\/participation-fees\/\",\"name\":\"Osav\u00f5tutasud - EUROPA CANTAT XX TALLINN 2018\",\"isPartOf\":{\"@id\":\"https:\/\/ectallinn2018.ee\/#website\"},\"primaryImageOfPage\":{\"@id\":\"https:\/\/ectallinn2018.ee\/practical-information\/participation-fees\/#primaryimage\"},\"image\":{\"@id\":\"https:\/\/ectallinn2018.ee\/practical-information\/participation-fees\/#primaryimage\"},\"thumbnailUrl\":\"https:\/\/ectallinn2018.ee\/wp-content\/uploads\/2017\/06\/nets_estonia.png\",\"datePublished\":\"2017-06-28T14:26:58+00:00\",\"dateModified\":\"2017-10-17T07:42:50+00:00\",\"breadcrumb\":{\"@id\":\"https:\/\/ectallinn2018.ee\/practical-information\/participation-fees\/#breadcrumb\"},\"inLanguage\":\"et\",\"potentialAction\":[{\"@type\":\"ReadAction\",\"target\":[\"https:\/\/ectallinn2018.ee\/practical-information\/participation-fees\/\"]}]},{\"@type\":\"ImageObject\",\"inLanguage\":\"et\",\"@id\":\"https:\/\/ectallinn2018.ee\/practical-information\/participation-fees\/#primaryimage\",\"url\":\"https:\/\/ectallinn2018.ee\/wp-content\/uploads\/2017\/06\/nets_estonia.png\",\"contentUrl\":\"https:\/\/ectallinn2018.ee\/wp-content\/uploads\/2017\/06\/nets_estonia.png\"},{\"@type\":\"BreadcrumbList\",\"@id\":\"https:\/\/ectallinn2018.ee\/practical-information\/participation-fees\/#breadcrumb\",\"itemListElement\":[{\"@type\":\"ListItem\",\"position\":1,\"name\":\"Home\",\"item\":\"https:\/\/ectallinn2018.ee\/et\/\"},{\"@type\":\"ListItem\",\"position\":2,\"name\":\"Praktiline informatsioon\",\"item\":\"https:\/\/ectallinn2018.ee\/practical-information\/\"},{\"@type\":\"ListItem\",\"position\":3,\"name\":\"Osav\u00f5tutasud\"}]},{\"@type\":\"WebSite\",\"@id\":\"https:\/\/ectallinn2018.ee\/#website\",\"url\":\"https:\/\/ectallinn2018.ee\/\",\"name\":\"EUROPA CANTAT XX TALLINN 2018\",\"description\":\"\",\"potentialAction\":[{\"@type\":\"SearchAction\",\"target\":{\"@type\":\"EntryPoint\",\"urlTemplate\":\"https:\/\/ectallinn2018.ee\/?s={search_term_string}\"},\"query-input\":\"required name=search_term_string\"}],\"inLanguage\":\"et\"}]}<\/script>\n<!-- \/ Yoast SEO plugin. -->","yoast_head_json":{"title":"Osav\u00f5tutasud - EUROPA CANTAT XX TALLINN 2018","robots":{"index":"index","follow":"follow","max-snippet":"max-snippet:-1","max-image-preview":"max-image-preview:large","max-video-preview":"max-video-preview:-1"},"canonical":"https:\/\/ectallinn2018.ee\/practical-information\/participation-fees\/","og_locale":"et_EE","og_type":"article","og_title":"Osav\u00f5tutasud - EUROPA CANTAT XX TALLINN 2018","og_description":"Osalemaks festivalil 8, 4 v\u00f5i 3 p\u00e4eva on vaja tasuda osav\u00f5tumaksu, mis sisaldab k\u00f5iki hommikusi tegevusi (ateljeed, \u00fchep\u00e4evased ateljeed, eriprogrammid),...","og_url":"https:\/\/ectallinn2018.ee\/practical-information\/participation-fees\/","og_site_name":"EUROPA CANTAT XX TALLINN 2018","article_modified_time":"2017-10-17T07:42:50+00:00","og_image":[{"url":"https:\/\/ectallinn2018.ee\/wp-content\/uploads\/2017\/06\/nets_estonia.png"}],"twitter_card":"summary_large_image","twitter_misc":{"Est. reading time":"1 minut"},"schema":{"@context":"https:\/\/schema.org","@graph":[{"@type":"WebPage","@id":"https:\/\/ectallinn2018.ee\/practical-information\/participation-fees\/","url":"https:\/\/ectallinn2018.ee\/practical-information\/participation-fees\/","name":"Osav\u00f5tutasud - EUROPA CANTAT XX TALLINN 2018","isPartOf":{"@id":"https:\/\/ectallinn2018.ee\/#website"},"primaryImageOfPage":{"@id":"https:\/\/ectallinn2018.ee\/practical-information\/participation-fees\/#primaryimage"},"image":{"@id":"https:\/\/ectallinn2018.ee\/practical-information\/participation-fees\/#primaryimage"},"thumbnailUrl":"https:\/\/ectallinn2018.ee\/wp-content\/uploads\/2017\/06\/nets_estonia.png","datePublished":"2017-06-28T14:26:58+00:00","dateModified":"2017-10-17T07:42:50+00:00","breadcrumb":{"@id":"https:\/\/ectallinn2018.ee\/practical-information\/participation-fees\/#breadcrumb"},"inLanguage":"et","potentialAction":[{"@type":"ReadAction","target":["https:\/\/ectallinn2018.ee\/practical-information\/participation-fees\/"]}]},{"@type":"ImageObject","inLanguage":"et","@id":"https:\/\/ectallinn2018.ee\/practical-information\/participation-fees\/#primaryimage","url":"https:\/\/ectallinn2018.ee\/wp-content\/uploads\/2017\/06\/nets_estonia.png","contentUrl":"https:\/\/ectallinn2018.ee\/wp-content\/uploads\/2017\/06\/nets_estonia.png"},{"@type":"BreadcrumbList","@id":"https:\/\/ectallinn2018.ee\/practical-information\/participation-fees\/#breadcrumb","itemListElement":[{"@type":"ListItem","position":1,"name":"Home","item":"https:\/\/ectallinn2018.ee\/et\/"},{"@type":"ListItem","position":2,"name":"Praktiline informatsioon","item":"https:\/\/ectallinn2018.ee\/practical-information\/"},{"@type":"ListItem","position":3,"name":"Osav\u00f5tutasud"}]},{"@type":"WebSite","@id":"https:\/\/ectallinn2018.ee\/#website","url":"https:\/\/ectallinn2018.ee\/","name":"EUROPA CANTAT XX TALLINN 2018","description":"","potentialAction":[{"@type":"SearchAction","target":{"@type":"EntryPoint","urlTemplate":"https:\/\/ectallinn2018.ee\/?s={search_term_string}"},"query-input":"required name=search_term_string"}],"inLanguage":"et"}]}},"_links":{"self":[{"href":"https:\/\/ectallinn2018.ee\/et\/wp-json\/wp\/v2\/pages\/493"}],"collection":[{"href":"https:\/\/ectallinn2018.ee\/et\/wp-json\/wp\/v2\/pages"}],"about":[{"href":"https:\/\/ectallinn2018.ee\/et\/wp-json\/wp\/v2\/types\/page"}],"author":[{"embeddable":true,"href":"https:\/\/ectallinn2018.ee\/et\/wp-json\/wp\/v2\/users\/1"}],"replies":[{"embeddable":true,"href":"https:\/\/ectallinn2018.ee\/et\/wp-json\/wp\/v2\/comments?post=493"}],"version-history":[{"count":0,"href":"https:\/\/ectallinn2018.ee\/et\/wp-json\/wp\/v2\/pages\/493\/revisions"}],"up":[{"embeddable":true,"href":"https:\/\/ectallinn2018.ee\/et\/wp-json\/wp\/v2\/pages\/208"}],"wp:attachment":[{"href":"https:\/\/ectallinn2018.ee\/et\/wp-json\/wp\/v2\/media?parent=493"}],"curies":[{"name":"wp","href":"https:\/\/api.w.org\/{rel}","templated":true}]}}