{"id":491,"date":"2017-06-28T17:16:20","date_gmt":"2017-06-28T14:16:20","guid":{"rendered":"https:\/\/ectallinn2018.ee\/praktiline-informatsioon\/participation-packages\/"},"modified":"2018-05-10T18:05:26","modified_gmt":"2018-05-10T15:05:26","slug":"osavotuvoimalused","status":"publish","type":"page","link":"https:\/\/ectallinn2018.ee\/et\/praktiline-informatsioon\/osavotuvoimalused\/","title":{"rendered":"Osav\u00f5tuv\u00f5imalused"},"content":{"rendered":"<h3>Osalemine festivalil 8, 4 v\u00f5i 3 p\u00e4eva<\/h3>\n<p><strong>EUROPA CANTATil saab osaleda: <\/strong><\/p>\n<ul>\n<li><strong>kogu festivaliperioodi<\/strong> (8 p\u00e4eva, muusikaprogramm algab 28. juulil kell 9.30)<br \/>\nOsaleja saab valida k\u00f5ikide ateljeede hulgast sobiva, kaasa arvatud \u00fchep\u00e4evaste ning dirigentide ja heliloojate programmi vahel ning kui osaletakse festivalil kooriga, saab esineda festivalikontserdil ajavahemikus 28. juuli kuni 31. juuli ning ka muudel kontsertidel (vaata \u201e<a href=\"https:\/\/ectallinn2018.ee\/et\/praktiline-informatsioon\/esine-oma-kooriga\/\">Esine oma kooriga!<\/a>\u201d) Eelk\u00f5ige saab kogeda kogu festivali k\u00f5ikide kontsertide ja muude pakkumistega, kaasa arvatud ainulaadset Eesti s\u00fcnnip\u00e4evakontserti 3. augustil.<\/li>\n<li><strong>pool festivaliperioodi<\/strong> (4 esimest p\u00e4eva, muusikaprogramm algab 28. juulil kell 9.30 ning l\u00f5peb 31. juulil viimase kontserdiga)<br \/>\nOsaleja saab valida neljap\u00e4evaste ateljeede hulgast sobiva v\u00f5i osaleda \u00fchep\u00e4evastes ateljeedes v\u00f5i dirigentide ja heliloojate programmis ajavahemiks 28. juuli kui 31. juuli. Kui osaletakse festivalil kooriga, saab esineda ka festivalikontsertidel ajavahemikus 28. juuli kuni 31. juuli ning muudel kontsertidel festivali esimesel neljal p\u00e4eval (vaata \u201e<a href=\"https:\/\/ectallinn2018.ee\/et\/praktiline-informatsioon\/esine-oma-kooriga\/\">Esine oma kooriga!<\/a>\u201d). Osaleda ei saa festivali viimasel kolmel p\u00e4eval ning Eesti s\u00fcnnip\u00e4evakontserdil 3. augustil.<\/li>\n<li><strong>s\u00fcnnip\u00e4evakontserdil<\/strong> (3 viimast p\u00e4eva, algab 1. augustil \u00f5htuste kontsertidega)<br \/>\nOsaleja ei saa osaleda \u00fchelgi nelja- kuni kaheksap\u00e4evases ateljees. K\u00fcll aga saab osaleda \u00fchep\u00e4evastes ateljeedes (n\u00e4iteks valmistada ette s\u00fcnnip\u00e4evakontserdiks) v\u00f5i dirigentide ja heliloojate programmis 2.-4. augusti hommikul. Kui osaletakse kooriga, saab kandideerida esinejaks 1. augustil toimuvale promenaadikontserdile v\u00f5i esineda vabas \u00f5hus. Eelk\u00f5ige on v\u00f5imalus nautida festivali viimaseid p\u00e4evi ning ainulaadset Eesti s\u00fcnnip\u00e4evakontserti 3. augustil.<\/li>\n<\/ul>\n<p>Kui osaled festivalil kogu perioodi ning su ateljee l\u00f5peb neljandal, viiendal, kuuendal v\u00f5i seitsmendal p\u00e4eval, saab vabadel p\u00e4evadel osaleda \u00fchep\u00e4evastel ateljeedel v\u00f5i dirigentide ja heliloojate programmi v\u00f5i nautida festivalimelu.<\/p>\n<ul>\n<li>Festival algab reedel, 27. juulil registreerimisega ning ava\u00fcritusega.<\/li>\n<li><strong>Kogu festivaliperiood<\/strong> on 8 p\u00e4eva alates 28. juulist kuni 4. augustini (saabumine 27. juuli ning lahkumine 5. augustil).<\/li>\n<li><strong>Pool festivaliperioodi<\/strong> on 4 p\u00e4eva alates 28. juulist kuni 31. juulini (saabumine 27. juulil ning lahkumine 1. augusti hommikul).<\/li>\n<li><strong>S\u00fcnnip\u00e4evakontsert<\/strong> on osalemisv\u00f5imalus 1. augustist kuni 5. augustini (saabumine 1. augusti p\u00e4rastl\u00f5unal ning lahkumine 5. augustil)&nbsp;<\/li>\n<\/ul>\n<p>Festivalile registreerimine algab <strong>oktoobris 2017<\/strong><\/p>\n<h3>\u00dchep\u00e4evased piletid<\/h3>\n<p>Kui sa tahad osaleda festivalimelus, kuid saad osaleda vaid \u00fcksikud p\u00e4evad, on v\u00f5imalik tulla ka m\u00f5neks p\u00e4evaks osaledes \u00fchep\u00e4evastes ateljeedes v\u00f5i dirigentide ja heliloojate programmis, \u00fchislaulmistel ja festivalikontsertidel. \u00dchep\u00e4evaseid pileteid saab osta ette alates <strong>m\u00e4rtsist 2018<\/strong> v\u00f5i osalemisp\u00e4eva hommikul. \u00dchep\u00e4evaste piletitega osaljead peavad ise oma majutuse ja toitlustuse korraldama.<\/p>\n","protected":false},"excerpt":{"rendered":"<p>Osalemine festivalil 8, 4 v\u00f5i 3 p\u00e4eva EUROPA CANTATil saab osaleda: kogu festivaliperioodi (8 p\u00e4eva, muusikaprogramm algab 28. juulil kell&#8230;<\/p>\n","protected":false},"author":1,"featured_media":0,"parent":208,"menu_order":10,"comment_status":"closed","ping_status":"closed","template":"","meta":{"_acf_changed":false,"ngg_post_thumbnail":0,"footnotes":"","_links_to":"","_links_to_target":""},"acf":[],"yoast_head":"<!-- This site is optimized with the Yoast SEO plugin v22.7 - https:\/\/yoast.com\/wordpress\/plugins\/seo\/ -->\n<title>Osav\u00f5tuv\u00f5imalused - EUROPA CANTAT XX TALLINN 2018<\/title>\n<meta name=\"robots\" content=\"index, follow, max-snippet:-1, max-image-preview:large, max-video-preview:-1\" \/>\n<link rel=\"canonical\" href=\"https:\/\/ectallinn2018.ee\/practical-information\/participation-packages\/\" \/>\n<meta property=\"og:locale\" content=\"et_EE\" \/>\n<meta property=\"og:type\" content=\"article\" \/>\n<meta property=\"og:title\" content=\"Osav\u00f5tuv\u00f5imalused - EUROPA CANTAT XX TALLINN 2018\" \/>\n<meta property=\"og:description\" content=\"Osalemine festivalil 8, 4 v\u00f5i 3 p\u00e4eva EUROPA CANTATil saab osaleda: kogu festivaliperioodi (8 p\u00e4eva, muusikaprogramm algab 28. juulil kell...\" \/>\n<meta property=\"og:url\" content=\"https:\/\/ectallinn2018.ee\/practical-information\/participation-packages\/\" \/>\n<meta property=\"og:site_name\" content=\"EUROPA CANTAT XX TALLINN 2018\" \/>\n<meta property=\"article:modified_time\" content=\"2018-05-10T15:05:26+00:00\" \/>\n<meta name=\"twitter:card\" content=\"summary_large_image\" \/>\n<meta name=\"twitter:label1\" content=\"Est. reading time\" \/>\n\t<meta name=\"twitter:data1\" content=\"2 minutit\" \/>\n<script type=\"application\/ld+json\" class=\"yoast-schema-graph\">{\"@context\":\"https:\/\/schema.org\",\"@graph\":[{\"@type\":\"WebPage\",\"@id\":\"https:\/\/ectallinn2018.ee\/practical-information\/participation-packages\/\",\"url\":\"https:\/\/ectallinn2018.ee\/practical-information\/participation-packages\/\",\"name\":\"Osav\u00f5tuv\u00f5imalused - EUROPA CANTAT XX TALLINN 2018\",\"isPartOf\":{\"@id\":\"https:\/\/ectallinn2018.ee\/#website\"},\"datePublished\":\"2017-06-28T14:16:20+00:00\",\"dateModified\":\"2018-05-10T15:05:26+00:00\",\"breadcrumb\":{\"@id\":\"https:\/\/ectallinn2018.ee\/practical-information\/participation-packages\/#breadcrumb\"},\"inLanguage\":\"et\",\"potentialAction\":[{\"@type\":\"ReadAction\",\"target\":[\"https:\/\/ectallinn2018.ee\/practical-information\/participation-packages\/\"]}]},{\"@type\":\"BreadcrumbList\",\"@id\":\"https:\/\/ectallinn2018.ee\/practical-information\/participation-packages\/#breadcrumb\",\"itemListElement\":[{\"@type\":\"ListItem\",\"position\":1,\"name\":\"Home\",\"item\":\"https:\/\/ectallinn2018.ee\/et\/\"},{\"@type\":\"ListItem\",\"position\":2,\"name\":\"Praktiline informatsioon\",\"item\":\"https:\/\/ectallinn2018.ee\/practical-information\/\"},{\"@type\":\"ListItem\",\"position\":3,\"name\":\"Osav\u00f5tuv\u00f5imalused\"}]},{\"@type\":\"WebSite\",\"@id\":\"https:\/\/ectallinn2018.ee\/#website\",\"url\":\"https:\/\/ectallinn2018.ee\/\",\"name\":\"EUROPA CANTAT XX TALLINN 2018\",\"description\":\"\",\"potentialAction\":[{\"@type\":\"SearchAction\",\"target\":{\"@type\":\"EntryPoint\",\"urlTemplate\":\"https:\/\/ectallinn2018.ee\/?s={search_term_string}\"},\"query-input\":\"required name=search_term_string\"}],\"inLanguage\":\"et\"}]}<\/script>\n<!-- \/ Yoast SEO plugin. -->","yoast_head_json":{"title":"Osav\u00f5tuv\u00f5imalused - EUROPA CANTAT XX TALLINN 2018","robots":{"index":"index","follow":"follow","max-snippet":"max-snippet:-1","max-image-preview":"max-image-preview:large","max-video-preview":"max-video-preview:-1"},"canonical":"https:\/\/ectallinn2018.ee\/practical-information\/participation-packages\/","og_locale":"et_EE","og_type":"article","og_title":"Osav\u00f5tuv\u00f5imalused - EUROPA CANTAT XX TALLINN 2018","og_description":"Osalemine festivalil 8, 4 v\u00f5i 3 p\u00e4eva EUROPA CANTATil saab osaleda: kogu festivaliperioodi (8 p\u00e4eva, muusikaprogramm algab 28. juulil kell...","og_url":"https:\/\/ectallinn2018.ee\/practical-information\/participation-packages\/","og_site_name":"EUROPA CANTAT XX TALLINN 2018","article_modified_time":"2018-05-10T15:05:26+00:00","twitter_card":"summary_large_image","twitter_misc":{"Est. reading time":"2 minutit"},"schema":{"@context":"https:\/\/schema.org","@graph":[{"@type":"WebPage","@id":"https:\/\/ectallinn2018.ee\/practical-information\/participation-packages\/","url":"https:\/\/ectallinn2018.ee\/practical-information\/participation-packages\/","name":"Osav\u00f5tuv\u00f5imalused - EUROPA CANTAT XX TALLINN 2018","isPartOf":{"@id":"https:\/\/ectallinn2018.ee\/#website"},"datePublished":"2017-06-28T14:16:20+00:00","dateModified":"2018-05-10T15:05:26+00:00","breadcrumb":{"@id":"https:\/\/ectallinn2018.ee\/practical-information\/participation-packages\/#breadcrumb"},"inLanguage":"et","potentialAction":[{"@type":"ReadAction","target":["https:\/\/ectallinn2018.ee\/practical-information\/participation-packages\/"]}]},{"@type":"BreadcrumbList","@id":"https:\/\/ectallinn2018.ee\/practical-information\/participation-packages\/#breadcrumb","itemListElement":[{"@type":"ListItem","position":1,"name":"Home","item":"https:\/\/ectallinn2018.ee\/et\/"},{"@type":"ListItem","position":2,"name":"Praktiline informatsioon","item":"https:\/\/ectallinn2018.ee\/practical-information\/"},{"@type":"ListItem","position":3,"name":"Osav\u00f5tuv\u00f5imalused"}]},{"@type":"WebSite","@id":"https:\/\/ectallinn2018.ee\/#website","url":"https:\/\/ectallinn2018.ee\/","name":"EUROPA CANTAT XX TALLINN 2018","description":"","potentialAction":[{"@type":"SearchAction","target":{"@type":"EntryPoint","urlTemplate":"https:\/\/ectallinn2018.ee\/?s={search_term_string}"},"query-input":"required name=search_term_string"}],"inLanguage":"et"}]}},"_links":{"self":[{"href":"https:\/\/ectallinn2018.ee\/et\/wp-json\/wp\/v2\/pages\/491"}],"collection":[{"href":"https:\/\/ectallinn2018.ee\/et\/wp-json\/wp\/v2\/pages"}],"about":[{"href":"https:\/\/ectallinn2018.ee\/et\/wp-json\/wp\/v2\/types\/page"}],"author":[{"embeddable":true,"href":"https:\/\/ectallinn2018.ee\/et\/wp-json\/wp\/v2\/users\/1"}],"replies":[{"embeddable":true,"href":"https:\/\/ectallinn2018.ee\/et\/wp-json\/wp\/v2\/comments?post=491"}],"version-history":[{"count":0,"href":"https:\/\/ectallinn2018.ee\/et\/wp-json\/wp\/v2\/pages\/491\/revisions"}],"up":[{"embeddable":true,"href":"https:\/\/ectallinn2018.ee\/et\/wp-json\/wp\/v2\/pages\/208"}],"wp:attachment":[{"href":"https:\/\/ectallinn2018.ee\/et\/wp-json\/wp\/v2\/media?parent=491"}],"curies":[{"name":"wp","href":"https:\/\/api.w.org\/{rel}","templated":true}]}}