{"id":226,"date":"2017-02-02T15:20:29","date_gmt":"2017-02-02T13:20:29","guid":{"rendered":"https:\/\/ectallinn2018.ee\/?page_id=226\/"},"modified":"2018-07-30T17:50:59","modified_gmt":"2018-07-30T14:50:59","slug":"dirigentide-ja-heliloojate-programm","status":"publish","type":"page","link":"https:\/\/ectallinn2018.ee\/et\/programm\/dirigentide-ja-heliloojate-programm\/","title":{"rendered":"Dirigentide ja heliloojate programm"},"content":{"rendered":"<p>Dirigentide ja heliloojate programm (CCP) on festivali k\u00f5rvalprogramm, mille koostamisel on l\u00e4htutud eelk\u00f5ige dirigentide ja heliloojate huvidest, kuid pakub p\u00f5nevaid t\u00f6\u00f6tube ja loenguid ka muusika\u00f5petajatele ja m\u00e4ned\u017eeridele.<br \/>\nIga hommik algab plenaaristungiga, kus tutvustatakse erinevaid h\u00e4\u00e4le soojendamise harjutusi, p\u00e4eva programmi ning heliloojat l\u00fchikesel <a href=\"https:\/\/ectallinn2018.ee\/et\/heliloojate-esitlus\/\">\u201cshowcase\u201d-ettekandel<\/a>. Sellele j\u00e4rgneb kaks \u00fchetunnist paralleelsessiooni t\u00f6\u00f6tubade, seminaride, loengute, ettekannete, repertuaaritutvustuste ning \u00fcmarlaudade programmiga. CCP-kohvikus on v\u00f5imalus kohtuda kolleegidega ning vahetada kogemusi, n\u00e4pun\u00e4iteid, repertuaari, kuulata muusikat v\u00f5i vaadata \u00fcheskoos partituure. 28. juulist kuni 4. augustini saab \u00fchineda ka \u00f5piringk\u00e4iguga, kus k\u00e4iakse valitud ateljeede proovides <strong>Rainer Held<\/strong>i (\u0160veits) vedamisel. <strong>Erinevates ateljeeproovides saab k\u00e4ia vaid \u00f5piringk\u00e4igu raames.<\/strong><\/p>\n<p><strong>Dirigentide ja heliloojate programm toimub <a href=\"https:\/\/goo.gl\/maps\/CuwVXdcJq5t\">Tallinna \u00dclikoolis<\/a> (Narva mnt 25), 4. augustil on kaks loengut ka <a href=\"https:\/\/goo.gl\/maps\/nBEZ65gu3Am\">Eesti Muusika- ja Teatriakadeemias<\/a> (Tatari 13).&nbsp;<\/strong><\/p>\n<p>Sel aastal on programmis kaks fookusteemat: &#8220;<strong>sing me in<\/strong>&#8221; (&#8220;Laula minuga kaasa&#8221;) ja &#8220;<strong>sing outside the box<\/strong>&#8221; (&#8220;Laula kastist v\u00e4lja&#8221;).<br \/>\nEsimeses jagatakse ja arutatakse projekti &#8220;Sing Me In &#8211; Collective Singing in the Integration Process of Young Migrants&#8221; (&#8220;Laula minuga kaasa &#8211; kooslaulmise roll noorte migrantide integreerimisprotsessis&#8221;) tulemusi. Projekti partnerid koostasid k\u00e4siraamatu, kus on erinevad n\u00f5uanded ja nipid kuidas kasutada kooslaulmist koolides, varjupaikades v\u00f5i tavakoorides migrantide integratsiooniprotessis.<br \/>\nSamuti on programmis ka t\u00f6\u00f6tube ja seminare projekti &#8220;Sing Outside The Box&#8221; (&#8220;Laula kastist v\u00e4lja&#8221;) raames, mis k\u00e4sitleb teemasid nagu publiku kujundamine, kontserdi disainimine, innovaatilised lahendused lavastustes, helitehnika kasutamine kontsertidel jne. M\u00f5lemat projekti on toetanud Euroopa Liit.<\/p>\n<p>CCP-programmis saavad osaleda osalev\u00f5tvate kooride dirigendid kui ka individuaalosalejad. Programmi v\u00f5ib registreerida nii mitmele p\u00e4evale kui soovitakse, igal hommikul on v\u00f5imalus valida mitme paralleelse tegevuse vahel.<br \/>\nKui tahate vaid \u00fchel p\u00e4eval tunda festivali melu, saab selleks soetada festivali \u00fchep\u00e4evapileteid <a href=\"https:\/\/goo.gl\/forms\/B6hSIS0rxybjNHZ23\">siit<\/a>&nbsp;(inglise keeles) ning registreerida ka sama p\u00e4eva hommikul.<\/p>\n<p><img loading=\"lazy\" decoding=\"async\" src=\"https:\/\/ectallinn2018.ee\/wp-content\/uploads\/2017\/02\/Picture1-150x150.png\" alt=\"Picture1\" width=\"150\" height=\"150\"><\/p>\n<p><strong>Rainer Held<\/strong> (\u0160veits) on \u00f5ppinud orkestri- ja kooridirigeerimist, soololaulu ja muusikapedagoogikat. Aarau kammerkoori (1994-2015) ja suure retoromaani Chor viril Surses kunstiline juht. Annab regulaarselt kontserte ja salvestab Glasgow \u0160oti Rahvusliku Orkestriga, Novosibirski Kammerorkestriga jt professionaalsete orkestrite ja kooridega, k.a. tudengikoorid, Saksamaal, Venemaal, Valgevenes, Itaalias, Prantsusmaal, Poolas, Jaapanis, L\u00f5una-Koreas, Paraguais ja Brasiilias. Ta on muusikahariduse professor ja muusikateaduskonna juhataja Lucerni Pedagoogilises \u00dclikoolis. 2005-2014 oli ta \u0160veitsi Koori\u00fchingu muusikan\u00f5ukogu president. Euroopa Koorimuusika Assotsiatsiooni EUROPA CANTAT muusikan\u00f5ukogu ja kunstin\u00f5ukogu liige festivalidel Torinos ja P\u00e9csis.<\/p>\n","protected":false},"excerpt":{"rendered":"<p>Dirigentide ja heliloojate programm (CCP) on festivali k\u00f5rvalprogramm, mille koostamisel on l\u00e4htutud eelk\u00f5ige dirigentide ja heliloojate huvidest, kuid pakub p\u00f5nevaid&#8230;<\/p>\n","protected":false},"author":1,"featured_media":0,"parent":125,"menu_order":30,"comment_status":"closed","ping_status":"closed","template":"page-templates\/tpl-daygrid.php","meta":{"_acf_changed":false,"ngg_post_thumbnail":0,"footnotes":"","_links_to":"","_links_to_target":""},"acf":[],"yoast_head":"<!-- This site is optimized with the Yoast SEO plugin v22.7 - https:\/\/yoast.com\/wordpress\/plugins\/seo\/ -->\n<title>Dirigentide ja heliloojate programm - EUROPA CANTAT XX TALLINN 2018<\/title>\n<meta name=\"robots\" content=\"index, follow, max-snippet:-1, max-image-preview:large, max-video-preview:-1\" \/>\n<link rel=\"canonical\" href=\"https:\/\/ectallinn2018.ee\/et\/programm\/dirigentide-ja-heliloojate-programm\/\" \/>\n<meta property=\"og:locale\" content=\"et_EE\" \/>\n<meta property=\"og:type\" content=\"article\" \/>\n<meta property=\"og:title\" content=\"Dirigentide ja heliloojate programm - EUROPA CANTAT XX TALLINN 2018\" \/>\n<meta property=\"og:description\" content=\"Dirigentide ja heliloojate programm (CCP) on festivali k\u00f5rvalprogramm, mille koostamisel on l\u00e4htutud eelk\u00f5ige dirigentide ja heliloojate huvidest, kuid pakub p\u00f5nevaid...\" \/>\n<meta property=\"og:url\" content=\"https:\/\/ectallinn2018.ee\/et\/programm\/dirigentide-ja-heliloojate-programm\/\" \/>\n<meta property=\"og:site_name\" content=\"EUROPA CANTAT XX TALLINN 2018\" \/>\n<meta property=\"article:modified_time\" content=\"2018-07-30T14:50:59+00:00\" \/>\n<meta property=\"og:image\" content=\"https:\/\/ectallinn2018.ee\/wp-content\/uploads\/2017\/02\/Picture1-150x150.png\" \/>\n<meta name=\"twitter:card\" content=\"summary_large_image\" \/>\n<meta name=\"twitter:label1\" content=\"Est. reading time\" \/>\n\t<meta name=\"twitter:data1\" content=\"2 minutit\" \/>\n<script type=\"application\/ld+json\" class=\"yoast-schema-graph\">{\"@context\":\"https:\/\/schema.org\",\"@graph\":[{\"@type\":\"WebPage\",\"@id\":\"https:\/\/ectallinn2018.ee\/et\/programm\/dirigentide-ja-heliloojate-programm\/\",\"url\":\"https:\/\/ectallinn2018.ee\/et\/programm\/dirigentide-ja-heliloojate-programm\/\",\"name\":\"Dirigentide ja heliloojate programm - EUROPA CANTAT XX TALLINN 2018\",\"isPartOf\":{\"@id\":\"https:\/\/ectallinn2018.ee\/#website\"},\"primaryImageOfPage\":{\"@id\":\"https:\/\/ectallinn2018.ee\/et\/programm\/dirigentide-ja-heliloojate-programm\/#primaryimage\"},\"image\":{\"@id\":\"https:\/\/ectallinn2018.ee\/et\/programm\/dirigentide-ja-heliloojate-programm\/#primaryimage\"},\"thumbnailUrl\":\"https:\/\/ectallinn2018.ee\/wp-content\/uploads\/2017\/02\/Picture1-150x150.png\",\"datePublished\":\"2017-02-02T13:20:29+00:00\",\"dateModified\":\"2018-07-30T14:50:59+00:00\",\"breadcrumb\":{\"@id\":\"https:\/\/ectallinn2018.ee\/et\/programm\/dirigentide-ja-heliloojate-programm\/#breadcrumb\"},\"inLanguage\":\"et\",\"potentialAction\":[{\"@type\":\"ReadAction\",\"target\":[\"https:\/\/ectallinn2018.ee\/et\/programm\/dirigentide-ja-heliloojate-programm\/\"]}]},{\"@type\":\"ImageObject\",\"inLanguage\":\"et\",\"@id\":\"https:\/\/ectallinn2018.ee\/et\/programm\/dirigentide-ja-heliloojate-programm\/#primaryimage\",\"url\":\"https:\/\/ectallinn2018.ee\/wp-content\/uploads\/2017\/02\/Picture1-150x150.png\",\"contentUrl\":\"https:\/\/ectallinn2018.ee\/wp-content\/uploads\/2017\/02\/Picture1-150x150.png\"},{\"@type\":\"BreadcrumbList\",\"@id\":\"https:\/\/ectallinn2018.ee\/et\/programm\/dirigentide-ja-heliloojate-programm\/#breadcrumb\",\"itemListElement\":[{\"@type\":\"ListItem\",\"position\":1,\"name\":\"Home\",\"item\":\"https:\/\/ectallinn2018.ee\/et\/\"},{\"@type\":\"ListItem\",\"position\":2,\"name\":\"Programm\",\"item\":\"https:\/\/ectallinn2018.ee\/et\/programm\/\"},{\"@type\":\"ListItem\",\"position\":3,\"name\":\"Dirigentide ja heliloojate programm\"}]},{\"@type\":\"WebSite\",\"@id\":\"https:\/\/ectallinn2018.ee\/#website\",\"url\":\"https:\/\/ectallinn2018.ee\/\",\"name\":\"EUROPA CANTAT XX TALLINN 2018\",\"description\":\"\",\"potentialAction\":[{\"@type\":\"SearchAction\",\"target\":{\"@type\":\"EntryPoint\",\"urlTemplate\":\"https:\/\/ectallinn2018.ee\/?s={search_term_string}\"},\"query-input\":\"required name=search_term_string\"}],\"inLanguage\":\"et\"}]}<\/script>\n<!-- \/ Yoast SEO plugin. -->","yoast_head_json":{"title":"Dirigentide ja heliloojate programm - EUROPA CANTAT XX TALLINN 2018","robots":{"index":"index","follow":"follow","max-snippet":"max-snippet:-1","max-image-preview":"max-image-preview:large","max-video-preview":"max-video-preview:-1"},"canonical":"https:\/\/ectallinn2018.ee\/et\/programm\/dirigentide-ja-heliloojate-programm\/","og_locale":"et_EE","og_type":"article","og_title":"Dirigentide ja heliloojate programm - EUROPA CANTAT XX TALLINN 2018","og_description":"Dirigentide ja heliloojate programm (CCP) on festivali k\u00f5rvalprogramm, mille koostamisel on l\u00e4htutud eelk\u00f5ige dirigentide ja heliloojate huvidest, kuid pakub p\u00f5nevaid...","og_url":"https:\/\/ectallinn2018.ee\/et\/programm\/dirigentide-ja-heliloojate-programm\/","og_site_name":"EUROPA CANTAT XX TALLINN 2018","article_modified_time":"2018-07-30T14:50:59+00:00","og_image":[{"url":"https:\/\/ectallinn2018.ee\/wp-content\/uploads\/2017\/02\/Picture1-150x150.png"}],"twitter_card":"summary_large_image","twitter_misc":{"Est. reading time":"2 minutit"},"schema":{"@context":"https:\/\/schema.org","@graph":[{"@type":"WebPage","@id":"https:\/\/ectallinn2018.ee\/et\/programm\/dirigentide-ja-heliloojate-programm\/","url":"https:\/\/ectallinn2018.ee\/et\/programm\/dirigentide-ja-heliloojate-programm\/","name":"Dirigentide ja heliloojate programm - EUROPA CANTAT XX TALLINN 2018","isPartOf":{"@id":"https:\/\/ectallinn2018.ee\/#website"},"primaryImageOfPage":{"@id":"https:\/\/ectallinn2018.ee\/et\/programm\/dirigentide-ja-heliloojate-programm\/#primaryimage"},"image":{"@id":"https:\/\/ectallinn2018.ee\/et\/programm\/dirigentide-ja-heliloojate-programm\/#primaryimage"},"thumbnailUrl":"https:\/\/ectallinn2018.ee\/wp-content\/uploads\/2017\/02\/Picture1-150x150.png","datePublished":"2017-02-02T13:20:29+00:00","dateModified":"2018-07-30T14:50:59+00:00","breadcrumb":{"@id":"https:\/\/ectallinn2018.ee\/et\/programm\/dirigentide-ja-heliloojate-programm\/#breadcrumb"},"inLanguage":"et","potentialAction":[{"@type":"ReadAction","target":["https:\/\/ectallinn2018.ee\/et\/programm\/dirigentide-ja-heliloojate-programm\/"]}]},{"@type":"ImageObject","inLanguage":"et","@id":"https:\/\/ectallinn2018.ee\/et\/programm\/dirigentide-ja-heliloojate-programm\/#primaryimage","url":"https:\/\/ectallinn2018.ee\/wp-content\/uploads\/2017\/02\/Picture1-150x150.png","contentUrl":"https:\/\/ectallinn2018.ee\/wp-content\/uploads\/2017\/02\/Picture1-150x150.png"},{"@type":"BreadcrumbList","@id":"https:\/\/ectallinn2018.ee\/et\/programm\/dirigentide-ja-heliloojate-programm\/#breadcrumb","itemListElement":[{"@type":"ListItem","position":1,"name":"Home","item":"https:\/\/ectallinn2018.ee\/et\/"},{"@type":"ListItem","position":2,"name":"Programm","item":"https:\/\/ectallinn2018.ee\/et\/programm\/"},{"@type":"ListItem","position":3,"name":"Dirigentide ja heliloojate programm"}]},{"@type":"WebSite","@id":"https:\/\/ectallinn2018.ee\/#website","url":"https:\/\/ectallinn2018.ee\/","name":"EUROPA CANTAT XX TALLINN 2018","description":"","potentialAction":[{"@type":"SearchAction","target":{"@type":"EntryPoint","urlTemplate":"https:\/\/ectallinn2018.ee\/?s={search_term_string}"},"query-input":"required name=search_term_string"}],"inLanguage":"et"}]}},"_links":{"self":[{"href":"https:\/\/ectallinn2018.ee\/et\/wp-json\/wp\/v2\/pages\/226"}],"collection":[{"href":"https:\/\/ectallinn2018.ee\/et\/wp-json\/wp\/v2\/pages"}],"about":[{"href":"https:\/\/ectallinn2018.ee\/et\/wp-json\/wp\/v2\/types\/page"}],"author":[{"embeddable":true,"href":"https:\/\/ectallinn2018.ee\/et\/wp-json\/wp\/v2\/users\/1"}],"replies":[{"embeddable":true,"href":"https:\/\/ectallinn2018.ee\/et\/wp-json\/wp\/v2\/comments?post=226"}],"version-history":[{"count":0,"href":"https:\/\/ectallinn2018.ee\/et\/wp-json\/wp\/v2\/pages\/226\/revisions"}],"up":[{"embeddable":true,"href":"https:\/\/ectallinn2018.ee\/et\/wp-json\/wp\/v2\/pages\/125"}],"wp:attachment":[{"href":"https:\/\/ectallinn2018.ee\/et\/wp-json\/wp\/v2\/media?parent=226"}],"curies":[{"name":"wp","href":"https:\/\/api.w.org\/{rel}","templated":true}]}}