{"id":223,"date":"2017-02-02T15:19:49","date_gmt":"2017-02-02T13:19:49","guid":{"rendered":"https:\/\/ectallinn2018.ee\/?page_id=223\/"},"modified":"2018-07-25T12:19:20","modified_gmt":"2018-07-25T09:19:20","slug":"uhepaevased-ateljeed","status":"publish","type":"page","link":"https:\/\/ectallinn2018.ee\/et\/programm\/uhepaevased-ateljeed\/","title":{"rendered":"\u00dchep\u00e4evased ateljeed"},"content":{"rendered":"<p>Saad festivalil osaleda ainult paar p\u00e4eva? V\u00f5i tahad iga p\u00e4ev erinevat programmi? Osale meie hommikustes \u00fchep\u00e4evastes ateljeedes ning tutvu vokaal- ja koorimuusika erinevate vaatenurkadega l\u00e4bi mitmek\u00fclgse repertuaari erinevatest stiilidest.\u00dchep\u00e4evastes ateljeedes saab osaleda ka n\u00f6 t\u00fchjadel p\u00e4evadel, kui sinu ateljee on l\u00e4bi.<\/p>\n<p><strong>Kui olete end juba \u00fchep\u00e4evastele ateljeedele registreerinud, palun t\u00e4itke \u00e4ra j\u00e4rgnev\u00a0<a href=\"https:\/\/goo.gl\/forms\/84A0hDOeviLOFNHr1\">vorm<\/a>\u00a0ning valige, millistes ateljeedes soovite osaleda.<\/strong><\/p>\n<p>Vormi t\u00e4itmine aitab meil planeerida \u00f5ige suurusega ruume ning organiseerida noote, kui teame ette, palju inimesi millises ateljees osalevad, seet\u00f5ttu palume v\u00e4ga, et teeksite oma valiku ette \u00e4ra.<\/p>\n<p><strong>K\u00f5ik \u00fchep\u00e4evased ateljeed toimuvad\u00a0<a href=\"https:\/\/goo.gl\/maps\/PRAK3TL2RPF2\">Tallinna \u00dclikoolis<\/a>\u00a0(Narva mnt 25)<\/strong><\/p>\n<p>Kui teil ei ole festivalipassi, kuid soovite osa v\u00f5tta \u00fchep\u00e4evastest ateljeedest, <strong>saate osta <a href=\"https:\/\/ectallinn2018.ee\/et\/uhepaevased-piletid\/\">\u00fchep\u00e4evaseid pileteid<\/a> festivali staabist (Tallinna Reaalkool, Estonia pst 6) alates 27. juulist kuni 3. augustini kell 8:30 kuni 20:00.\u00a0<\/strong><\/p>\n","protected":false},"excerpt":{"rendered":"<p>Saad festivalil osaleda ainult paar p\u00e4eva? V\u00f5i tahad iga p\u00e4ev erinevat programmi? Osale meie hommikustes \u00fchep\u00e4evastes ateljeedes ning tutvu vokaal-&#8230;<\/p>\n","protected":false},"author":1,"featured_media":0,"parent":125,"menu_order":40,"comment_status":"closed","ping_status":"closed","template":"page-templates\/tpl-daygrid.php","meta":{"_acf_changed":false,"ngg_post_thumbnail":0,"footnotes":"","_links_to":"","_links_to_target":""},"acf":[],"yoast_head":"<!-- This site is optimized with the Yoast SEO plugin v22.7 - https:\/\/yoast.com\/wordpress\/plugins\/seo\/ -->\n<title>\u00dchep\u00e4evased ateljeed - EUROPA CANTAT XX TALLINN 2018<\/title>\n<meta name=\"robots\" content=\"index, follow, max-snippet:-1, max-image-preview:large, max-video-preview:-1\" \/>\n<link rel=\"canonical\" href=\"https:\/\/ectallinn2018.ee\/programme\/discovery-ateliers\/\" \/>\n<meta property=\"og:locale\" content=\"et_EE\" \/>\n<meta property=\"og:type\" content=\"article\" \/>\n<meta property=\"og:title\" content=\"\u00dchep\u00e4evased ateljeed - EUROPA CANTAT XX TALLINN 2018\" \/>\n<meta property=\"og:description\" content=\"Saad festivalil osaleda ainult paar p\u00e4eva? V\u00f5i tahad iga p\u00e4ev erinevat programmi? Osale meie hommikustes \u00fchep\u00e4evastes ateljeedes ning tutvu vokaal-...\" \/>\n<meta property=\"og:url\" content=\"https:\/\/ectallinn2018.ee\/programme\/discovery-ateliers\/\" \/>\n<meta property=\"og:site_name\" content=\"EUROPA CANTAT XX TALLINN 2018\" \/>\n<meta property=\"article:modified_time\" content=\"2018-07-25T09:19:20+00:00\" \/>\n<meta name=\"twitter:card\" content=\"summary_large_image\" \/>\n<meta name=\"twitter:label1\" content=\"Est. reading time\" \/>\n\t<meta name=\"twitter:data1\" content=\"1 minut\" \/>\n<script type=\"application\/ld+json\" class=\"yoast-schema-graph\">{\"@context\":\"https:\/\/schema.org\",\"@graph\":[{\"@type\":\"WebPage\",\"@id\":\"https:\/\/ectallinn2018.ee\/programme\/discovery-ateliers\/\",\"url\":\"https:\/\/ectallinn2018.ee\/programme\/discovery-ateliers\/\",\"name\":\"\u00dchep\u00e4evased ateljeed - EUROPA CANTAT XX TALLINN 2018\",\"isPartOf\":{\"@id\":\"https:\/\/ectallinn2018.ee\/#website\"},\"datePublished\":\"2017-02-02T13:19:49+00:00\",\"dateModified\":\"2018-07-25T09:19:20+00:00\",\"breadcrumb\":{\"@id\":\"https:\/\/ectallinn2018.ee\/programme\/discovery-ateliers\/#breadcrumb\"},\"inLanguage\":\"et\",\"potentialAction\":[{\"@type\":\"ReadAction\",\"target\":[\"https:\/\/ectallinn2018.ee\/programme\/discovery-ateliers\/\"]}]},{\"@type\":\"BreadcrumbList\",\"@id\":\"https:\/\/ectallinn2018.ee\/programme\/discovery-ateliers\/#breadcrumb\",\"itemListElement\":[{\"@type\":\"ListItem\",\"position\":1,\"name\":\"Home\",\"item\":\"https:\/\/ectallinn2018.ee\/et\/\"},{\"@type\":\"ListItem\",\"position\":2,\"name\":\"Programm\",\"item\":\"https:\/\/ectallinn2018.ee\/et\/programm\/\"},{\"@type\":\"ListItem\",\"position\":3,\"name\":\"\u00dchep\u00e4evased ateljeed\"}]},{\"@type\":\"WebSite\",\"@id\":\"https:\/\/ectallinn2018.ee\/#website\",\"url\":\"https:\/\/ectallinn2018.ee\/\",\"name\":\"EUROPA CANTAT XX TALLINN 2018\",\"description\":\"\",\"potentialAction\":[{\"@type\":\"SearchAction\",\"target\":{\"@type\":\"EntryPoint\",\"urlTemplate\":\"https:\/\/ectallinn2018.ee\/?s={search_term_string}\"},\"query-input\":\"required name=search_term_string\"}],\"inLanguage\":\"et\"}]}<\/script>\n<!-- \/ Yoast SEO plugin. -->","yoast_head_json":{"title":"\u00dchep\u00e4evased ateljeed - EUROPA CANTAT XX TALLINN 2018","robots":{"index":"index","follow":"follow","max-snippet":"max-snippet:-1","max-image-preview":"max-image-preview:large","max-video-preview":"max-video-preview:-1"},"canonical":"https:\/\/ectallinn2018.ee\/programme\/discovery-ateliers\/","og_locale":"et_EE","og_type":"article","og_title":"\u00dchep\u00e4evased ateljeed - EUROPA CANTAT XX TALLINN 2018","og_description":"Saad festivalil osaleda ainult paar p\u00e4eva? V\u00f5i tahad iga p\u00e4ev erinevat programmi? Osale meie hommikustes \u00fchep\u00e4evastes ateljeedes ning tutvu vokaal-...","og_url":"https:\/\/ectallinn2018.ee\/programme\/discovery-ateliers\/","og_site_name":"EUROPA CANTAT XX TALLINN 2018","article_modified_time":"2018-07-25T09:19:20+00:00","twitter_card":"summary_large_image","twitter_misc":{"Est. reading time":"1 minut"},"schema":{"@context":"https:\/\/schema.org","@graph":[{"@type":"WebPage","@id":"https:\/\/ectallinn2018.ee\/programme\/discovery-ateliers\/","url":"https:\/\/ectallinn2018.ee\/programme\/discovery-ateliers\/","name":"\u00dchep\u00e4evased ateljeed - EUROPA CANTAT XX TALLINN 2018","isPartOf":{"@id":"https:\/\/ectallinn2018.ee\/#website"},"datePublished":"2017-02-02T13:19:49+00:00","dateModified":"2018-07-25T09:19:20+00:00","breadcrumb":{"@id":"https:\/\/ectallinn2018.ee\/programme\/discovery-ateliers\/#breadcrumb"},"inLanguage":"et","potentialAction":[{"@type":"ReadAction","target":["https:\/\/ectallinn2018.ee\/programme\/discovery-ateliers\/"]}]},{"@type":"BreadcrumbList","@id":"https:\/\/ectallinn2018.ee\/programme\/discovery-ateliers\/#breadcrumb","itemListElement":[{"@type":"ListItem","position":1,"name":"Home","item":"https:\/\/ectallinn2018.ee\/et\/"},{"@type":"ListItem","position":2,"name":"Programm","item":"https:\/\/ectallinn2018.ee\/et\/programm\/"},{"@type":"ListItem","position":3,"name":"\u00dchep\u00e4evased ateljeed"}]},{"@type":"WebSite","@id":"https:\/\/ectallinn2018.ee\/#website","url":"https:\/\/ectallinn2018.ee\/","name":"EUROPA CANTAT XX TALLINN 2018","description":"","potentialAction":[{"@type":"SearchAction","target":{"@type":"EntryPoint","urlTemplate":"https:\/\/ectallinn2018.ee\/?s={search_term_string}"},"query-input":"required name=search_term_string"}],"inLanguage":"et"}]}},"_links":{"self":[{"href":"https:\/\/ectallinn2018.ee\/et\/wp-json\/wp\/v2\/pages\/223"}],"collection":[{"href":"https:\/\/ectallinn2018.ee\/et\/wp-json\/wp\/v2\/pages"}],"about":[{"href":"https:\/\/ectallinn2018.ee\/et\/wp-json\/wp\/v2\/types\/page"}],"author":[{"embeddable":true,"href":"https:\/\/ectallinn2018.ee\/et\/wp-json\/wp\/v2\/users\/1"}],"replies":[{"embeddable":true,"href":"https:\/\/ectallinn2018.ee\/et\/wp-json\/wp\/v2\/comments?post=223"}],"version-history":[{"count":0,"href":"https:\/\/ectallinn2018.ee\/et\/wp-json\/wp\/v2\/pages\/223\/revisions"}],"up":[{"embeddable":true,"href":"https:\/\/ectallinn2018.ee\/et\/wp-json\/wp\/v2\/pages\/125"}],"wp:attachment":[{"href":"https:\/\/ectallinn2018.ee\/et\/wp-json\/wp\/v2\/media?parent=223"}],"curies":[{"name":"wp","href":"https:\/\/api.w.org\/{rel}","templated":true}]}}