{"id":215,"date":"2017-02-02T14:39:15","date_gmt":"2017-02-02T12:39:15","guid":{"rendered":"https:\/\/ectallinn2018.ee\/music-expo\/"},"modified":"2018-08-01T10:54:04","modified_gmt":"2018-08-01T07:54:04","slug":"music-expo","status":"publish","type":"page","link":"https:\/\/ectallinn2018.ee\/et\/music-expo\/","title":{"rendered":"Muusika &#8211; Expo"},"content":{"rendered":"<p><span style=\"font-size: 14pt;\"><strong>EXPO on avatud 29.7-2.8 kell 13:00-19:30.&nbsp;<\/strong><\/span><\/p>\n<p>Tutvusta oma tooteid ja pakkumisi EUROPA CANTAT festivalil! <strong>MUSIC EXPOl<\/strong> on v\u00f5imalik muusikakirjastajatel, muusika\u00fcrituste korraldajatel ning muudel muusikavaldkonnas tegevatel organisatsioonidel esitleda oma tooteid ning tutvustada oma t\u00f6\u00f6d ligi 5000 muusikahuvilisele igast maailma nurgast. <strong>MUSIC EXPO<\/strong> on ka suurep\u00e4rane v\u00f5imalus kohtuda, luua kontakte ning jagada ideid ja kogemusi teiste muusikam\u00e4ned\u017eeride, organisatsioonide ning kirjastajatega \u00fcle kogu maailma!<\/p>\n<p><a href=\"https:\/\/ectallinn2018.ee\/et\/\"><strong>Lae alla EXPO plaan siit!&nbsp;<\/strong><\/a><\/p>\n<p><strong>Ettev\u00f5tete list:<\/strong><\/p>\n<p>1. Barenreiter (CZ), http:\/\/www.baerenreiter.cz\/en and www.baerenreiter.com<br \/>\n2. Breitkopf &amp; Hartel KG (DE), www.breitkopf.com<br \/>\n3. Carus-Verlag (DE), www.carus-verlag.com<br \/>\n4. Choral Connections (UK), www.choralconnections.com<br \/>\n5. Editio Musica Budapest Zenem\u0171kiado Ltd (HU), www.emb.hu<br \/>\n6. Editions A Coeur Joie (FR), www.editionsacoeurjoie.com<br \/>\n7. Eesti Muusika Infokeskus \/ Estonian Music Information Centre (EE), www.emic.ee<br \/>\n8. ELAN Touristik GmbH (DE), http:\/\/elan-touristik.de<br \/>\n9. Euprint editions (BE), www.euprint.be<br \/>\n10. European Choral Association \u2013 EUROPA CANTAT (DE) and Friends of Choral Music in Europe,<br \/>\nwww.europeanchoralassociation.org<br \/>\n11. Feniarco (IT), www.feniarco.it<br \/>\n12. Hal Leonard Europe Ltd. (UK), www.halleonardmgb.com<br \/>\n13. Helbling Verlagsgesellschaft m.b.H. (AT), www.helbling.com<br \/>\n14. International Federation for Choral Music&nbsp;<br \/>\nhttp:\/\/ifcm.net<br \/>\n15. MatchMySound (EE), www.MatchMySound.com<br \/>\n16. Ficta Edicions (ES),&nbsp;<a href=\"https:\/\/www.ficta.cat\/en\/\" target=\"_blank\" rel=\"noopener\" data-saferedirecturl=\"https:\/\/www.google.com\/url?hl=et&amp;q=https:\/\/www.ficta.cat\/en\/&amp;source=gmail&amp;ust=1533193675092000&amp;usg=AFQjCNExQPw7mTJuZH2FTkUPmcTQ2kGwhQ\">https:\/\/www.ficta.cat\/en\/<\/a><br \/>\n17. Musica International (FR), www.musicanet.org<br \/>\n18. Musica Orbis Prague Choir Festival (CZ), www.musicaorbis.com<br \/>\n19. M\u016bzika Baltika SIA (LV), www.musicabaltica.com<br \/>\n20. Oxford University Press (UK), www.oup.com\/sheetmusic<br \/>\n21. Small World MUSICFOLDER.com Inc. (CA), www.musicfolder.com\/intl\/<br \/>\n22. SP Muusikaprojekt OU (EE), www.estonianmusic.com<br \/>\n23. SULASOL, Suomen Laulajain ja Soittajain Liitto ry (FI), www.sulasol.fi<br \/>\n24. Violin Travel (HU), www.violintravel.com<br \/>\n25. World Symposium on Choral Music (NZ), http:\/\/wscm2020.com\/<\/p>\n","protected":false},"excerpt":{"rendered":"<p>EXPO on avatud 29.7-2.8 kell 13:00-19:30.&nbsp; Tutvusta oma tooteid ja pakkumisi EUROPA CANTAT festivalil! MUSIC EXPOl on v\u00f5imalik muusikakirjastajatel, muusika\u00fcrituste&#8230;<\/p>\n","protected":false},"author":1,"featured_media":0,"parent":0,"menu_order":90,"comment_status":"closed","ping_status":"closed","template":"","meta":{"_acf_changed":false,"ngg_post_thumbnail":0,"footnotes":"","_links_to":"","_links_to_target":""},"acf":[],"yoast_head":"<!-- This site is optimized with the Yoast SEO plugin v22.7 - https:\/\/yoast.com\/wordpress\/plugins\/seo\/ -->\n<title>Muusika - Expo - EUROPA CANTAT XX TALLINN 2018<\/title>\n<meta name=\"robots\" content=\"index, follow, max-snippet:-1, max-image-preview:large, max-video-preview:-1\" \/>\n<link rel=\"canonical\" href=\"https:\/\/ectallinn2018.ee\/et\/music-expo\/\" \/>\n<meta property=\"og:locale\" content=\"et_EE\" \/>\n<meta property=\"og:type\" content=\"article\" \/>\n<meta property=\"og:title\" content=\"Muusika - Expo - EUROPA CANTAT XX TALLINN 2018\" \/>\n<meta property=\"og:description\" content=\"EXPO on avatud 29.7-2.8 kell 13:00-19:30.&nbsp; Tutvusta oma tooteid ja pakkumisi EUROPA CANTAT festivalil! MUSIC EXPOl on v\u00f5imalik muusikakirjastajatel, muusika\u00fcrituste...\" \/>\n<meta property=\"og:url\" content=\"https:\/\/ectallinn2018.ee\/et\/music-expo\/\" \/>\n<meta property=\"og:site_name\" content=\"EUROPA CANTAT XX TALLINN 2018\" \/>\n<meta property=\"article:modified_time\" content=\"2018-08-01T07:54:04+00:00\" \/>\n<meta name=\"twitter:card\" content=\"summary_large_image\" \/>\n<meta name=\"twitter:label1\" content=\"Est. reading time\" \/>\n\t<meta name=\"twitter:data1\" content=\"1 minut\" \/>\n<script type=\"application\/ld+json\" class=\"yoast-schema-graph\">{\"@context\":\"https:\/\/schema.org\",\"@graph\":[{\"@type\":\"WebPage\",\"@id\":\"https:\/\/ectallinn2018.ee\/et\/music-expo\/\",\"url\":\"https:\/\/ectallinn2018.ee\/et\/music-expo\/\",\"name\":\"Muusika - Expo - EUROPA CANTAT XX TALLINN 2018\",\"isPartOf\":{\"@id\":\"https:\/\/ectallinn2018.ee\/#website\"},\"datePublished\":\"2017-02-02T12:39:15+00:00\",\"dateModified\":\"2018-08-01T07:54:04+00:00\",\"breadcrumb\":{\"@id\":\"https:\/\/ectallinn2018.ee\/et\/music-expo\/#breadcrumb\"},\"inLanguage\":\"et\",\"potentialAction\":[{\"@type\":\"ReadAction\",\"target\":[\"https:\/\/ectallinn2018.ee\/et\/music-expo\/\"]}]},{\"@type\":\"BreadcrumbList\",\"@id\":\"https:\/\/ectallinn2018.ee\/et\/music-expo\/#breadcrumb\",\"itemListElement\":[{\"@type\":\"ListItem\",\"position\":1,\"name\":\"Home\",\"item\":\"https:\/\/ectallinn2018.ee\/et\/\"},{\"@type\":\"ListItem\",\"position\":2,\"name\":\"Muusika &#8211; Expo\"}]},{\"@type\":\"WebSite\",\"@id\":\"https:\/\/ectallinn2018.ee\/#website\",\"url\":\"https:\/\/ectallinn2018.ee\/\",\"name\":\"EUROPA CANTAT XX TALLINN 2018\",\"description\":\"\",\"potentialAction\":[{\"@type\":\"SearchAction\",\"target\":{\"@type\":\"EntryPoint\",\"urlTemplate\":\"https:\/\/ectallinn2018.ee\/?s={search_term_string}\"},\"query-input\":\"required name=search_term_string\"}],\"inLanguage\":\"et\"}]}<\/script>\n<!-- \/ Yoast SEO plugin. -->","yoast_head_json":{"title":"Muusika - Expo - EUROPA CANTAT XX TALLINN 2018","robots":{"index":"index","follow":"follow","max-snippet":"max-snippet:-1","max-image-preview":"max-image-preview:large","max-video-preview":"max-video-preview:-1"},"canonical":"https:\/\/ectallinn2018.ee\/et\/music-expo\/","og_locale":"et_EE","og_type":"article","og_title":"Muusika - Expo - EUROPA CANTAT XX TALLINN 2018","og_description":"EXPO on avatud 29.7-2.8 kell 13:00-19:30.&nbsp; Tutvusta oma tooteid ja pakkumisi EUROPA CANTAT festivalil! MUSIC EXPOl on v\u00f5imalik muusikakirjastajatel, muusika\u00fcrituste...","og_url":"https:\/\/ectallinn2018.ee\/et\/music-expo\/","og_site_name":"EUROPA CANTAT XX TALLINN 2018","article_modified_time":"2018-08-01T07:54:04+00:00","twitter_card":"summary_large_image","twitter_misc":{"Est. reading time":"1 minut"},"schema":{"@context":"https:\/\/schema.org","@graph":[{"@type":"WebPage","@id":"https:\/\/ectallinn2018.ee\/et\/music-expo\/","url":"https:\/\/ectallinn2018.ee\/et\/music-expo\/","name":"Muusika - Expo - EUROPA CANTAT XX TALLINN 2018","isPartOf":{"@id":"https:\/\/ectallinn2018.ee\/#website"},"datePublished":"2017-02-02T12:39:15+00:00","dateModified":"2018-08-01T07:54:04+00:00","breadcrumb":{"@id":"https:\/\/ectallinn2018.ee\/et\/music-expo\/#breadcrumb"},"inLanguage":"et","potentialAction":[{"@type":"ReadAction","target":["https:\/\/ectallinn2018.ee\/et\/music-expo\/"]}]},{"@type":"BreadcrumbList","@id":"https:\/\/ectallinn2018.ee\/et\/music-expo\/#breadcrumb","itemListElement":[{"@type":"ListItem","position":1,"name":"Home","item":"https:\/\/ectallinn2018.ee\/et\/"},{"@type":"ListItem","position":2,"name":"Muusika &#8211; Expo"}]},{"@type":"WebSite","@id":"https:\/\/ectallinn2018.ee\/#website","url":"https:\/\/ectallinn2018.ee\/","name":"EUROPA CANTAT XX TALLINN 2018","description":"","potentialAction":[{"@type":"SearchAction","target":{"@type":"EntryPoint","urlTemplate":"https:\/\/ectallinn2018.ee\/?s={search_term_string}"},"query-input":"required name=search_term_string"}],"inLanguage":"et"}]}},"_links":{"self":[{"href":"https:\/\/ectallinn2018.ee\/et\/wp-json\/wp\/v2\/pages\/215"}],"collection":[{"href":"https:\/\/ectallinn2018.ee\/et\/wp-json\/wp\/v2\/pages"}],"about":[{"href":"https:\/\/ectallinn2018.ee\/et\/wp-json\/wp\/v2\/types\/page"}],"author":[{"embeddable":true,"href":"https:\/\/ectallinn2018.ee\/et\/wp-json\/wp\/v2\/users\/1"}],"replies":[{"embeddable":true,"href":"https:\/\/ectallinn2018.ee\/et\/wp-json\/wp\/v2\/comments?post=215"}],"version-history":[{"count":0,"href":"https:\/\/ectallinn2018.ee\/et\/wp-json\/wp\/v2\/pages\/215\/revisions"}],"wp:attachment":[{"href":"https:\/\/ectallinn2018.ee\/et\/wp-json\/wp\/v2\/media?parent=215"}],"curies":[{"name":"wp","href":"https:\/\/api.w.org\/{rel}","templated":true}]}}