{"id":156,"date":"2017-01-18T15:58:27","date_gmt":"2017-01-18T13:58:27","guid":{"rendered":"https:\/\/ectallinn2018.ee\/?page_id=156\/"},"modified":"2018-01-04T11:08:54","modified_gmt":"2018-01-04T09:08:54","slug":"partnerid","status":"publish","type":"page","link":"https:\/\/ectallinn2018.ee\/et\/partnerid\/","title":{"rendered":"Partnerid"},"content":{"rendered":"<p><img loading=\"lazy\" decoding=\"async\" src=\"https:\/\/ectallinn2018.ee\/wp-content\/uploads\/2017\/01\/EL_Regionaalarengu_Fond_horisontaalne-300x174.jpg\" alt=\"\" width=\"300\" height=\"174\" \/><\/p>\n<p>Projekti \u201cEuroopa Koorifestival 2018 Tallinnas\u201c tegevusi rahastatakse 65 000 \u20ac ulatuses Euroopa Liidu Regionaalarengu Fondi Rahvusvaheliste s\u00fcndmuste ja konverentside toetusmeetme vahenditest. Projekti eesm\u00e4rk on t\u00f5sta Eestis 2018. aastal korraldatava maailma \u00fche olulisema koorimuusika festivali Euroopa Koorifestivali EUROPA CANTAT turundustegevuste ja korralduse kvaliteeti, mille edukas korraldamine aitab tutvustada Eestit ja Tallinna rahvusvaheliste suur\u00fcrituste korraldamise kohana.<\/p>\n<p>&nbsp;<\/p>\n<p><img loading=\"lazy\" decoding=\"async\" src=\"https:\/\/ectallinn2018.ee\/wp-content\/uploads\/2017\/01\/LogosBeneficairesCreativeEuropeRIGHT_EN-300x62.jpg\" alt=\"\" width=\"339\" height=\"70\" \/><\/p>\n<p><a href=\"http:\/\/www.singoutsidethebox.eu\/\"><img loading=\"lazy\" decoding=\"async\" src=\"https:\/\/ectallinn2018.ee\/wp-content\/uploads\/2017\/01\/SOTBlogo-279x300.png\" alt=\"\" width=\"126\" height=\"135\" \/><\/a><\/p>\n<p><img loading=\"lazy\" decoding=\"async\" src=\"https:\/\/ectallinn2018.ee\/wp-content\/uploads\/2017\/01\/erasmus-logo-300x86.jpg\" alt=\"\" width=\"300\" height=\"86\" \/><\/p>\n<p><img loading=\"lazy\" decoding=\"async\" src=\"https:\/\/ectallinn2018.ee\/wp-content\/uploads\/2017\/01\/singmein-logo-300x86.jpg\" alt=\"\" width=\"300\" height=\"86\" \/><\/p>\n<p>Projekti on rahaliselt toetanud Euroopa Komisjon.<br \/>\nPublikatsiooni sisu peegeldab autori seisukohti ja Euroopa Komisjon ei ole vastutav selles sisalduva informatsiooni kasutamise eest.<\/p>\n<p>&nbsp;<\/p>\n<p><a href=\"http:\/\/puhkaeestis.ee\/\"><img loading=\"lazy\" decoding=\"async\" src=\"https:\/\/ectallinn2018.ee\/wp-content\/uploads\/2017\/01\/1151_Puhka-eestis-wordmark_Estonian-Design-Team-300x81.png\" alt=\"\" width=\"300\" height=\"81\" \/><\/a><\/p>\n<p><a href=\"http:\/\/www.kul.ee\"><img loading=\"lazy\" decoding=\"async\" src=\"https:\/\/ectallinn2018.ee\/wp-content\/uploads\/2017\/01\/0_kultuurimin_3lovi_est-300x120.png\" alt=\"\" width=\"320\" height=\"128\" \/><\/a><\/p>\n<p><a href=\"http:\/\/www.tallinn.ee\/\"><img loading=\"lazy\" decoding=\"async\" src=\"https:\/\/ectallinn2018.ee\/wp-content\/uploads\/2017\/01\/Tallinn-logo-300x66.jpg\" alt=\"\" width=\"300\" height=\"66\" \/><\/a><\/p>\n<p><a href=\"http:\/\/www.kulka.ee\/\"><img loading=\"lazy\" decoding=\"async\" src=\"https:\/\/ectallinn2018.ee\/wp-content\/uploads\/2017\/01\/Kulka_logo_must_suur-300x140.jpg\" alt=\"\" width=\"203\" height=\"95\" \/><\/a><\/p>\n<p><a href=\"http:\/\/www.eau.org\/\"><img loading=\"lazy\" decoding=\"async\" src=\"https:\/\/ectallinn2018.ee\/wp-content\/uploads\/2017\/01\/eesti_autorite_yhing-300x191.jpg\" alt=\"\" width=\"300\" height=\"191\" \/><\/a><\/p>\n<p><a href=\"http:\/\/www.ev100.ee\/\"><img loading=\"lazy\" decoding=\"async\" src=\"https:\/\/ectallinn2018.ee\/wp-content\/uploads\/2017\/01\/Eesti_100_CMYK-294x300.jpg\" alt=\"\" width=\"175\" height=\"179\" \/><\/a><\/p>\n<p><a href=\"http:\/\/www.baltoscandia.ee\/\"><br \/>\n<img loading=\"lazy\" decoding=\"async\" src=\"https:\/\/ectallinn2018.ee\/wp-content\/uploads\/2017\/01\/baltoscandia_logo-300x117.jpeg\" alt=\"\" width=\"300\" height=\"117\" \/><\/a><\/p>\n","protected":false},"excerpt":{"rendered":"<p>Projekti \u201cEuroopa Koorifestival 2018 Tallinnas\u201c tegevusi rahastatakse 65 000 \u20ac ulatuses Euroopa Liidu Regionaalarengu Fondi Rahvusvaheliste s\u00fcndmuste ja konverentside toetusmeetme&#8230;<\/p>\n","protected":false},"author":1,"featured_media":0,"parent":0,"menu_order":60,"comment_status":"closed","ping_status":"closed","template":"","meta":{"_acf_changed":false,"ngg_post_thumbnail":0,"footnotes":"","_links_to":"","_links_to_target":""},"acf":[],"yoast_head":"<!-- This site is optimized with the Yoast SEO plugin v22.7 - https:\/\/yoast.com\/wordpress\/plugins\/seo\/ -->\n<title>Partnerid - EUROPA CANTAT XX TALLINN 2018<\/title>\n<meta name=\"robots\" content=\"index, follow, max-snippet:-1, max-image-preview:large, max-video-preview:-1\" \/>\n<link rel=\"canonical\" href=\"https:\/\/ectallinn2018.ee\/et\/partnerid\/\" \/>\n<meta property=\"og:locale\" content=\"et_EE\" \/>\n<meta property=\"og:type\" content=\"article\" \/>\n<meta property=\"og:title\" content=\"Partnerid - EUROPA CANTAT XX TALLINN 2018\" \/>\n<meta property=\"og:description\" content=\"Projekti \u201cEuroopa Koorifestival 2018 Tallinnas\u201c tegevusi rahastatakse 65 000 \u20ac ulatuses Euroopa Liidu Regionaalarengu Fondi Rahvusvaheliste s\u00fcndmuste ja konverentside toetusmeetme...\" \/>\n<meta property=\"og:url\" content=\"https:\/\/ectallinn2018.ee\/et\/partnerid\/\" \/>\n<meta property=\"og:site_name\" content=\"EUROPA CANTAT XX TALLINN 2018\" \/>\n<meta property=\"article:modified_time\" content=\"2018-01-04T09:08:54+00:00\" \/>\n<meta property=\"og:image\" content=\"https:\/\/ectallinn2018.ee\/wp-content\/uploads\/2017\/01\/EL_Regionaalarengu_Fond_horisontaalne-300x174.jpg\" \/>\n<meta name=\"twitter:card\" content=\"summary_large_image\" \/>\n<script type=\"application\/ld+json\" class=\"yoast-schema-graph\">{\"@context\":\"https:\/\/schema.org\",\"@graph\":[{\"@type\":\"WebPage\",\"@id\":\"https:\/\/ectallinn2018.ee\/et\/partnerid\/\",\"url\":\"https:\/\/ectallinn2018.ee\/et\/partnerid\/\",\"name\":\"Partnerid - EUROPA CANTAT XX TALLINN 2018\",\"isPartOf\":{\"@id\":\"https:\/\/ectallinn2018.ee\/#website\"},\"primaryImageOfPage\":{\"@id\":\"https:\/\/ectallinn2018.ee\/et\/partnerid\/#primaryimage\"},\"image\":{\"@id\":\"https:\/\/ectallinn2018.ee\/et\/partnerid\/#primaryimage\"},\"thumbnailUrl\":\"https:\/\/ectallinn2018.ee\/wp-content\/uploads\/2017\/01\/EL_Regionaalarengu_Fond_horisontaalne-300x174.jpg\",\"datePublished\":\"2017-01-18T13:58:27+00:00\",\"dateModified\":\"2018-01-04T09:08:54+00:00\",\"breadcrumb\":{\"@id\":\"https:\/\/ectallinn2018.ee\/et\/partnerid\/#breadcrumb\"},\"inLanguage\":\"et\",\"potentialAction\":[{\"@type\":\"ReadAction\",\"target\":[\"https:\/\/ectallinn2018.ee\/et\/partnerid\/\"]}]},{\"@type\":\"ImageObject\",\"inLanguage\":\"et\",\"@id\":\"https:\/\/ectallinn2018.ee\/et\/partnerid\/#primaryimage\",\"url\":\"https:\/\/ectallinn2018.ee\/wp-content\/uploads\/2017\/01\/EL_Regionaalarengu_Fond_horisontaalne-300x174.jpg\",\"contentUrl\":\"https:\/\/ectallinn2018.ee\/wp-content\/uploads\/2017\/01\/EL_Regionaalarengu_Fond_horisontaalne-300x174.jpg\"},{\"@type\":\"BreadcrumbList\",\"@id\":\"https:\/\/ectallinn2018.ee\/et\/partnerid\/#breadcrumb\",\"itemListElement\":[{\"@type\":\"ListItem\",\"position\":1,\"name\":\"Home\",\"item\":\"https:\/\/ectallinn2018.ee\/et\/\"},{\"@type\":\"ListItem\",\"position\":2,\"name\":\"Partnerid\"}]},{\"@type\":\"WebSite\",\"@id\":\"https:\/\/ectallinn2018.ee\/#website\",\"url\":\"https:\/\/ectallinn2018.ee\/\",\"name\":\"EUROPA CANTAT XX TALLINN 2018\",\"description\":\"\",\"potentialAction\":[{\"@type\":\"SearchAction\",\"target\":{\"@type\":\"EntryPoint\",\"urlTemplate\":\"https:\/\/ectallinn2018.ee\/?s={search_term_string}\"},\"query-input\":\"required name=search_term_string\"}],\"inLanguage\":\"et\"}]}<\/script>\n<!-- \/ Yoast SEO plugin. -->","yoast_head_json":{"title":"Partnerid - EUROPA CANTAT XX TALLINN 2018","robots":{"index":"index","follow":"follow","max-snippet":"max-snippet:-1","max-image-preview":"max-image-preview:large","max-video-preview":"max-video-preview:-1"},"canonical":"https:\/\/ectallinn2018.ee\/et\/partnerid\/","og_locale":"et_EE","og_type":"article","og_title":"Partnerid - EUROPA CANTAT XX TALLINN 2018","og_description":"Projekti \u201cEuroopa Koorifestival 2018 Tallinnas\u201c tegevusi rahastatakse 65 000 \u20ac ulatuses Euroopa Liidu Regionaalarengu Fondi Rahvusvaheliste s\u00fcndmuste ja konverentside toetusmeetme...","og_url":"https:\/\/ectallinn2018.ee\/et\/partnerid\/","og_site_name":"EUROPA CANTAT XX TALLINN 2018","article_modified_time":"2018-01-04T09:08:54+00:00","og_image":[{"url":"https:\/\/ectallinn2018.ee\/wp-content\/uploads\/2017\/01\/EL_Regionaalarengu_Fond_horisontaalne-300x174.jpg"}],"twitter_card":"summary_large_image","schema":{"@context":"https:\/\/schema.org","@graph":[{"@type":"WebPage","@id":"https:\/\/ectallinn2018.ee\/et\/partnerid\/","url":"https:\/\/ectallinn2018.ee\/et\/partnerid\/","name":"Partnerid - EUROPA CANTAT XX TALLINN 2018","isPartOf":{"@id":"https:\/\/ectallinn2018.ee\/#website"},"primaryImageOfPage":{"@id":"https:\/\/ectallinn2018.ee\/et\/partnerid\/#primaryimage"},"image":{"@id":"https:\/\/ectallinn2018.ee\/et\/partnerid\/#primaryimage"},"thumbnailUrl":"https:\/\/ectallinn2018.ee\/wp-content\/uploads\/2017\/01\/EL_Regionaalarengu_Fond_horisontaalne-300x174.jpg","datePublished":"2017-01-18T13:58:27+00:00","dateModified":"2018-01-04T09:08:54+00:00","breadcrumb":{"@id":"https:\/\/ectallinn2018.ee\/et\/partnerid\/#breadcrumb"},"inLanguage":"et","potentialAction":[{"@type":"ReadAction","target":["https:\/\/ectallinn2018.ee\/et\/partnerid\/"]}]},{"@type":"ImageObject","inLanguage":"et","@id":"https:\/\/ectallinn2018.ee\/et\/partnerid\/#primaryimage","url":"https:\/\/ectallinn2018.ee\/wp-content\/uploads\/2017\/01\/EL_Regionaalarengu_Fond_horisontaalne-300x174.jpg","contentUrl":"https:\/\/ectallinn2018.ee\/wp-content\/uploads\/2017\/01\/EL_Regionaalarengu_Fond_horisontaalne-300x174.jpg"},{"@type":"BreadcrumbList","@id":"https:\/\/ectallinn2018.ee\/et\/partnerid\/#breadcrumb","itemListElement":[{"@type":"ListItem","position":1,"name":"Home","item":"https:\/\/ectallinn2018.ee\/et\/"},{"@type":"ListItem","position":2,"name":"Partnerid"}]},{"@type":"WebSite","@id":"https:\/\/ectallinn2018.ee\/#website","url":"https:\/\/ectallinn2018.ee\/","name":"EUROPA CANTAT XX TALLINN 2018","description":"","potentialAction":[{"@type":"SearchAction","target":{"@type":"EntryPoint","urlTemplate":"https:\/\/ectallinn2018.ee\/?s={search_term_string}"},"query-input":"required name=search_term_string"}],"inLanguage":"et"}]}},"_links":{"self":[{"href":"https:\/\/ectallinn2018.ee\/et\/wp-json\/wp\/v2\/pages\/156"}],"collection":[{"href":"https:\/\/ectallinn2018.ee\/et\/wp-json\/wp\/v2\/pages"}],"about":[{"href":"https:\/\/ectallinn2018.ee\/et\/wp-json\/wp\/v2\/types\/page"}],"author":[{"embeddable":true,"href":"https:\/\/ectallinn2018.ee\/et\/wp-json\/wp\/v2\/users\/1"}],"replies":[{"embeddable":true,"href":"https:\/\/ectallinn2018.ee\/et\/wp-json\/wp\/v2\/comments?post=156"}],"version-history":[{"count":0,"href":"https:\/\/ectallinn2018.ee\/et\/wp-json\/wp\/v2\/pages\/156\/revisions"}],"wp:attachment":[{"href":"https:\/\/ectallinn2018.ee\/et\/wp-json\/wp\/v2\/media?parent=156"}],"curies":[{"name":"wp","href":"https:\/\/api.w.org\/{rel}","templated":true}]}}