{"id":125,"date":"2017-01-17T13:00:59","date_gmt":"2017-01-17T11:00:59","guid":{"rendered":"https:\/\/ectallinn2018.ee\/?page_id=125\/"},"modified":"2018-04-26T14:29:29","modified_gmt":"2018-04-26T11:29:29","slug":"programm","status":"publish","type":"page","link":"https:\/\/ectallinn2018.ee\/et\/programm\/","title":{"rendered":"Programm"},"content":{"rendered":"<p>Festivali programmi valikus on <strong>44 ateljeed<\/strong>, mille proovid kestavad hommikupoolikuti 3 tundi 4 kuni 8 p\u00e4eva ning l\u00f5pevad avaliku esinemisega. P\u00e4rast ateljeeproovi on v\u00f5imalik k\u00fclastada ka m\u00f5ningaid \u00fchep\u00e4evaateljeesid v\u00f5i dirigentide ja heliloojate programmi. M\u00f5nede ateljeede juures on m\u00e4rgitud \u201c+1\u201d, mis t\u00e4hendab, et programmi on j\u00e4etud \u00fcks vaba p\u00e4ev vaatamisv\u00e4\u00e4rsuste k\u00fclastamiseks v\u00f5i avastusateljeede ja loengute k\u00fclastamiseks enne ateljee l\u00f5ppkontserti. Ansamblite ja kooride liikmed v\u00f5ivad olla jagatud erinevatesse ateljeedesse.<\/p>\n<p>Vali v\u00e4lja kolm ateljeed omal valikul (meeldimise j\u00e4rjekorras) ning registreeri enne 31. detsembrit 2017, siis v\u00f5id olla kindel, et saad osaleda v\u00e4hemalt \u00fches neist kolmest valitud ateljeest on kindel (v.a. juhul kui ateljeed on t\u00fchistatud registreerijate v\u00e4hesuse t\u00f5ttu)!<\/p>\n","protected":false},"excerpt":{"rendered":"<p>Festivali programmi valikus on 44 ateljeed, mille proovid kestavad hommikupoolikuti 3 tundi 4 kuni 8 p\u00e4eva ning l\u00f5pevad avaliku esinemisega&#8230;.<\/p>\n","protected":false},"author":1,"featured_media":0,"parent":0,"menu_order":15,"comment_status":"closed","ping_status":"closed","template":"","meta":{"_acf_changed":false,"ngg_post_thumbnail":0,"footnotes":"","_links_to":"","_links_to_target":""},"acf":[],"yoast_head":"<!-- This site is optimized with the Yoast SEO plugin v22.7 - https:\/\/yoast.com\/wordpress\/plugins\/seo\/ -->\n<title>Programm - EUROPA CANTAT XX TALLINN 2018<\/title>\n<meta name=\"robots\" content=\"index, follow, max-snippet:-1, max-image-preview:large, max-video-preview:-1\" \/>\n<link rel=\"canonical\" href=\"https:\/\/ectallinn2018.ee\/et\/programm\/\" \/>\n<meta property=\"og:locale\" content=\"et_EE\" \/>\n<meta property=\"og:type\" content=\"article\" \/>\n<meta property=\"og:title\" content=\"Programm - EUROPA CANTAT XX TALLINN 2018\" \/>\n<meta property=\"og:description\" content=\"Festivali programmi valikus on 44 ateljeed, mille proovid kestavad hommikupoolikuti 3 tundi 4 kuni 8 p\u00e4eva ning l\u00f5pevad avaliku esinemisega....\" \/>\n<meta property=\"og:url\" content=\"https:\/\/ectallinn2018.ee\/et\/programm\/\" \/>\n<meta property=\"og:site_name\" content=\"EUROPA CANTAT XX TALLINN 2018\" \/>\n<meta property=\"article:modified_time\" content=\"2018-04-26T11:29:29+00:00\" \/>\n<meta name=\"twitter:card\" content=\"summary_large_image\" \/>\n<meta name=\"twitter:label1\" content=\"Est. reading time\" \/>\n\t<meta name=\"twitter:data1\" content=\"1 minut\" \/>\n<script type=\"application\/ld+json\" class=\"yoast-schema-graph\">{\"@context\":\"https:\/\/schema.org\",\"@graph\":[{\"@type\":\"WebPage\",\"@id\":\"https:\/\/ectallinn2018.ee\/et\/programm\/\",\"url\":\"https:\/\/ectallinn2018.ee\/et\/programm\/\",\"name\":\"Programm - EUROPA CANTAT XX TALLINN 2018\",\"isPartOf\":{\"@id\":\"https:\/\/ectallinn2018.ee\/#website\"},\"datePublished\":\"2017-01-17T11:00:59+00:00\",\"dateModified\":\"2018-04-26T11:29:29+00:00\",\"breadcrumb\":{\"@id\":\"https:\/\/ectallinn2018.ee\/et\/programm\/#breadcrumb\"},\"inLanguage\":\"et\",\"potentialAction\":[{\"@type\":\"ReadAction\",\"target\":[\"https:\/\/ectallinn2018.ee\/et\/programm\/\"]}]},{\"@type\":\"BreadcrumbList\",\"@id\":\"https:\/\/ectallinn2018.ee\/et\/programm\/#breadcrumb\",\"itemListElement\":[{\"@type\":\"ListItem\",\"position\":1,\"name\":\"Home\",\"item\":\"https:\/\/ectallinn2018.ee\/et\/\"},{\"@type\":\"ListItem\",\"position\":2,\"name\":\"Programm\"}]},{\"@type\":\"WebSite\",\"@id\":\"https:\/\/ectallinn2018.ee\/#website\",\"url\":\"https:\/\/ectallinn2018.ee\/\",\"name\":\"EUROPA CANTAT XX TALLINN 2018\",\"description\":\"\",\"potentialAction\":[{\"@type\":\"SearchAction\",\"target\":{\"@type\":\"EntryPoint\",\"urlTemplate\":\"https:\/\/ectallinn2018.ee\/?s={search_term_string}\"},\"query-input\":\"required name=search_term_string\"}],\"inLanguage\":\"et\"}]}<\/script>\n<!-- \/ Yoast SEO plugin. -->","yoast_head_json":{"title":"Programm - EUROPA CANTAT XX TALLINN 2018","robots":{"index":"index","follow":"follow","max-snippet":"max-snippet:-1","max-image-preview":"max-image-preview:large","max-video-preview":"max-video-preview:-1"},"canonical":"https:\/\/ectallinn2018.ee\/et\/programm\/","og_locale":"et_EE","og_type":"article","og_title":"Programm - EUROPA CANTAT XX TALLINN 2018","og_description":"Festivali programmi valikus on 44 ateljeed, mille proovid kestavad hommikupoolikuti 3 tundi 4 kuni 8 p\u00e4eva ning l\u00f5pevad avaliku esinemisega....","og_url":"https:\/\/ectallinn2018.ee\/et\/programm\/","og_site_name":"EUROPA CANTAT XX TALLINN 2018","article_modified_time":"2018-04-26T11:29:29+00:00","twitter_card":"summary_large_image","twitter_misc":{"Est. reading time":"1 minut"},"schema":{"@context":"https:\/\/schema.org","@graph":[{"@type":"WebPage","@id":"https:\/\/ectallinn2018.ee\/et\/programm\/","url":"https:\/\/ectallinn2018.ee\/et\/programm\/","name":"Programm - EUROPA CANTAT XX TALLINN 2018","isPartOf":{"@id":"https:\/\/ectallinn2018.ee\/#website"},"datePublished":"2017-01-17T11:00:59+00:00","dateModified":"2018-04-26T11:29:29+00:00","breadcrumb":{"@id":"https:\/\/ectallinn2018.ee\/et\/programm\/#breadcrumb"},"inLanguage":"et","potentialAction":[{"@type":"ReadAction","target":["https:\/\/ectallinn2018.ee\/et\/programm\/"]}]},{"@type":"BreadcrumbList","@id":"https:\/\/ectallinn2018.ee\/et\/programm\/#breadcrumb","itemListElement":[{"@type":"ListItem","position":1,"name":"Home","item":"https:\/\/ectallinn2018.ee\/et\/"},{"@type":"ListItem","position":2,"name":"Programm"}]},{"@type":"WebSite","@id":"https:\/\/ectallinn2018.ee\/#website","url":"https:\/\/ectallinn2018.ee\/","name":"EUROPA CANTAT XX TALLINN 2018","description":"","potentialAction":[{"@type":"SearchAction","target":{"@type":"EntryPoint","urlTemplate":"https:\/\/ectallinn2018.ee\/?s={search_term_string}"},"query-input":"required name=search_term_string"}],"inLanguage":"et"}]}},"_links":{"self":[{"href":"https:\/\/ectallinn2018.ee\/et\/wp-json\/wp\/v2\/pages\/125"}],"collection":[{"href":"https:\/\/ectallinn2018.ee\/et\/wp-json\/wp\/v2\/pages"}],"about":[{"href":"https:\/\/ectallinn2018.ee\/et\/wp-json\/wp\/v2\/types\/page"}],"author":[{"embeddable":true,"href":"https:\/\/ectallinn2018.ee\/et\/wp-json\/wp\/v2\/users\/1"}],"replies":[{"embeddable":true,"href":"https:\/\/ectallinn2018.ee\/et\/wp-json\/wp\/v2\/comments?post=125"}],"version-history":[{"count":0,"href":"https:\/\/ectallinn2018.ee\/et\/wp-json\/wp\/v2\/pages\/125\/revisions"}],"wp:attachment":[{"href":"https:\/\/ectallinn2018.ee\/et\/wp-json\/wp\/v2\/media?parent=125"}],"curies":[{"name":"wp","href":"https:\/\/api.w.org\/{rel}","templated":true}]}}