{"id":1227,"date":"2018-06-14T09:49:22","date_gmt":"2018-06-14T06:49:22","guid":{"rendered":"https:\/\/ectallinn2018.ee\/?page_id=1227"},"modified":"2018-07-25T12:16:33","modified_gmt":"2018-07-25T09:16:33","slug":"uhepaevased-piletid","status":"publish","type":"page","link":"https:\/\/ectallinn2018.ee\/et\/uhepaevased-piletid\/","title":{"rendered":"\u00dchep\u00e4evased piletid"},"content":{"rendered":"<p>Kui tahad osa saada festivalimelust, kuid saad osaleda vaid \u00fcksikutel p\u00e4evadel, on v\u00f5imalik tulla ka m\u00f5neks p\u00e4evaks <a href=\"https:\/\/ectallinn2018.ee\/et\/programm\/avastusateljeed\/\">\u00fchep\u00e4evastesse ateljeedesse<\/a> v\u00f5i <a href=\"https:\/\/ectallinn2018.ee\/et\/programm\/dirigentide-ja-heliloojate-programm\/\">dirigentide ja heliloojate programm<\/a>i, \u00fchislaulmistele ja festivalikontsertidele. <strong>\u00dchep\u00e4evaste piletitega osalejad peavad ise oma majutuse ja toitlustuse korraldama.<\/strong><\/p>\n<p>\u00dchep\u00e4evaseid pileteid saab osta festivali staabist (Estonia pst 6) alates 27. juulist kell 8:30 kuni 20:00. Pilet maksab <strong>50 EUR<\/strong>.<\/p>\n<p>&nbsp;<\/p>\n<p>&nbsp;<\/p>\n","protected":false},"excerpt":{"rendered":"<p>Kui tahad osa saada festivalimelust, kuid saad osaleda vaid \u00fcksikutel p\u00e4evadel, on v\u00f5imalik tulla ka m\u00f5neks p\u00e4evaks \u00fchep\u00e4evastesse ateljeedesse v\u00f5i&#8230;<\/p>\n","protected":false},"author":1,"featured_media":0,"parent":0,"menu_order":0,"comment_status":"closed","ping_status":"closed","template":"","meta":{"_acf_changed":false,"ngg_post_thumbnail":0,"footnotes":"","_links_to":"","_links_to_target":""},"acf":[],"yoast_head":"<!-- This site is optimized with the Yoast SEO plugin v22.7 - https:\/\/yoast.com\/wordpress\/plugins\/seo\/ -->\n<title>\u00dchep\u00e4evased piletid - EUROPA CANTAT XX TALLINN 2018<\/title>\n<meta name=\"robots\" content=\"index, follow, max-snippet:-1, max-image-preview:large, max-video-preview:-1\" \/>\n<link rel=\"canonical\" href=\"https:\/\/ectallinn2018.ee\/one-day-tickets\/\" \/>\n<meta property=\"og:locale\" content=\"et_EE\" \/>\n<meta property=\"og:type\" content=\"article\" \/>\n<meta property=\"og:title\" content=\"\u00dchep\u00e4evased piletid - EUROPA CANTAT XX TALLINN 2018\" \/>\n<meta property=\"og:description\" content=\"Kui tahad osa saada festivalimelust, kuid saad osaleda vaid \u00fcksikutel p\u00e4evadel, on v\u00f5imalik tulla ka m\u00f5neks p\u00e4evaks \u00fchep\u00e4evastesse ateljeedesse v\u00f5i...\" \/>\n<meta property=\"og:url\" content=\"https:\/\/ectallinn2018.ee\/one-day-tickets\/\" \/>\n<meta property=\"og:site_name\" content=\"EUROPA CANTAT XX TALLINN 2018\" \/>\n<meta property=\"article:modified_time\" content=\"2018-07-25T09:16:33+00:00\" \/>\n<meta name=\"twitter:card\" content=\"summary_large_image\" \/>\n<script type=\"application\/ld+json\" class=\"yoast-schema-graph\">{\"@context\":\"https:\/\/schema.org\",\"@graph\":[{\"@type\":\"WebPage\",\"@id\":\"https:\/\/ectallinn2018.ee\/one-day-tickets\/\",\"url\":\"https:\/\/ectallinn2018.ee\/one-day-tickets\/\",\"name\":\"\u00dchep\u00e4evased piletid - EUROPA CANTAT XX TALLINN 2018\",\"isPartOf\":{\"@id\":\"https:\/\/ectallinn2018.ee\/#website\"},\"datePublished\":\"2018-06-14T06:49:22+00:00\",\"dateModified\":\"2018-07-25T09:16:33+00:00\",\"breadcrumb\":{\"@id\":\"https:\/\/ectallinn2018.ee\/one-day-tickets\/#breadcrumb\"},\"inLanguage\":\"et\",\"potentialAction\":[{\"@type\":\"ReadAction\",\"target\":[\"https:\/\/ectallinn2018.ee\/one-day-tickets\/\"]}]},{\"@type\":\"BreadcrumbList\",\"@id\":\"https:\/\/ectallinn2018.ee\/one-day-tickets\/#breadcrumb\",\"itemListElement\":[{\"@type\":\"ListItem\",\"position\":1,\"name\":\"Home\",\"item\":\"https:\/\/ectallinn2018.ee\/et\/\"},{\"@type\":\"ListItem\",\"position\":2,\"name\":\"\u00dchep\u00e4evased piletid\"}]},{\"@type\":\"WebSite\",\"@id\":\"https:\/\/ectallinn2018.ee\/#website\",\"url\":\"https:\/\/ectallinn2018.ee\/\",\"name\":\"EUROPA CANTAT XX TALLINN 2018\",\"description\":\"\",\"potentialAction\":[{\"@type\":\"SearchAction\",\"target\":{\"@type\":\"EntryPoint\",\"urlTemplate\":\"https:\/\/ectallinn2018.ee\/?s={search_term_string}\"},\"query-input\":\"required name=search_term_string\"}],\"inLanguage\":\"et\"}]}<\/script>\n<!-- \/ Yoast SEO plugin. -->","yoast_head_json":{"title":"\u00dchep\u00e4evased piletid - EUROPA CANTAT XX TALLINN 2018","robots":{"index":"index","follow":"follow","max-snippet":"max-snippet:-1","max-image-preview":"max-image-preview:large","max-video-preview":"max-video-preview:-1"},"canonical":"https:\/\/ectallinn2018.ee\/one-day-tickets\/","og_locale":"et_EE","og_type":"article","og_title":"\u00dchep\u00e4evased piletid - EUROPA CANTAT XX TALLINN 2018","og_description":"Kui tahad osa saada festivalimelust, kuid saad osaleda vaid \u00fcksikutel p\u00e4evadel, on v\u00f5imalik tulla ka m\u00f5neks p\u00e4evaks \u00fchep\u00e4evastesse ateljeedesse v\u00f5i...","og_url":"https:\/\/ectallinn2018.ee\/one-day-tickets\/","og_site_name":"EUROPA CANTAT XX TALLINN 2018","article_modified_time":"2018-07-25T09:16:33+00:00","twitter_card":"summary_large_image","schema":{"@context":"https:\/\/schema.org","@graph":[{"@type":"WebPage","@id":"https:\/\/ectallinn2018.ee\/one-day-tickets\/","url":"https:\/\/ectallinn2018.ee\/one-day-tickets\/","name":"\u00dchep\u00e4evased piletid - EUROPA CANTAT XX TALLINN 2018","isPartOf":{"@id":"https:\/\/ectallinn2018.ee\/#website"},"datePublished":"2018-06-14T06:49:22+00:00","dateModified":"2018-07-25T09:16:33+00:00","breadcrumb":{"@id":"https:\/\/ectallinn2018.ee\/one-day-tickets\/#breadcrumb"},"inLanguage":"et","potentialAction":[{"@type":"ReadAction","target":["https:\/\/ectallinn2018.ee\/one-day-tickets\/"]}]},{"@type":"BreadcrumbList","@id":"https:\/\/ectallinn2018.ee\/one-day-tickets\/#breadcrumb","itemListElement":[{"@type":"ListItem","position":1,"name":"Home","item":"https:\/\/ectallinn2018.ee\/et\/"},{"@type":"ListItem","position":2,"name":"\u00dchep\u00e4evased piletid"}]},{"@type":"WebSite","@id":"https:\/\/ectallinn2018.ee\/#website","url":"https:\/\/ectallinn2018.ee\/","name":"EUROPA CANTAT XX TALLINN 2018","description":"","potentialAction":[{"@type":"SearchAction","target":{"@type":"EntryPoint","urlTemplate":"https:\/\/ectallinn2018.ee\/?s={search_term_string}"},"query-input":"required name=search_term_string"}],"inLanguage":"et"}]}},"_links":{"self":[{"href":"https:\/\/ectallinn2018.ee\/et\/wp-json\/wp\/v2\/pages\/1227"}],"collection":[{"href":"https:\/\/ectallinn2018.ee\/et\/wp-json\/wp\/v2\/pages"}],"about":[{"href":"https:\/\/ectallinn2018.ee\/et\/wp-json\/wp\/v2\/types\/page"}],"author":[{"embeddable":true,"href":"https:\/\/ectallinn2018.ee\/et\/wp-json\/wp\/v2\/users\/1"}],"replies":[{"embeddable":true,"href":"https:\/\/ectallinn2018.ee\/et\/wp-json\/wp\/v2\/comments?post=1227"}],"version-history":[{"count":0,"href":"https:\/\/ectallinn2018.ee\/et\/wp-json\/wp\/v2\/pages\/1227\/revisions"}],"wp:attachment":[{"href":"https:\/\/ectallinn2018.ee\/et\/wp-json\/wp\/v2\/media?parent=1227"}],"curies":[{"name":"wp","href":"https:\/\/api.w.org\/{rel}","templated":true}]}}