{"id":1210,"date":"2018-06-05T02:17:32","date_gmt":"2018-06-04T23:17:32","guid":{"rendered":"https:\/\/ectallinn2018.ee\/?page_id=1210"},"modified":"2018-10-30T16:12:53","modified_gmt":"2018-10-30T14:12:53","slug":"kontserdiprogramm","status":"publish","type":"page","link":"https:\/\/ectallinn2018.ee\/et\/kontserdiprogramm\/","title":{"rendered":"Kontserdiprogramm"},"content":{"rendered":"<p><span style=\"font-size: 14pt;\"><strong>28. juuli<\/strong><\/span><\/p>\n<p><strong>15.00-18.00 Vaba\u00f5hukontserdid (igal pooltunnil)<\/strong>&#8211; Raekoja plats \/ <strong>TASUTA&nbsp;<\/strong><\/p>\n<p>&#8212;&#8212;-<\/p>\n<p><strong>REGIOONIKONTSERT:&nbsp;<\/strong><\/p>\n<p><strong>15.00&nbsp; St. Thomas-Chorschule Wettenhauseni noortekoor<\/strong> (Saksamaa), <strong>Medicine Hat College\u2019i t\u00fctarlastekoor<\/strong> (Kanada) &#8211; Viimsi Vaba\u00f5humuuseum&nbsp; &nbsp; &nbsp; &nbsp; &nbsp; &nbsp;<\/p>\n<p>&#8212;&#8212;-<\/p>\n<p><strong>CHOIR-TO-CHOIR kontserdid \/ TASUTA<\/strong>:&nbsp;<\/p>\n<p><strong>Mustpeade maja<\/strong><\/p>\n<p><strong>15.00&nbsp;<\/strong>Via Vitae\/ Osnabr\u00fccki noortekoor<\/p>\n<p><strong>16.30<\/strong>&nbsp;Epilogi Cantus Novus Femina\/ Madridi noortekoor<\/p>\n<p><strong>Katariina kirik<\/strong><\/p>\n<p><strong>15.00<\/strong> Turkey Polyphonic Choirs Assoc. &#8211; Association Choir\/ Leelo T\u00fctarlastekoor<\/p>\n<p><strong>16.30<\/strong> Kataloonia Rahvuslik noortekoor\/ Prantsusmaa noortekoor<\/p>\n<p><strong>Hopneri maja<\/strong><\/p>\n<p><strong>15.00<\/strong> Village Harmony\/ Dunkle Dirks<\/p>\n<p><strong>16.30<\/strong> ETV T\u00fctarlastekoor\/ Rootsi Rahvuslik noortekoor<\/p>\n<p><strong>\u00d5petajate maja<\/strong><\/p>\n<p><strong>15.00<\/strong> Molto Cantabile\/ Musamari t\u00fctarlastekoor<\/p>\n<p><strong>16.30<\/strong> H\u00e4m\u00e4l\u00e4is-Osakunnan Laulajat\/ Kol Hamishpaha<\/p>\n<p><strong>Kirjanike maja<\/strong><\/p>\n<p><strong>15.00<\/strong> SWAN Academy lastekoor\/ Noga koor<\/p>\n<p><strong>16.30<\/strong> Shirat HaEmek segakoor\/ Chor Luzern<\/p>\n<p><strong>Toomkirik<\/strong><\/p>\n<p><strong>16.30<\/strong> E STuudio Noortekoor\/ Itaalia noortekoor<\/p>\n<p>&#8212;&#8212;-<\/p>\n<p><strong>18.00-18.45 \u00dcHISLAULMINE OSALEJATELE &#8211;<\/strong> Vene Kultuurikeskus<\/p>\n<p>&#8212;&#8212;-<\/p>\n<p><strong>ERIKONTSERDID:<\/strong><\/p>\n<p><strong>20.00 AVAKONTSERT:<\/strong> VoiSingers, The Swingles, segakoor HUIK!, ETV t\u00fctarlastekoor, Rahvusooper Estonia poistekoor, EuroChoir 2018 &#8211; Vabaduse V\u00e4ljak&nbsp;\/ <strong>TASUTA<\/strong><\/p>\n<p><strong>22.00 \u00d6\u00d6kontsert:<\/strong> Eesti Rahvusmeeskoor \u2013 Jaani kirik&nbsp; \/ <strong>AINULT OSALEJATELE, TASUTA<\/strong><\/p>\n<p>&nbsp;<\/p>\n<p><span style=\"font-size: 14pt;\"><strong>29. juuli&nbsp;<\/strong><\/span><\/p>\n<p><strong>15.00-18.00 Vaba\u00f5hukontserdid (igal pooltunnil)<\/strong>&nbsp;&#8211; Raekoja plats&nbsp;\/&nbsp;<strong>TASUTA&nbsp;<\/strong><\/p>\n<p>&#8212;&#8212;-<\/p>\n<p><strong>REGIOONIKONTSERDID:<\/strong><\/p>\n<p><strong>16.00<\/strong>&nbsp;<strong>Segakoor Allegro Stuhr Brinkum<\/strong> (Saksamaa), <strong>SWAN Academy lastekoor<\/strong> (Hong Kong) &#8211; Viimsi P\u00fcha Jaakobi&nbsp; kirik<\/p>\n<p><strong>16.00<\/strong>&nbsp;<strong>Segakoor Laudate<\/strong> (\u0160veits), <strong>Hong Kongi lastekoor<\/strong> &#8211; Rae Kultuurikeskus&nbsp; &nbsp;<\/p>\n<p><strong>17.00<\/strong>&nbsp;<strong>LaCappella nais- ja meeskoor<\/strong> (Saksamaa) &#8211;&nbsp; Keila Muusikakool&nbsp;<\/p>\n<p><strong>17.00<\/strong> <strong>Noortekoor Hamrahl\u00eddark\u00f3rinn<\/strong> (Island), <strong>Madridi noortekoor<\/strong> (Hispaania) &#8211; T\u00fcri Kultuurikeskus&nbsp; &nbsp;<\/p>\n<p>&#8212;&#8212;-<\/p>\n<p><strong>CHOIR-TO-CHOIR kontserdid \/ TASUTA:&nbsp;<\/strong><\/p>\n<p><strong>Mustpeade maja<\/strong><\/p>\n<p><strong>15.00<\/strong>&nbsp;Norra Rahvuslik noortekoor \/ Sise-Mongoolia noortekoor<\/p>\n<p><strong>16.30<\/strong> Escola Coral L&#8217;Eliana\/ VoiSingers<\/p>\n<p><strong>Inglise kolled\u017e<\/strong><\/p>\n<p><strong>15.00<\/strong> Ulmer Spatzen Chor\/ Det Kongelige Danske Musikkonservatorium B\u00f8rnekor<\/p>\n<p><strong>16.30<\/strong> Taipei Hua Shin lastekoor\/ Coro Canto Leggero<\/p>\n<p><strong>Pelgulinna Rahvamaja<\/strong><\/p>\n<p><strong>15.00<\/strong> Fa-Mi-La koor\/ Istanbul K\u00fclt\u00fcr University Chorus<\/p>\n<p><strong>16.30<\/strong> Accord\/ Rezonans<\/p>\n<p><strong>Hopneri maja<\/strong><\/p>\n<p><strong>15.00<\/strong> Musamari lastekoor\/ Medicine Hat College t\u00fctarlastekoor<\/p>\n<p><strong>16.30<\/strong>&nbsp; Il Calicanto\/ Hellscore<\/p>\n<p><strong>Vanalinna Muusikamaja<\/strong><\/p>\n<p><strong>15.00&nbsp;<\/strong>Ensemble Illustre\/ Z\u00fcrich noortekoor<\/p>\n<p><strong>16.30<\/strong> Hundige-Kildebronde t\u00fctarlastekoor\/ Pro Fun<\/p>\n<p><strong>Go Property<\/strong><\/p>\n<p><strong>16.30<\/strong> Vox-NL\/ Jugendchor Nha Fala<\/p>\n<p><strong>Tallinna Tehnikak\u00f5rgkool<\/strong><\/p>\n<p><strong>15.00<\/strong> Israel Kibbutz koor\/ Veszprem City koor<\/p>\n<p>&#8212;&#8212;-<\/p>\n<p><strong>18.00-18.45 \u00dcHISLAULMINE OSALEJATELE &#8211; Vene Kultuurikeskus<\/strong><\/p>\n<p>&#8212;&#8212;-<\/p>\n<p><strong>ERIKONTSERDID: <\/strong><\/p>\n<p><strong>20.00 Eestimaa Atmosf\u00e4\u00e4rid<\/strong> &#8211; Alexela Kontserdimaja \u2013 \u00dcle-eestiline noortekoor \/ <a href=\"https:\/\/www.piletilevi.ee\/est\/piletid\/festival\/muusika\/europa-cantat-xx-tallinn-2018-kontserdid-57637\/\">PILETID Piletilevis<\/a><\/p>\n<p><strong>20.00 Noortekoor<\/strong>&nbsp;<strong>Maska <\/strong>(L\u00e4ti)&nbsp;\u2013 Tallinna Toomkirik \/ <a href=\"https:\/\/www.piletilevi.ee\/est\/piletid\/festival\/muusika\/europa-cantat-xx-tallinn-2018-kontserdid-57637\/\">PILETID Piletilevis<\/a><\/p>\n<p><strong>20.00 Eesti Filharmoonia kammerkoor<\/strong> \u2013 Jaani kirik \/ <a href=\"https:\/\/www.piletilevi.ee\/est\/piletid\/festival\/muusika\/europa-cantat-xx-tallinn-2018-kontserdid-57637\/\">PILETID Piletilevis<\/a><\/p>\n<p>&nbsp;<\/p>\n<p><span style=\"font-size: 14pt;\"><strong>30. juuli&nbsp;<\/strong><\/span><\/p>\n<p><strong>15.00-17.00 Vaba\u00f5hukontserdid (igal pooltunnil)<\/strong>&nbsp;&#8211; Raekoja plats \/&nbsp;<strong>TASUTA<\/strong><\/p>\n<p>&#8212;&#8212;&#8211;<\/p>\n<p><strong>REGIOONIKONTSERDID:&nbsp;<\/strong><\/p>\n<p><strong>17.00<\/strong> <strong>Ansambel Illustre<\/strong> (Holland), <strong>Segakoor Vox-NL<\/strong> (Holland) &#8211; Haapsalu-Uuem\u00f5isa&nbsp;m\u00f5is &nbsp;&nbsp; &nbsp; &nbsp; &nbsp; &nbsp;<\/p>\n<p><strong>18.00<\/strong> <strong>Osnabr\u00fccki noortekoor<\/strong> (Saksamaa) &#8211; Haapsalu Toomkirik&nbsp; &nbsp; &nbsp;<\/p>\n<p>&#8212;&#8212;-<\/p>\n<p><strong>CHOIR-TO-CHOIR kontserdid<\/strong>&nbsp;\/ <strong>TASUTA:<\/strong><\/p>\n<p><strong>Mustpeade maja<\/strong><\/p>\n<p><strong>15.00<\/strong>&nbsp;Hong Kongi lastekoor\/ lastekoor Ellerhein \/THK Kullo\/<\/p>\n<p><strong>16.30<\/strong> Moran noortekoor\/ segakoor Laudate<\/p>\n<p><strong>Katariina kirik<\/strong><\/p>\n<p><strong>15.00<\/strong> St. Thomas-Chorschule Wettenhausen \/ Flensborgark\u00f3rinn<\/p>\n<p><strong>16.30:<\/strong> LaCappella 2.0\/ emCANTUS<\/p>\n<p><strong>Hopneri maja<\/strong><\/p>\n<p><strong>15.00<\/strong> FengYo Chorus\/ Vokalmusik Wiesbaden<\/p>\n<p><strong>16.30<\/strong> Estrella Vedruna-Tona\/ Utrechts Vocaal Ensemble<\/p>\n<p><strong>Vanalinna muusikamaja<\/strong><\/p>\n<p><strong>15.00&nbsp;<\/strong>Allegro Stuhr Brinkum\/ Ungdomskoret-Stord kulturskule<\/p>\n<p><strong>Kirjanike maja<\/strong><\/p>\n<p><strong>15.00<\/strong> Eshkol koor\/ Bonner Workshopchor<\/p>\n<p><strong>16.30<\/strong> Cantemus Panama\/ Coral STMA Trinidad&nbsp;<\/p>\n<p><strong>Oleviste kirik<\/strong><\/p>\n<p><strong>15.00<\/strong>&nbsp;Vesela Pomlad\/ Canzone<\/p>\n<p><strong>16.30<\/strong>&nbsp;Cantitare Maaseik \/ XYK Singers<\/p>\n<p><strong>Rootsi-Mihkli kirik<\/strong><\/p>\n<p><strong>16.30<\/strong> 5.1\/ Haager Nachtigallen<\/p>\n<p>&#8212;&#8212;-<\/p>\n<p><strong>18.00-18.45 \u00dcHISLAULMINE OSALEJATELE &#8211; Vene Kultuurikeskus<\/strong><\/p>\n<p>&#8212;&#8212;-<\/p>\n<p><strong>ERIKONTSERDID: <\/strong><\/p>\n<p><strong>20.00 Koori\u00d6\u00d6:<\/strong> &#8211; <a href=\"https:\/\/ectallinn2018.ee\/et\/programm\/kontserdiprogramm\/kooride-oo-tallinna-vanalinn-tasuta\/\">erinevad koorid<\/a> &#8211; Tallinna vanalinn \/ <strong>TASUTA<\/strong><\/p>\n<p><strong>22.00 \u00d6\u00d6kontsert:<\/strong> Vox Clamantis YOU AND I \u2013 Tallinna Jaani kirik \/ <a href=\"https:\/\/www.piletilevi.ee\/est\/piletid\/festival\/muusika\/europa-cantat-xx-tallinn-2018-kontserdid-57637\/\">PILETID Piletilevis<\/a><\/p>\n<p>&nbsp;<\/p>\n<p><span style=\"font-size: 14pt;\"><strong>31. juuli&nbsp;<\/strong><\/span><\/p>\n<p><strong>15.00-17.30 Vaba\u00f5hukontserdid (igal pooltunnil)<\/strong>&nbsp;&#8211; Raekoja plats \/&nbsp;<strong>TASUTA<\/strong><\/p>\n<p>&#8212;&#8212;-<\/p>\n<p><strong>REGIOONIKONTSERDID:&nbsp;<\/strong><\/p>\n<p><strong>17.00<\/strong>&nbsp; <strong>Ulmer Spatzeni lastekoor<\/strong> (Saksamaa), <strong>Morani noortekoor<\/strong> (Israel) &#8211; Kostivere kultuurim\u00f5is<\/p>\n<p><strong>17.00<\/strong> <strong>Sise-Mongoolia noortekoor<\/strong> &#8211; Kose Kultuurikeskus&nbsp; &nbsp; &nbsp;&nbsp; &nbsp; &nbsp; &nbsp;&nbsp;<\/p>\n<p><strong>18.00<\/strong>&nbsp;<strong>Itaalia noortekoor<\/strong>&nbsp;&#8211; P\u00e4rnu Eliisabeti kirik&nbsp; &nbsp;&nbsp;<\/p>\n<p><strong>19.00<\/strong>&nbsp; <strong>Z\u00fcrichi noortekoor<\/strong> (\u0160veits) &#8211; Tartu Jaani kirik&nbsp; &nbsp;<\/p>\n<p>&#8212;&#8212;-<\/p>\n<p><b>CHOIR-TO-CHOIR kontserdid \/ TASUTA:&nbsp;<\/b><\/p>\n<p><strong>Oleviste kirik<\/strong><\/p>\n<p><strong>15.00<\/strong> Solothurner M\u00e4dchenchor\/ LaCappella&nbsp;<\/p>\n<p><strong>16.30<\/strong> Coro Giovanile Diapason\/ Hamrahl\u00eddark\u00f3rinn<\/p>\n<p><strong>Toomkirik<\/strong><\/p>\n<p><strong>16.30<\/strong> Tartu \u00dclikooli Akadeemiline Naiskoor\/ \u0160veitsi noortekoor<\/p>\n<p>&#8212;&#8212;-<\/p>\n<p><strong>18.00-18.45 \u00dcHISLAULMINE OSALEJATELE &#8211; Vene Kultuurikeskus<\/strong><\/p>\n<p>&#8212;&#8212;-<\/p>\n<p><strong>ATELJEE KONTSERDID: <\/strong><\/p>\n<p><strong>15.00 D2 Around the Baltic Sea,&nbsp;Rootsi noortekoor<\/strong> \u2013 Jaani kirik \/<strong>TASUTA<\/strong><\/p>\n<p><strong>15.00 A5 Young Pop, B10 Love Songs<\/strong> \u2013 Kultuurikatel \/&nbsp;<strong>TASUTA<\/strong><\/p>\n<p><strong>15.00 B13 Tales from Anatolia, B3 Joyful Journey Into Early Music<\/strong> \u2013 Mustpeade maja \/<strong>&nbsp;TASUTA<\/strong><\/p>\n<p><strong>16.30 A3 Sweet Dreams, C10 Sing Like The King\u2019s<\/strong> \u2013 Metodisti kirik&nbsp;\/&nbsp;<strong>TASUTA<\/strong><\/p>\n<p><strong>16.30 A14 Mysteries and Meditations, C5 Baltic Music of Today<\/strong> \u2013 Kaarli kirik \/&nbsp;<strong>TASUTA<\/strong><\/p>\n<p><strong>16.30 Norra noortekoor,&nbsp;Osnabr\u00fccki noortekoor<\/strong>&nbsp;\u2013 Jaani kirik \/ <a href=\"https:\/\/www.piletilevi.ee\/est\/piletid\/festival\/muusika\/europa-cantat-xx-tallinn-2018-kontserdid-57637\/\">PILETID Piletilevis<\/a><\/p>\n<p><strong>20.00 EuroChoir 2018<\/strong> \u2013 Kultuurikatla blackbox \/<a href=\"https:\/\/www.piletilevi.ee\/est\/piletid\/festival\/muusika\/europa-cantat-xx-tallinn-2018-kontserdid-57637\/\"> PILETID Piletilevis<\/a><\/p>\n<p><strong>20.00 Estonian Highlights 1.<\/strong>&nbsp;Tartu \u00dclikooli Akadeemiline naiskoor, Voces&nbsp; Musicales, Rahvusooper Estonia noormeeste koor \u2013 Estonia Kontserdisaal&nbsp;\/ <a href=\"https:\/\/www.piletilevi.ee\/est\/piletid\/festival\/muusika\/europa-cantat-xx-tallinn-2018-kontserdid-57637\/\">PILETID Piletilevis<\/a><\/p>\n<p><strong>20.00 Rock \u2019n&#8217; Rollator Show<\/strong>&nbsp;\u2013 Vene Kultuurikeskus&nbsp;\/ <a href=\"https:\/\/www.piletilevi.ee\/est\/piletid\/festival\/muusika\/europa-cantat-xx-tallinn-2018-kontserdid-57637\/\">PILETID Piletilevis<\/a><\/p>\n<p><strong>22.00 The Swingles<\/strong> \u2013 Alexela Kontserdimaja&nbsp;\/<a href=\"https:\/\/www.piletilevi.ee\/est\/piletid\/festival\/muusika\/europa-cantat-xx-tallinn-2018-kontserdid-57637\/\"> PILETID Piletilevis<\/a><\/p>\n<p>&nbsp;<\/p>\n<p><span style=\"font-size: 14pt;\"><strong>1. august&nbsp;<\/strong><\/span><\/p>\n<p><strong>15.00-19.00 Vaba\u00f5hukontserdid (igal pooltunnil)<\/strong> &#8211; Raekoja plats \/ <strong>TASUTA<\/strong><\/p>\n<p>&#8212;&#8212;-<\/p>\n<p><strong>REGIOONIKONTSERDID:&nbsp;<\/strong><\/p>\n<p style=\"margin-top: 1.66667em;\"><strong>18.00<\/strong>&nbsp;<strong>Norra Rahvuslik noortekoor<\/strong>&nbsp;ja&nbsp;<strong>segakoor Wannamoisa<\/strong>&nbsp;&#8211; Laagri Kultuurikeskus&nbsp;<\/p>\n<p style=\"margin-top: 1.66667em;\"><strong>18.00&nbsp; St. Stanislavi t\u00fctarlastekoor<\/strong>&nbsp;(Sloveenia) &#8211; Tartu \u00dclikooli aula<\/p>\n<p style=\"margin-top: 1.66667em;\">&#8212;&#8212;-&nbsp; &nbsp; &nbsp; &nbsp; &nbsp; &nbsp; &nbsp; &nbsp; &nbsp; &nbsp; &nbsp;<\/p>\n<p><strong>ATELJEE KONTSERDID: <\/strong><\/p>\n<p><strong>16.30 B1 From Shrek to Oceania, A13 Meet Latin American Roots<\/strong> \u2013 Kultuurikatla black box \/ <strong>TASUTA<\/strong><\/p>\n<p><strong>16.30 A2 Girls Just Want To Have Fun, B12 Starts and Stripes in Music<\/strong>&nbsp;\u2013 Vene Teater \/&nbsp;<strong>TASUTA<\/strong><\/p>\n<p>&#8212;&#8212;-<\/p>\n<p><strong>18.00-18.45 \u00dcHISLAULMINE OSALEJATELE &#8211; Vene Kultuurikeskus<\/strong><\/p>\n<p>&#8212;&#8212;-<\/p>\n<p><strong>ERIKONTSERDID: <\/strong><\/p>\n<p><strong>15.00 Sise-Mongoolia noortekoor&nbsp;<\/strong>\u2013 Kultuurikatel \/ <a href=\"https:\/\/www.piletilevi.ee\/est\/piletid\/festival\/muusika\/europa-cantat-xx-tallinn-2018-kontserdid-57637\/\">PILETID Piletilevis<\/a><\/p>\n<p><strong>15.00 Coro de J<em>\u00f3<\/em>venes de Madrid ja LaCapella Nuova&nbsp;<\/strong>\u2013 Kaarli kirik \/ <a href=\"https:\/\/www.piletilevi.ee\/est\/piletid\/festival\/muusika\/europa-cantat-xx-tallinn-2018-kontserdid-57637\/\">PILETID Piletilevis<\/a><\/p>\n<p><strong>16.30 Estonian Highlights 2. <\/strong>ETV mudilaskoor, Eesti Raadio t\u00fctarlastekoor, t\u00fctarlastekoor Ellerhein \/THK Kullo\/, Tallinna Muusikakeskkooli noortekoor &#8211; Estonia Kontserdisaal \/ <a href=\"https:\/\/www.piletilevi.ee\/est\/piletid\/festival\/muusika\/europa-cantat-xx-tallinn-2018-kontserdid-57637\/\">PILETID Piletilevis<\/a><\/p>\n<p><strong>16.30 Coro Canto Leggero ja Kataloonia Rahvuslik noortekoor \u2013 <\/strong> Jaani kirik \/ <a href=\"https:\/\/www.piletilevi.ee\/est\/piletid\/festival\/muusika\/europa-cantat-xx-tallinn-2018-kontserdid-57637\/\">PILETID Piletilevis<\/a><\/p>\n<p><strong>20.00 Promenaadi kontsert<\/strong>&nbsp;\u2013 Kultuurikatla erinevad saalid&nbsp; \/ <strong>TASUTA<\/strong><\/p>\n<p><strong>20.00 Poistekoor A\u017euoliukas <\/strong>\u2013 Metodisti kirik \/ <a href=\"https:\/\/www.piletilevi.ee\/est\/piletid\/festival\/muusika\/europa-cantat-xx-tallinn-2018-kontserdid-57637\/\">PILETID Piletilevis<\/a><\/p>\n<p><strong>20.00 Vocal Line<\/strong> \u2013 Vene Kultuurikeskus \/ <a href=\"https:\/\/www.piletilevi.ee\/est\/piletid\/festival\/muusika\/europa-cantat-xx-tallinn-2018-kontserdid-57637\/\">PILETID Piletilevis<\/a><\/p>\n<p><strong>22.00 \u00d6\u00d6kontsert:<\/strong> Collegium Musicale \u201eR\u00e4ndaja \u00f5htulaul\u201c \/ <a href=\"https:\/\/www.piletilevi.ee\/est\/piletid\/festival\/muusika\/europa-cantat-xx-tallinn-2018-kontserdid-57637\/\">PILETID Piletilevis<\/a><\/p>\n<p>&nbsp;<\/p>\n<p><span style=\"font-size: 14pt;\"><strong>2. august&nbsp;<\/strong><\/span><\/p>\n<p><strong>15.00 AUHINNATSEREMOONIA<\/strong> &#8211; Vene Kultuurikeskus<\/p>\n<p><strong>15.00-19.00 Vaba\u00f5hukontserdid (igal pooltunnil)<\/strong>&nbsp;&#8211; Raekoja plats \/ <strong>TASUTA<\/strong><\/p>\n<p>&#8212;&#8212;-<\/p>\n<p><strong>REGIONAAL kontsert:&nbsp;<\/strong><\/p>\n<p><strong>18.00<\/strong> \u0160veitsi noortekoor &#8211; Tartu Jaani kirik&nbsp; &nbsp; &nbsp; &nbsp; &nbsp; &nbsp;<\/p>\n<p>&#8212;&#8212;-&nbsp; &nbsp; &nbsp; &nbsp; &nbsp; &nbsp; &nbsp;&nbsp;<\/p>\n<p><strong>ATELJEE KONTSERDID:<\/strong><\/p>\n<p><strong>15.00 A8 Happy Baroque!, B5 Composers Conducting<\/strong> \u2013 Jaani kirik&nbsp;\/ <strong>TASUTA<\/strong><\/p>\n<p><strong>15.00 B4 Can You Hear Me?, B11 Choir Meets Organ<\/strong> \u2013 Kaarli kirik&nbsp;\/ <strong>TASUTA<\/strong><\/p>\n<p><strong>15.00 B2 Original Aborginal, Winners of the European Award for Choral Composers<\/strong> &#8211; Vene Kultuurikeskus&nbsp;\/ <strong>TASUTA<\/strong><\/p>\n<p><strong>16.30 C1 Baltic Sea Flavours<\/strong> \u2013 Hamrahlidarkorinn \u2013 Mustpeade maja&nbsp;\/ <strong>TASUTA<\/strong><\/p>\n<p><strong>16.30 A7: Cyrillus Kreek Reekviem<\/strong>&nbsp;\u2013 Estonia Kontserdisaal \/ <a href=\"https:\/\/www.piletilevi.ee\/est\/piletid\/festival\/muusika\/europa-cantat-xx-tallinn-2018-kontserdid-57637\/\">PILETID Piletilevis<\/a><\/p>\n<p>&#8212;&#8212;-<\/p>\n<p><strong>18.00-18.45 \u00dcHISLAULMINE OSALEJATELE &#8211; Vene Kultuurikeskus<\/strong><\/p>\n<p>&#8212;&#8212;-<\/p>\n<p><strong>ERIKONTSERDID: <\/strong><\/p>\n<p><strong>16.30 Itaalia noortekoor ja Prantsusmaa noortekoor&nbsp;<\/strong>\u2013 Metodisti kirik \/ <a href=\"https:\/\/www.piletilevi.ee\/est\/piletid\/festival\/muusika\/europa-cantat-xx-tallinn-2018-kontserdid-57637\/\">PILETID Piletilevis<\/a><\/p>\n<p><strong>20.00 Estonian Voices<\/strong> \u2013 Vene Kultuurikeskus \/ <a href=\"https:\/\/www.piletilevi.ee\/est\/piletid\/festival\/muusika\/europa-cantat-xx-tallinn-2018-kontserdid-57637\/\">PILETID Piletilevis<\/a><\/p>\n<p><strong>20.00 Collegium Musicale \u201eUnustatud rahvad\u201c<\/strong> &#8211; Mustpeade maja \/ <a href=\"https:\/\/www.piletilevi.ee\/est\/piletid\/festival\/muusika\/europa-cantat-xx-tallinn-2018-kontserdid-57637\/\">PILETID Piletilevis<\/a><\/p>\n<p><strong>20.00 St Stanislavi t\u00fctarlastekoor<\/strong>&nbsp;\u2013 Metodisti kirik \/ <a href=\"https:\/\/www.piletilevi.ee\/est\/piletid\/festival\/muusika\/europa-cantat-xx-tallinn-2018-kontserdid-57637\/\">PILETID Piletilevis<\/a><\/p>\n<p>&nbsp;<\/p>\n<p><span style=\"font-size: 14pt;\"><strong>3. august&nbsp;<\/strong><\/span><\/p>\n<p><strong>ATELJEE KONTSERT:&nbsp;<\/strong><\/p>\n<p><strong>13.00 C2 Nordic (High) Lights<\/strong> \u2013 Mustpeade maja \/ <strong>TASUTA<\/strong><\/p>\n<p><strong>ERIKONTSERT:&nbsp;<\/strong><\/p>\n<p><strong>19.00-22.00 Kontsert:&nbsp; \u201ePalju \u00f5nne, Eesti!\u201c<\/strong> \u2013&nbsp; Tallinna Lauluv\u00e4ljak \/ <strong>TASUTA<\/strong><\/p>\n<p>&nbsp;<\/p>\n<p><span style=\"font-size: 14pt;\"><strong>4. august<\/strong><\/span><\/p>\n<p><strong>ATELJEE KONTSERDID:&nbsp;<\/strong><\/p>\n<p><strong>16.30 A1 Childrens\u2019 Songs Around The World, A9 Pop Choir XXL<\/strong> \u2013 Vene Teater \/ <strong>TASUTA<\/strong><\/p>\n<p><strong>16.30 B8 Puccini: Messa di Gloria<\/strong> \u2013 Jaani kirik&nbsp;\/ <strong>TASUTA<\/strong><\/p>\n<p><strong>16.30 B15 Forgotten Peoples and Languages<\/strong>,&nbsp;<strong>Z\u00fcrich noortekoor<\/strong> &#8211; Metodisti kirik&nbsp;\/ <strong>TASUTA<\/strong><\/p>\n<p><strong>16.30 B7-1 Musical- The Triple Challenge,<\/strong>&nbsp;<strong>Hong Kongi lastekoor<\/strong>&nbsp;\u2013 Vene Kultuurikeskus&nbsp;\/ <strong>TASUTA<\/strong><\/p>\n<p><strong>20.00 B9 Sounds of Big Band, B7-2 Musical,<\/strong>&nbsp;<strong>The Triple Challenge<\/strong> \u2013 Vene Kultuurikeskus&nbsp;\/ <strong>TASUTA<\/strong><\/p>\n<p><strong>20.00 C6 P\u00e4rt: Te Deum<\/strong> \u2013 Kaarli kirik \/ <a href=\"https:\/\/www.piletilevi.ee\/est\/piletid\/festival\/muusika\/europa-cantat-xx-tallinn-2018-kontserdid-57637\/\">PILETID Piletilevis<\/a><\/p>\n<p><strong>20.00 D3 Works for Double and Triple Choir<\/strong>, <strong>\u0160veitsi noortekoor&nbsp;<\/strong>\u2013 Estonia Kontserdisaal&nbsp;\/ <strong>TASUTA<\/strong><\/p>\n","protected":false},"excerpt":{"rendered":"<p>28. juuli 15.00-18.00 Vaba\u00f5hukontserdid (igal pooltunnil)&#8211; Raekoja plats \/ TASUTA&nbsp; &#8212;&#8212;- REGIOONIKONTSERT:&nbsp; 15.00&nbsp; St. Thomas-Chorschule Wettenhauseni noortekoor (Saksamaa), Medicine Hat&#8230;<\/p>\n","protected":false},"author":1,"featured_media":0,"parent":0,"menu_order":0,"comment_status":"closed","ping_status":"closed","template":"","meta":{"_acf_changed":false,"ngg_post_thumbnail":0,"footnotes":"","_links_to":"","_links_to_target":""},"acf":[],"yoast_head":"<!-- This site is optimized with the Yoast SEO plugin v22.7 - https:\/\/yoast.com\/wordpress\/plugins\/seo\/ -->\n<title>Kontserdiprogramm - EUROPA CANTAT XX TALLINN 2018<\/title>\n<meta name=\"robots\" content=\"index, follow, max-snippet:-1, max-image-preview:large, max-video-preview:-1\" \/>\n<link rel=\"canonical\" href=\"https:\/\/ectallinn2018.ee\/et\/kontserdiprogramm\/\" \/>\n<meta property=\"og:locale\" content=\"et_EE\" \/>\n<meta property=\"og:type\" content=\"article\" \/>\n<meta property=\"og:title\" content=\"Kontserdiprogramm - EUROPA CANTAT XX TALLINN 2018\" \/>\n<meta property=\"og:description\" content=\"28. juuli 15.00-18.00 Vaba\u00f5hukontserdid (igal pooltunnil)&#8211; Raekoja plats \/ TASUTA&nbsp; &#8212;&#8212;- REGIOONIKONTSERT:&nbsp; 15.00&nbsp; St. Thomas-Chorschule Wettenhauseni noortekoor (Saksamaa), Medicine Hat...\" \/>\n<meta property=\"og:url\" content=\"https:\/\/ectallinn2018.ee\/et\/kontserdiprogramm\/\" \/>\n<meta property=\"og:site_name\" content=\"EUROPA CANTAT XX TALLINN 2018\" \/>\n<meta property=\"article:modified_time\" content=\"2018-10-30T14:12:53+00:00\" \/>\n<meta name=\"twitter:card\" content=\"summary_large_image\" \/>\n<meta name=\"twitter:label1\" content=\"Est. reading time\" \/>\n\t<meta name=\"twitter:data1\" content=\"6 minutit\" \/>\n<script type=\"application\/ld+json\" class=\"yoast-schema-graph\">{\"@context\":\"https:\/\/schema.org\",\"@graph\":[{\"@type\":\"WebPage\",\"@id\":\"https:\/\/ectallinn2018.ee\/et\/kontserdiprogramm\/\",\"url\":\"https:\/\/ectallinn2018.ee\/et\/kontserdiprogramm\/\",\"name\":\"Kontserdiprogramm - EUROPA CANTAT XX TALLINN 2018\",\"isPartOf\":{\"@id\":\"https:\/\/ectallinn2018.ee\/#website\"},\"datePublished\":\"2018-06-04T23:17:32+00:00\",\"dateModified\":\"2018-10-30T14:12:53+00:00\",\"breadcrumb\":{\"@id\":\"https:\/\/ectallinn2018.ee\/et\/kontserdiprogramm\/#breadcrumb\"},\"inLanguage\":\"et\",\"potentialAction\":[{\"@type\":\"ReadAction\",\"target\":[\"https:\/\/ectallinn2018.ee\/et\/kontserdiprogramm\/\"]}]},{\"@type\":\"BreadcrumbList\",\"@id\":\"https:\/\/ectallinn2018.ee\/et\/kontserdiprogramm\/#breadcrumb\",\"itemListElement\":[{\"@type\":\"ListItem\",\"position\":1,\"name\":\"Home\",\"item\":\"https:\/\/ectallinn2018.ee\/et\/\"},{\"@type\":\"ListItem\",\"position\":2,\"name\":\"Kontserdiprogramm\"}]},{\"@type\":\"WebSite\",\"@id\":\"https:\/\/ectallinn2018.ee\/#website\",\"url\":\"https:\/\/ectallinn2018.ee\/\",\"name\":\"EUROPA CANTAT XX TALLINN 2018\",\"description\":\"\",\"potentialAction\":[{\"@type\":\"SearchAction\",\"target\":{\"@type\":\"EntryPoint\",\"urlTemplate\":\"https:\/\/ectallinn2018.ee\/?s={search_term_string}\"},\"query-input\":\"required name=search_term_string\"}],\"inLanguage\":\"et\"}]}<\/script>\n<!-- \/ Yoast SEO plugin. -->","yoast_head_json":{"title":"Kontserdiprogramm - EUROPA CANTAT XX TALLINN 2018","robots":{"index":"index","follow":"follow","max-snippet":"max-snippet:-1","max-image-preview":"max-image-preview:large","max-video-preview":"max-video-preview:-1"},"canonical":"https:\/\/ectallinn2018.ee\/et\/kontserdiprogramm\/","og_locale":"et_EE","og_type":"article","og_title":"Kontserdiprogramm - EUROPA CANTAT XX TALLINN 2018","og_description":"28. juuli 15.00-18.00 Vaba\u00f5hukontserdid (igal pooltunnil)&#8211; Raekoja plats \/ TASUTA&nbsp; &#8212;&#8212;- REGIOONIKONTSERT:&nbsp; 15.00&nbsp; St. Thomas-Chorschule Wettenhauseni noortekoor (Saksamaa), Medicine Hat...","og_url":"https:\/\/ectallinn2018.ee\/et\/kontserdiprogramm\/","og_site_name":"EUROPA CANTAT XX TALLINN 2018","article_modified_time":"2018-10-30T14:12:53+00:00","twitter_card":"summary_large_image","twitter_misc":{"Est. reading time":"6 minutit"},"schema":{"@context":"https:\/\/schema.org","@graph":[{"@type":"WebPage","@id":"https:\/\/ectallinn2018.ee\/et\/kontserdiprogramm\/","url":"https:\/\/ectallinn2018.ee\/et\/kontserdiprogramm\/","name":"Kontserdiprogramm - EUROPA CANTAT XX TALLINN 2018","isPartOf":{"@id":"https:\/\/ectallinn2018.ee\/#website"},"datePublished":"2018-06-04T23:17:32+00:00","dateModified":"2018-10-30T14:12:53+00:00","breadcrumb":{"@id":"https:\/\/ectallinn2018.ee\/et\/kontserdiprogramm\/#breadcrumb"},"inLanguage":"et","potentialAction":[{"@type":"ReadAction","target":["https:\/\/ectallinn2018.ee\/et\/kontserdiprogramm\/"]}]},{"@type":"BreadcrumbList","@id":"https:\/\/ectallinn2018.ee\/et\/kontserdiprogramm\/#breadcrumb","itemListElement":[{"@type":"ListItem","position":1,"name":"Home","item":"https:\/\/ectallinn2018.ee\/et\/"},{"@type":"ListItem","position":2,"name":"Kontserdiprogramm"}]},{"@type":"WebSite","@id":"https:\/\/ectallinn2018.ee\/#website","url":"https:\/\/ectallinn2018.ee\/","name":"EUROPA CANTAT XX TALLINN 2018","description":"","potentialAction":[{"@type":"SearchAction","target":{"@type":"EntryPoint","urlTemplate":"https:\/\/ectallinn2018.ee\/?s={search_term_string}"},"query-input":"required name=search_term_string"}],"inLanguage":"et"}]}},"_links":{"self":[{"href":"https:\/\/ectallinn2018.ee\/et\/wp-json\/wp\/v2\/pages\/1210"}],"collection":[{"href":"https:\/\/ectallinn2018.ee\/et\/wp-json\/wp\/v2\/pages"}],"about":[{"href":"https:\/\/ectallinn2018.ee\/et\/wp-json\/wp\/v2\/types\/page"}],"author":[{"embeddable":true,"href":"https:\/\/ectallinn2018.ee\/et\/wp-json\/wp\/v2\/users\/1"}],"replies":[{"embeddable":true,"href":"https:\/\/ectallinn2018.ee\/et\/wp-json\/wp\/v2\/comments?post=1210"}],"version-history":[{"count":0,"href":"https:\/\/ectallinn2018.ee\/et\/wp-json\/wp\/v2\/pages\/1210\/revisions"}],"wp:attachment":[{"href":"https:\/\/ectallinn2018.ee\/et\/wp-json\/wp\/v2\/media?parent=1210"}],"curies":[{"name":"wp","href":"https:\/\/api.w.org\/{rel}","templated":true}]}}