{"id":1081,"date":"2018-05-18T10:34:34","date_gmt":"2018-05-18T07:34:34","guid":{"rendered":"https:\/\/ectallinn2018.ee\/?page_id=1081"},"modified":"2018-07-19T21:02:05","modified_gmt":"2018-07-19T18:02:05","slug":"registreerimise-info","status":"publish","type":"page","link":"https:\/\/ectallinn2018.ee\/et\/registreerimise-info\/","title":{"rendered":"Registreerimine"},"content":{"rendered":"<p><strong>Registreerimine t\u00e4ispikale festivalile on l\u00f5ppenud.<\/strong><\/p>\n<p>Kui sul ei ole v\u00f5imalik osaleda t\u00e4ispikal Europa Cantat XX Tallinn 2018 festivalil, siis pakume v\u00f5imalust soetada \u00fcksikuid p\u00e4evapileteid, mis tagavad sissep\u00e4\u00e4su erinevatele \u00fchep\u00e4evastele ateljeedele, dirigentide ja heliloojate programmile ning festivali kontsertidele.&nbsp;<\/p>\n<p><strong>PS!<\/strong>&nbsp;Soetades p\u00e4evapileti, ei kindlusta korraldaja osalejale s\u00f6\u00f6ki ega majutust.&nbsp;<\/p>\n<p>\u00dchep\u00e4evaste ateljeede kohta saad infot <a href=\"https:\/\/ectallinn2018.ee\/et\/programm\/avastusateljeed\/\">siit<\/a>&nbsp;ja heliloojate ning dirigentide programmi kohta <a href=\"https:\/\/ectallinn2018.ee\/et\/programm\/dirigentide-ja-heliloojate-programm\/\">siit.<\/a>&nbsp;<\/p>\n","protected":false},"excerpt":{"rendered":"<p>Registreerimine t\u00e4ispikale festivalile on l\u00f5ppenud. Kui sul ei ole v\u00f5imalik osaleda t\u00e4ispikal Europa Cantat XX Tallinn 2018 festivalil, siis pakume&#8230;<\/p>\n","protected":false},"author":1,"featured_media":0,"parent":0,"menu_order":10,"comment_status":"closed","ping_status":"closed","template":"","meta":{"_acf_changed":false,"ngg_post_thumbnail":0,"footnotes":"","_links_to":"","_links_to_target":""},"acf":[],"yoast_head":"<!-- This site is optimized with the Yoast SEO plugin v22.7 - https:\/\/yoast.com\/wordpress\/plugins\/seo\/ -->\n<title>Registreerimine - EUROPA CANTAT XX TALLINN 2018<\/title>\n<meta name=\"robots\" content=\"index, follow, max-snippet:-1, max-image-preview:large, max-video-preview:-1\" \/>\n<link rel=\"canonical\" href=\"https:\/\/ectallinn2018.ee\/et\/registreerimise-info\/\" \/>\n<meta property=\"og:locale\" content=\"et_EE\" \/>\n<meta property=\"og:type\" content=\"article\" \/>\n<meta property=\"og:title\" content=\"Registreerimine - EUROPA CANTAT XX TALLINN 2018\" \/>\n<meta property=\"og:description\" content=\"Registreerimine t\u00e4ispikale festivalile on l\u00f5ppenud. Kui sul ei ole v\u00f5imalik osaleda t\u00e4ispikal Europa Cantat XX Tallinn 2018 festivalil, siis pakume...\" \/>\n<meta property=\"og:url\" content=\"https:\/\/ectallinn2018.ee\/et\/registreerimise-info\/\" \/>\n<meta property=\"og:site_name\" content=\"EUROPA CANTAT XX TALLINN 2018\" \/>\n<meta property=\"article:modified_time\" content=\"2018-07-19T18:02:05+00:00\" \/>\n<meta name=\"twitter:card\" content=\"summary_large_image\" \/>\n<script type=\"application\/ld+json\" class=\"yoast-schema-graph\">{\"@context\":\"https:\/\/schema.org\",\"@graph\":[{\"@type\":\"WebPage\",\"@id\":\"https:\/\/ectallinn2018.ee\/et\/registreerimise-info\/\",\"url\":\"https:\/\/ectallinn2018.ee\/et\/registreerimise-info\/\",\"name\":\"Registreerimine - EUROPA CANTAT XX TALLINN 2018\",\"isPartOf\":{\"@id\":\"https:\/\/ectallinn2018.ee\/#website\"},\"datePublished\":\"2018-05-18T07:34:34+00:00\",\"dateModified\":\"2018-07-19T18:02:05+00:00\",\"breadcrumb\":{\"@id\":\"https:\/\/ectallinn2018.ee\/et\/registreerimise-info\/#breadcrumb\"},\"inLanguage\":\"et\",\"potentialAction\":[{\"@type\":\"ReadAction\",\"target\":[\"https:\/\/ectallinn2018.ee\/et\/registreerimise-info\/\"]}]},{\"@type\":\"BreadcrumbList\",\"@id\":\"https:\/\/ectallinn2018.ee\/et\/registreerimise-info\/#breadcrumb\",\"itemListElement\":[{\"@type\":\"ListItem\",\"position\":1,\"name\":\"Home\",\"item\":\"https:\/\/ectallinn2018.ee\/et\/\"},{\"@type\":\"ListItem\",\"position\":2,\"name\":\"Registreerimine\"}]},{\"@type\":\"WebSite\",\"@id\":\"https:\/\/ectallinn2018.ee\/#website\",\"url\":\"https:\/\/ectallinn2018.ee\/\",\"name\":\"EUROPA CANTAT XX TALLINN 2018\",\"description\":\"\",\"potentialAction\":[{\"@type\":\"SearchAction\",\"target\":{\"@type\":\"EntryPoint\",\"urlTemplate\":\"https:\/\/ectallinn2018.ee\/?s={search_term_string}\"},\"query-input\":\"required name=search_term_string\"}],\"inLanguage\":\"et\"}]}<\/script>\n<!-- \/ Yoast SEO plugin. -->","yoast_head_json":{"title":"Registreerimine - EUROPA CANTAT XX TALLINN 2018","robots":{"index":"index","follow":"follow","max-snippet":"max-snippet:-1","max-image-preview":"max-image-preview:large","max-video-preview":"max-video-preview:-1"},"canonical":"https:\/\/ectallinn2018.ee\/et\/registreerimise-info\/","og_locale":"et_EE","og_type":"article","og_title":"Registreerimine - EUROPA CANTAT XX TALLINN 2018","og_description":"Registreerimine t\u00e4ispikale festivalile on l\u00f5ppenud. Kui sul ei ole v\u00f5imalik osaleda t\u00e4ispikal Europa Cantat XX Tallinn 2018 festivalil, siis pakume...","og_url":"https:\/\/ectallinn2018.ee\/et\/registreerimise-info\/","og_site_name":"EUROPA CANTAT XX TALLINN 2018","article_modified_time":"2018-07-19T18:02:05+00:00","twitter_card":"summary_large_image","schema":{"@context":"https:\/\/schema.org","@graph":[{"@type":"WebPage","@id":"https:\/\/ectallinn2018.ee\/et\/registreerimise-info\/","url":"https:\/\/ectallinn2018.ee\/et\/registreerimise-info\/","name":"Registreerimine - EUROPA CANTAT XX TALLINN 2018","isPartOf":{"@id":"https:\/\/ectallinn2018.ee\/#website"},"datePublished":"2018-05-18T07:34:34+00:00","dateModified":"2018-07-19T18:02:05+00:00","breadcrumb":{"@id":"https:\/\/ectallinn2018.ee\/et\/registreerimise-info\/#breadcrumb"},"inLanguage":"et","potentialAction":[{"@type":"ReadAction","target":["https:\/\/ectallinn2018.ee\/et\/registreerimise-info\/"]}]},{"@type":"BreadcrumbList","@id":"https:\/\/ectallinn2018.ee\/et\/registreerimise-info\/#breadcrumb","itemListElement":[{"@type":"ListItem","position":1,"name":"Home","item":"https:\/\/ectallinn2018.ee\/et\/"},{"@type":"ListItem","position":2,"name":"Registreerimine"}]},{"@type":"WebSite","@id":"https:\/\/ectallinn2018.ee\/#website","url":"https:\/\/ectallinn2018.ee\/","name":"EUROPA CANTAT XX TALLINN 2018","description":"","potentialAction":[{"@type":"SearchAction","target":{"@type":"EntryPoint","urlTemplate":"https:\/\/ectallinn2018.ee\/?s={search_term_string}"},"query-input":"required name=search_term_string"}],"inLanguage":"et"}]}},"_links":{"self":[{"href":"https:\/\/ectallinn2018.ee\/et\/wp-json\/wp\/v2\/pages\/1081"}],"collection":[{"href":"https:\/\/ectallinn2018.ee\/et\/wp-json\/wp\/v2\/pages"}],"about":[{"href":"https:\/\/ectallinn2018.ee\/et\/wp-json\/wp\/v2\/types\/page"}],"author":[{"embeddable":true,"href":"https:\/\/ectallinn2018.ee\/et\/wp-json\/wp\/v2\/users\/1"}],"replies":[{"embeddable":true,"href":"https:\/\/ectallinn2018.ee\/et\/wp-json\/wp\/v2\/comments?post=1081"}],"version-history":[{"count":0,"href":"https:\/\/ectallinn2018.ee\/et\/wp-json\/wp\/v2\/pages\/1081\/revisions"}],"wp:attachment":[{"href":"https:\/\/ectallinn2018.ee\/et\/wp-json\/wp\/v2\/media?parent=1081"}],"curies":[{"name":"wp","href":"https:\/\/api.w.org\/{rel}","templated":true}]}}