{"id":1022,"date":"2018-05-10T18:00:18","date_gmt":"2018-05-10T15:00:18","guid":{"rendered":"https:\/\/ectallinn2018.ee\/?page_id=1022"},"modified":"2018-07-19T22:42:51","modified_gmt":"2018-07-19T19:42:51","slug":"festivali-t-sark","status":"publish","type":"page","link":"https:\/\/ectallinn2018.ee\/et\/festivali-t-sark\/","title":{"rendered":"Festivali T-s\u00e4rk"},"content":{"rendered":"<p><strong>Festivali t-s\u00e4rkide ettetellimine on l\u00f5ppenud!&nbsp;<\/strong><\/p>\n<p>K\u00f5iki tooteid saab tellida e-maili teel&nbsp;&nbsp;<strong>merje.narbekov@fifaa.ee<\/strong>&nbsp;v\u00f5i&nbsp; helistades telefoninumbril&nbsp;<strong>50 62 683<\/strong>.<\/p>\n<p>Tellimisel olevate toodete tellimuse t\u00e4itmise t\u00e4htaeg on 2 \u2013 4 n\u00e4dalat p\u00e4rast kliendipoolse tellimuse kinnitamist.&nbsp;T-s\u00e4rgi materjal on 100% puuvill.<\/p>\n<p><strong>MEHED<\/strong>&nbsp; &nbsp; &nbsp; &nbsp; &nbsp;<strong>&nbsp;S&nbsp; &nbsp; M&nbsp; &nbsp; &nbsp;L&nbsp; &nbsp;XL&nbsp; &nbsp;XXL&nbsp; &nbsp;3XL&nbsp; &nbsp;4XL<\/strong><br \/>\nPikkus&nbsp; &nbsp; &nbsp; &nbsp; &nbsp; &nbsp;69&nbsp; &nbsp;72&nbsp; &nbsp; 75&nbsp; &nbsp;78&nbsp; &nbsp; 80&nbsp; &nbsp; &nbsp;82&nbsp; &nbsp; &nbsp; 84&nbsp; &nbsp; &nbsp; &nbsp;cm<br \/>\nRind (1\/2)&nbsp; &nbsp; &nbsp; 45&nbsp; &nbsp;49&nbsp; &nbsp; 53&nbsp; &nbsp;57&nbsp; &nbsp; 61&nbsp; &nbsp; &nbsp;65&nbsp; &nbsp; &nbsp; 69&nbsp; &nbsp; &nbsp; &nbsp;cm<\/p>\n<p><strong>NAISED&nbsp; &nbsp; &nbsp; &nbsp; S\/36&nbsp; M\/38&nbsp; L\/40&nbsp; XL\/42&nbsp; XXL\/44&nbsp; 3XL\/46&nbsp;<\/strong><br \/>\nPikkus&nbsp; &nbsp; &nbsp; &nbsp; &nbsp; &nbsp; &nbsp;63&nbsp; &nbsp; &nbsp; 64&nbsp; &nbsp; &nbsp; 65&nbsp; &nbsp; &nbsp; 66&nbsp; &nbsp; &nbsp; &nbsp; &nbsp;68&nbsp; &nbsp; &nbsp; &nbsp; &nbsp; 70&nbsp; &nbsp; &nbsp; &nbsp;cm<br \/>\nRind (1\/2)&nbsp; &nbsp; &nbsp; &nbsp;45&nbsp; &nbsp; &nbsp; 47&nbsp; &nbsp; &nbsp; 49&nbsp; &nbsp; &nbsp; 51&nbsp; &nbsp; &nbsp; &nbsp; &nbsp;55&nbsp; &nbsp; &nbsp; &nbsp; &nbsp; 59&nbsp; &nbsp; &nbsp; &nbsp;cm<\/p>\n<p><strong>LAPSED:<\/strong><\/p>\n<p>Laste s\u00e4rkide m\u00f5\u00f5dud on vastavalt laste pikkusele:<\/p>\n<p>90\/100 cm &nbsp;(3-5 a.)<\/p>\n<p>110\/120 cm &nbsp;(6-8 a.)<\/p>\n<p>130\/140 cm &nbsp;(9 \u2013 11 a.)<\/p>\n<p>150\/160 cm (12 -14 a.)<\/p>\n<p>T\u00e4iskasvanute s\u00e4rkide hind 7.95 eur + km\/tk ja laste s\u00e4rkide hind 6.07 eur + km\/tk ja tasumine toimub arve alusel \u00fclekandega.<\/p>\n<p><strong>T-s\u00e4rkide v\u00e4rvivalik:&nbsp;<\/strong><\/p>\n<p><img loading=\"lazy\" decoding=\"async\" class=\"alignnone size-medium wp-image-795\" src=\"https:\/\/ectallinn2018.ee\/wp-content\/uploads\/2018\/05\/T-shirt-lime-300x225.jpg\" sizes=\"(max-width: 300px) 100vw, 300px\" srcset=\"https:\/\/ectallinn2018.ee\/wp-content\/uploads\/2018\/05\/T-shirt-lime-300x225.jpg 300w, https:\/\/ectallinn2018.ee\/wp-content\/uploads\/2018\/05\/T-shirt-lime-768x576.jpg 768w, https:\/\/ectallinn2018.ee\/wp-content\/uploads\/2018\/05\/T-shirt-lime-526x392.jpg 526w, https:\/\/ectallinn2018.ee\/wp-content\/uploads\/2018\/05\/T-shirt-lime-64x48.jpg 64w, https:\/\/ectallinn2018.ee\/wp-content\/uploads\/2018\/05\/T-shirt-lime.jpg 960w\" alt=\"\" width=\"300\" height=\"225\">&nbsp;<img loading=\"lazy\" decoding=\"async\" class=\"alignnone size-medium wp-image-794\" src=\"https:\/\/ectallinn2018.ee\/wp-content\/uploads\/2018\/05\/T-shirt-blue-300x225.jpg\" sizes=\"(max-width: 300px) 100vw, 300px\" srcset=\"https:\/\/ectallinn2018.ee\/wp-content\/uploads\/2018\/05\/T-shirt-blue-300x225.jpg 300w, https:\/\/ectallinn2018.ee\/wp-content\/uploads\/2018\/05\/T-shirt-blue-768x576.jpg 768w, https:\/\/ectallinn2018.ee\/wp-content\/uploads\/2018\/05\/T-shirt-blue-526x392.jpg 526w, https:\/\/ectallinn2018.ee\/wp-content\/uploads\/2018\/05\/T-shirt-blue-64x48.jpg 64w, https:\/\/ectallinn2018.ee\/wp-content\/uploads\/2018\/05\/T-shirt-blue.jpg 960w\" alt=\"\" width=\"300\" height=\"225\">&nbsp;<img loading=\"lazy\" decoding=\"async\" class=\"alignnone size-medium wp-image-793\" src=\"https:\/\/ectallinn2018.ee\/wp-content\/uploads\/2018\/05\/T-shirt-black-300x225.jpg\" sizes=\"(max-width: 300px) 100vw, 300px\" srcset=\"https:\/\/ectallinn2018.ee\/wp-content\/uploads\/2018\/05\/T-shirt-black-300x225.jpg 300w, https:\/\/ectallinn2018.ee\/wp-content\/uploads\/2018\/05\/T-shirt-black-768x576.jpg 768w, https:\/\/ectallinn2018.ee\/wp-content\/uploads\/2018\/05\/T-shirt-black-526x392.jpg 526w, https:\/\/ectallinn2018.ee\/wp-content\/uploads\/2018\/05\/T-shirt-black-64x48.jpg 64w, https:\/\/ectallinn2018.ee\/wp-content\/uploads\/2018\/05\/T-shirt-black.jpg 960w\" alt=\"\" width=\"300\" height=\"225\">&nbsp;<img loading=\"lazy\" decoding=\"async\" class=\"alignnone size-medium wp-image-796\" src=\"https:\/\/ectallinn2018.ee\/wp-content\/uploads\/2018\/05\/T-shirt-orange-300x225.jpg\" sizes=\"(max-width: 300px) 100vw, 300px\" srcset=\"https:\/\/ectallinn2018.ee\/wp-content\/uploads\/2018\/05\/T-shirt-orange-300x225.jpg 300w, https:\/\/ectallinn2018.ee\/wp-content\/uploads\/2018\/05\/T-shirt-orange-768x576.jpg 768w, https:\/\/ectallinn2018.ee\/wp-content\/uploads\/2018\/05\/T-shirt-orange-526x392.jpg 526w, https:\/\/ectallinn2018.ee\/wp-content\/uploads\/2018\/05\/T-shirt-orange-64x48.jpg 64w, https:\/\/ectallinn2018.ee\/wp-content\/uploads\/2018\/05\/T-shirt-orange.jpg 960w\" alt=\"\" width=\"300\" height=\"225\">&nbsp;<img loading=\"lazy\" decoding=\"async\" class=\"alignnone size-medium wp-image-797\" src=\"https:\/\/ectallinn2018.ee\/wp-content\/uploads\/2018\/05\/T-shirt-white-300x225.jpg\" sizes=\"(max-width: 300px) 100vw, 300px\" srcset=\"https:\/\/ectallinn2018.ee\/wp-content\/uploads\/2018\/05\/T-shirt-white-300x225.jpg 300w, https:\/\/ectallinn2018.ee\/wp-content\/uploads\/2018\/05\/T-shirt-white-768x576.jpg 768w, https:\/\/ectallinn2018.ee\/wp-content\/uploads\/2018\/05\/T-shirt-white-526x392.jpg 526w, https:\/\/ectallinn2018.ee\/wp-content\/uploads\/2018\/05\/T-shirt-white-64x48.jpg 64w, https:\/\/ectallinn2018.ee\/wp-content\/uploads\/2018\/05\/T-shirt-white.jpg 960w\" alt=\"\" width=\"300\" height=\"225\"><\/p>\n<p><strong>T\u00e4helepanu! Tellimuse info saata hiljemalt 15.06.2018!&nbsp;<\/strong><\/p>\n","protected":false},"excerpt":{"rendered":"<p>Festivali t-s\u00e4rkide ettetellimine on l\u00f5ppenud!&nbsp; K\u00f5iki tooteid saab tellida e-maili teel&nbsp;&nbsp;merje.narbekov@fifaa.ee&nbsp;v\u00f5i&nbsp; helistades telefoninumbril&nbsp;50 62 683. Tellimisel olevate toodete tellimuse t\u00e4itmise&#8230;<\/p>\n","protected":false},"author":1,"featured_media":0,"parent":0,"menu_order":0,"comment_status":"closed","ping_status":"closed","template":"","meta":{"_acf_changed":false,"ngg_post_thumbnail":0,"footnotes":"","_links_to":"","_links_to_target":""},"acf":[],"yoast_head":"<!-- This site is optimized with the Yoast SEO plugin v22.7 - https:\/\/yoast.com\/wordpress\/plugins\/seo\/ -->\n<title>Festivali T-s\u00e4rk - EUROPA CANTAT XX TALLINN 2018<\/title>\n<meta name=\"robots\" content=\"index, follow, max-snippet:-1, max-image-preview:large, max-video-preview:-1\" \/>\n<link rel=\"canonical\" href=\"https:\/\/ectallinn2018.ee\/festival-t-shirts\/\" \/>\n<meta property=\"og:locale\" content=\"et_EE\" \/>\n<meta property=\"og:type\" content=\"article\" \/>\n<meta property=\"og:title\" content=\"Festivali T-s\u00e4rk - EUROPA CANTAT XX TALLINN 2018\" \/>\n<meta property=\"og:description\" content=\"Festivali t-s\u00e4rkide ettetellimine on l\u00f5ppenud!&nbsp; K\u00f5iki tooteid saab tellida e-maili teel&nbsp;&nbsp;merje.narbekov@fifaa.ee&nbsp;v\u00f5i&nbsp; helistades telefoninumbril&nbsp;50 62 683. Tellimisel olevate toodete tellimuse t\u00e4itmise...\" \/>\n<meta property=\"og:url\" content=\"https:\/\/ectallinn2018.ee\/festival-t-shirts\/\" \/>\n<meta property=\"og:site_name\" content=\"EUROPA CANTAT XX TALLINN 2018\" \/>\n<meta property=\"article:modified_time\" content=\"2018-07-19T19:42:51+00:00\" \/>\n<meta property=\"og:image\" content=\"https:\/\/ectallinn2018.ee\/wp-content\/uploads\/2018\/05\/T-shirt-lime-300x225.jpg\" \/>\n<meta name=\"twitter:card\" content=\"summary_large_image\" \/>\n<meta name=\"twitter:label1\" content=\"Est. reading time\" \/>\n\t<meta name=\"twitter:data1\" content=\"1 minut\" \/>\n<script type=\"application\/ld+json\" class=\"yoast-schema-graph\">{\"@context\":\"https:\/\/schema.org\",\"@graph\":[{\"@type\":\"WebPage\",\"@id\":\"https:\/\/ectallinn2018.ee\/festival-t-shirts\/\",\"url\":\"https:\/\/ectallinn2018.ee\/festival-t-shirts\/\",\"name\":\"Festivali T-s\u00e4rk - EUROPA CANTAT XX TALLINN 2018\",\"isPartOf\":{\"@id\":\"https:\/\/ectallinn2018.ee\/#website\"},\"primaryImageOfPage\":{\"@id\":\"https:\/\/ectallinn2018.ee\/festival-t-shirts\/#primaryimage\"},\"image\":{\"@id\":\"https:\/\/ectallinn2018.ee\/festival-t-shirts\/#primaryimage\"},\"thumbnailUrl\":\"https:\/\/ectallinn2018.ee\/wp-content\/uploads\/2018\/05\/T-shirt-lime-300x225.jpg\",\"datePublished\":\"2018-05-10T15:00:18+00:00\",\"dateModified\":\"2018-07-19T19:42:51+00:00\",\"breadcrumb\":{\"@id\":\"https:\/\/ectallinn2018.ee\/festival-t-shirts\/#breadcrumb\"},\"inLanguage\":\"et\",\"potentialAction\":[{\"@type\":\"ReadAction\",\"target\":[\"https:\/\/ectallinn2018.ee\/festival-t-shirts\/\"]}]},{\"@type\":\"ImageObject\",\"inLanguage\":\"et\",\"@id\":\"https:\/\/ectallinn2018.ee\/festival-t-shirts\/#primaryimage\",\"url\":\"https:\/\/ectallinn2018.ee\/wp-content\/uploads\/2018\/05\/T-shirt-lime-300x225.jpg\",\"contentUrl\":\"https:\/\/ectallinn2018.ee\/wp-content\/uploads\/2018\/05\/T-shirt-lime-300x225.jpg\"},{\"@type\":\"BreadcrumbList\",\"@id\":\"https:\/\/ectallinn2018.ee\/festival-t-shirts\/#breadcrumb\",\"itemListElement\":[{\"@type\":\"ListItem\",\"position\":1,\"name\":\"Home\",\"item\":\"https:\/\/ectallinn2018.ee\/et\/\"},{\"@type\":\"ListItem\",\"position\":2,\"name\":\"Festivali T-s\u00e4rk\"}]},{\"@type\":\"WebSite\",\"@id\":\"https:\/\/ectallinn2018.ee\/#website\",\"url\":\"https:\/\/ectallinn2018.ee\/\",\"name\":\"EUROPA CANTAT XX TALLINN 2018\",\"description\":\"\",\"potentialAction\":[{\"@type\":\"SearchAction\",\"target\":{\"@type\":\"EntryPoint\",\"urlTemplate\":\"https:\/\/ectallinn2018.ee\/?s={search_term_string}\"},\"query-input\":\"required name=search_term_string\"}],\"inLanguage\":\"et\"}]}<\/script>\n<!-- \/ Yoast SEO plugin. -->","yoast_head_json":{"title":"Festivali T-s\u00e4rk - EUROPA CANTAT XX TALLINN 2018","robots":{"index":"index","follow":"follow","max-snippet":"max-snippet:-1","max-image-preview":"max-image-preview:large","max-video-preview":"max-video-preview:-1"},"canonical":"https:\/\/ectallinn2018.ee\/festival-t-shirts\/","og_locale":"et_EE","og_type":"article","og_title":"Festivali T-s\u00e4rk - EUROPA CANTAT XX TALLINN 2018","og_description":"Festivali t-s\u00e4rkide ettetellimine on l\u00f5ppenud!&nbsp; K\u00f5iki tooteid saab tellida e-maili teel&nbsp;&nbsp;merje.narbekov@fifaa.ee&nbsp;v\u00f5i&nbsp; helistades telefoninumbril&nbsp;50 62 683. Tellimisel olevate toodete tellimuse t\u00e4itmise...","og_url":"https:\/\/ectallinn2018.ee\/festival-t-shirts\/","og_site_name":"EUROPA CANTAT XX TALLINN 2018","article_modified_time":"2018-07-19T19:42:51+00:00","og_image":[{"url":"https:\/\/ectallinn2018.ee\/wp-content\/uploads\/2018\/05\/T-shirt-lime-300x225.jpg"}],"twitter_card":"summary_large_image","twitter_misc":{"Est. reading time":"1 minut"},"schema":{"@context":"https:\/\/schema.org","@graph":[{"@type":"WebPage","@id":"https:\/\/ectallinn2018.ee\/festival-t-shirts\/","url":"https:\/\/ectallinn2018.ee\/festival-t-shirts\/","name":"Festivali T-s\u00e4rk - EUROPA CANTAT XX TALLINN 2018","isPartOf":{"@id":"https:\/\/ectallinn2018.ee\/#website"},"primaryImageOfPage":{"@id":"https:\/\/ectallinn2018.ee\/festival-t-shirts\/#primaryimage"},"image":{"@id":"https:\/\/ectallinn2018.ee\/festival-t-shirts\/#primaryimage"},"thumbnailUrl":"https:\/\/ectallinn2018.ee\/wp-content\/uploads\/2018\/05\/T-shirt-lime-300x225.jpg","datePublished":"2018-05-10T15:00:18+00:00","dateModified":"2018-07-19T19:42:51+00:00","breadcrumb":{"@id":"https:\/\/ectallinn2018.ee\/festival-t-shirts\/#breadcrumb"},"inLanguage":"et","potentialAction":[{"@type":"ReadAction","target":["https:\/\/ectallinn2018.ee\/festival-t-shirts\/"]}]},{"@type":"ImageObject","inLanguage":"et","@id":"https:\/\/ectallinn2018.ee\/festival-t-shirts\/#primaryimage","url":"https:\/\/ectallinn2018.ee\/wp-content\/uploads\/2018\/05\/T-shirt-lime-300x225.jpg","contentUrl":"https:\/\/ectallinn2018.ee\/wp-content\/uploads\/2018\/05\/T-shirt-lime-300x225.jpg"},{"@type":"BreadcrumbList","@id":"https:\/\/ectallinn2018.ee\/festival-t-shirts\/#breadcrumb","itemListElement":[{"@type":"ListItem","position":1,"name":"Home","item":"https:\/\/ectallinn2018.ee\/et\/"},{"@type":"ListItem","position":2,"name":"Festivali T-s\u00e4rk"}]},{"@type":"WebSite","@id":"https:\/\/ectallinn2018.ee\/#website","url":"https:\/\/ectallinn2018.ee\/","name":"EUROPA CANTAT XX TALLINN 2018","description":"","potentialAction":[{"@type":"SearchAction","target":{"@type":"EntryPoint","urlTemplate":"https:\/\/ectallinn2018.ee\/?s={search_term_string}"},"query-input":"required name=search_term_string"}],"inLanguage":"et"}]}},"_links":{"self":[{"href":"https:\/\/ectallinn2018.ee\/et\/wp-json\/wp\/v2\/pages\/1022"}],"collection":[{"href":"https:\/\/ectallinn2018.ee\/et\/wp-json\/wp\/v2\/pages"}],"about":[{"href":"https:\/\/ectallinn2018.ee\/et\/wp-json\/wp\/v2\/types\/page"}],"author":[{"embeddable":true,"href":"https:\/\/ectallinn2018.ee\/et\/wp-json\/wp\/v2\/users\/1"}],"replies":[{"embeddable":true,"href":"https:\/\/ectallinn2018.ee\/et\/wp-json\/wp\/v2\/comments?post=1022"}],"version-history":[{"count":0,"href":"https:\/\/ectallinn2018.ee\/et\/wp-json\/wp\/v2\/pages\/1022\/revisions"}],"wp:attachment":[{"href":"https:\/\/ectallinn2018.ee\/et\/wp-json\/wp\/v2\/media?parent=1022"}],"curies":[{"name":"wp","href":"https:\/\/api.w.org\/{rel}","templated":true}]}}